    {"id":91,"date":"2025-08-18T19:54:06","date_gmt":"2025-08-18T19:54:06","guid":{"rendered":"https:\/\/flobquest.com\/?page_id=91"},"modified":"2025-11-24T20:44:10","modified_gmt":"2025-11-24T20:44:10","slug":"about-us","status":"publish","type":"page","link":"https:\/\/flobquest.com\/bs\/about-us\/","title":{"rendered":"O nama"},"content":{"rendered":"<h1 class=\"wp-block-heading\"><\/h1>\n\n\n\n<p><strong>Dobrodo\u0161li u FlobQuest<\/strong> \u2013 va\u0161e pouzdano sredi\u0161te za svje\u017ee uvide u poslovnu strategiju, tehnolo\u0161ke inovacije i marketin\u0161ke trendove. Bez obzira da li ste poduzetnik, profesionalac, osniva\u010d startupa ili jednostavno znati\u017eeljan o budu\u0107nosti poslovanja, FlobQuest je tu da vas vodi s jasno\u0107om i vizijom.<\/p>\n\n\n\n<h2 class=\"wp-block-heading\"><strong>\u0160ta nas pokre\u0107e<\/strong><\/h2>\n\n\n\n<p>U FlobQuestu vjerujemo da je znanje temelj rasta i transformacije. Na\u0161a misija je jednostavna: osna\u017eiti pojedince, lidere i preduze\u0107a pristupa\u010dnim, pouzdanim i naprednim sadr\u017eajem. Kroz detaljne \u010dlanke, strategije koje se mogu primijeniti, uvide vo\u0111ene performansama i analizu trendova, cilj nam je da slo\u017eeni svijet poslovnih inovacija i digitalne transformacije u\u010dinimo lak\u0161im za razumijevanje i primjenu.<\/p>\n\n\n\n<p>Posve\u0107eni smo tome da vam pomognemo da ostanete korak ispred - bilo da se radi o snala\u017eenju u novim marketin\u0161kim trendovima, ja\u010danju liderskih vje\u0161tina, pobolj\u0161anju operativnih performansi ili istra\u017eivanju brzog svijeta startupa i novih poduhvata. Na\u0161 cilj je pru\u017eiti sadr\u017eaj koji ne samo da informira, ve\u0107 i podr\u017eava bolje odluke, pametnije strategije i dugoro\u010dni utjecaj.<\/p>\n\n\n\n<h2 class=\"wp-block-heading\"><strong>Ko smo mi<\/strong><\/h2>\n\n\n\n<p>FlobQuest nije samo jo\u0161 jedan poslovni blog - to je rastu\u0107a zajednica mislilaca, inovatora, poduzetnika, lidera i cjelo\u017eivotnih u\u010denika. Na\u0161 sadr\u017eaj kreiraju pisci i profesionalci koji kombiniraju iskustvo iz stvarnog svijeta sa stra\u0161\u0107u za istra\u017eivanjem kako strategija, tehnologija, optimizacija performansi, marketing i startup kultura oblikuju sutra\u0161nje prilike.<\/p>\n\n\n\n<p>Od strate\u0161kog rasta i razvoja liderstva do revolucionarnih ideja, novih poslovnih modela i startup ekosistema u razvoju, pokrivamo klju\u010dne teme koje su danas va\u017ene i trendove koji \u0107e definirati uspjeh sutra. Vjerujemo u spajanje prakti\u010dnih smjernica sa smjelim razmi\u0161ljanjem kako bismo pomogli na\u0161im \u010ditateljima da izgrade ja\u010de poslovanje i samopouzdanije profesionalne puteve.<\/p>\n\n\n\n<h2 class=\"wp-block-heading\"><strong>Uklju\u010dite se<\/strong><\/h2>\n\n\n\n<p>Va\u0161 glas je va\u017ean. Imate li temu koju biste \u017eeljeli da istra\u017eimo? \u017delite li podijeliti svoja saznanja, lekcije o uspje\u0161nosti ili poslovno putovanje? Kontaktirajte nas - uvijek smo otvoreni za saradnju i razgovore s \u010ditateljima kojima je stalo do oblikovanja budu\u0107nosti poslovanja.<\/p>\n\n\n\n<p>Krenimo zajedno naprijed ka pametnijim strategijama, ja\u010dem liderstvu, revolucionarnim inovacijama i trajnom utjecaju.<\/p>","protected":false},"excerpt":{"rendered":"<p>Welcome to FlobQuest \u2013 your trusted hub for fresh insights into business strategy, technology innovation, and marketing trends. Whether you\u2019re an entrepreneur, a professional, a startup founder, or simply curious about the future of business, FlobQuest is here to guide you with clarity and vision. What drives us At FlobQuest, we believe that knowledge is [&hellip;]<\/p>","protected":false},"author":76,"featured_media":0,"parent":0,"menu_order":0,"comment_status":"closed","ping_status":"closed","template":"","meta":{"footnotes":""},"_links":{"self":[{"href":"https:\/\/flobquest.com\/bs\/wp-json\/wp\/v2\/pages\/91"}],"collection":[{"href":"https:\/\/flobquest.com\/bs\/wp-json\/wp\/v2\/pages"}],"about":[{"href":"https:\/\/flobquest.com\/bs\/wp-json\/wp\/v2\/types\/page"}],"author":[{"embeddable":true,"href":"https:\/\/flobquest.com\/bs\/wp-json\/wp\/v2\/users\/76"}],"replies":[{"embeddable":true,"href":"https:\/\/flobquest.com\/bs\/wp-json\/wp\/v2\/comments?post=91"}],"version-history":[{"count":2,"href":"https:\/\/flobquest.com\/bs\/wp-json\/wp\/v2\/pages\/91\/revisions"}],"predecessor-version":[{"id":600,"href":"https:\/\/flobquest.com\/bs\/wp-json\/wp\/v2\/pages\/91\/revisions\/600"}],"wp:attachment":[{"href":"https:\/\/flobquest.com\/bs\/wp-json\/wp\/v2\/media?parent=91"}],"curies":[{"name":"wp","href":"https:\/\/api.w.org\/{rel}","templated":true}]}}