    {"id":3,"date":"2025-06-17T16:15:15","date_gmt":"2025-06-17T16:15:15","guid":{"rendered":"http:\/\/flobquest.wordpress.activeview.io\/home\/"},"modified":"2025-06-17T16:15:15","modified_gmt":"2025-06-17T16:15:15","slug":"home","status":"publish","type":"page","link":"https:\/\/flobquest.com\/cs\/","title":{"rendered":"Domov"},"content":{"rendered":"<p>V\u00edtejte na va\u0161\u00ed nov\u00e9 domovsk\u00e9 str\u00e1nce.<\/p>","protected":false},"excerpt":{"rendered":"<p>V\u00edtejte na va\u0161\u00ed nov\u00e9 domovsk\u00e9 str\u00e1nce.<\/p>","protected":false},"author":1,"featured_media":0,"parent":0,"menu_order":0,"comment_status":"closed","ping_status":"closed","template":"page-home1.php","meta":{"footnotes":""},"_links":{"self":[{"href":"https:\/\/flobquest.com\/cs\/wp-json\/wp\/v2\/pages\/3"}],"collection":[{"href":"https:\/\/flobquest.com\/cs\/wp-json\/wp\/v2\/pages"}],"about":[{"href":"https:\/\/flobquest.com\/cs\/wp-json\/wp\/v2\/types\/page"}],"author":[{"embeddable":true,"href":"https:\/\/flobquest.com\/cs\/wp-json\/wp\/v2\/users\/1"}],"replies":[{"embeddable":true,"href":"https:\/\/flobquest.com\/cs\/wp-json\/wp\/v2\/comments?post=3"}],"version-history":[{"count":0,"href":"https:\/\/flobquest.com\/cs\/wp-json\/wp\/v2\/pages\/3\/revisions"}],"wp:attachment":[{"href":"https:\/\/flobquest.com\/cs\/wp-json\/wp\/v2\/media?parent=3"}],"curies":[{"name":"wp","href":"https:\/\/api.w.org\/{rel}","templated":true}]}}