    {"id":91,"date":"2025-08-18T19:54:06","date_gmt":"2025-08-18T19:54:06","guid":{"rendered":"https:\/\/flobquest.com\/?page_id=91"},"modified":"2025-11-24T20:44:10","modified_gmt":"2025-11-24T20:44:10","slug":"about-us","status":"publish","type":"page","link":"https:\/\/flobquest.com\/cs\/about-us\/","title":{"rendered":"O n\u00e1s"},"content":{"rendered":"<h1 class=\"wp-block-heading\"><\/h1>\n\n\n\n<p><strong>V\u00edtejte na FlobQuestu<\/strong> \u2013 va\u0161e d\u016fv\u011bryhodn\u00e9 centrum pro nejnov\u011bj\u0161\u00ed poznatky z oblasti obchodn\u00ed strategie, technologick\u00fdch inovac\u00ed a marketingov\u00fdch trend\u016f. A\u0165 u\u017e jste podnikatel, profesion\u00e1l, zakladatel startupu nebo se prost\u011b jen zaj\u00edm\u00e1te o budoucnost podnik\u00e1n\u00ed, FlobQuest je tu, aby v\u00e1s provedl srozumiteln\u011b a s viz\u00ed.<\/p>\n\n\n\n<h2 class=\"wp-block-heading\"><strong>Co n\u00e1s \u017eene vp\u0159ed<\/strong><\/h2>\n\n\n\n<p>Ve FlobQuestu v\u011b\u0159\u00edme, \u017ee znalosti jsou z\u00e1kladem r\u016fstu a transformace. Na\u0161e posl\u00e1n\u00ed je jednoduch\u00e9: pos\u00edlit jednotlivce, l\u00eddry a firmy p\u0159\u00edstupn\u00fdm, spolehliv\u00fdm a progresivn\u00edm obsahem. Prost\u0159ednictv\u00edm hloubkov\u00fdch \u010dl\u00e1nk\u016f, praktick\u00fdch strategi\u00ed, poznatk\u016f zam\u011b\u0159en\u00fdch na v\u00fdkon a anal\u00fdzy trend\u016f se sna\u017e\u00edme usnadnit pochopen\u00ed a aplikaci komplexn\u00edho sv\u011bta obchodn\u00edch inovac\u00ed a digit\u00e1ln\u00ed transformace.<\/p>\n\n\n\n<p>Jsme odhodl\u00e1ni v\u00e1m pom\u00e1hat udr\u017eet si n\u00e1skok \u2013 a\u0165 u\u017e se jedn\u00e1 o orientaci v nov\u00fdch marketingov\u00fdch trendech, posilov\u00e1n\u00ed v\u016fd\u010d\u00edch schopnost\u00ed, zlep\u0161ov\u00e1n\u00ed provozn\u00ed v\u00fdkonnosti nebo prozkoum\u00e1v\u00e1n\u00ed rychle se m\u011bn\u00edc\u00edho sv\u011bta startup\u016f a nov\u00fdch podnik\u016f. Na\u0161\u00edm c\u00edlem je poskytovat obsah, kter\u00fd nejen informuje, ale tak\u00e9 podporuje lep\u0161\u00ed rozhodnut\u00ed, chyt\u0159ej\u0161\u00ed strategie a dlouhodob\u00fd dopad.<\/p>\n\n\n\n<h2 class=\"wp-block-heading\"><strong>Kdo jsme<\/strong><\/h2>\n\n\n\n<p>FlobQuest nen\u00ed jen dal\u0161\u00ed obchodn\u00ed blog \u2013 je to rostouc\u00ed komunita myslitel\u016f, inov\u00e1tor\u016f, podnikatel\u016f, l\u00eddr\u016f a lid\u00ed, kte\u0159\u00ed se cht\u011bj\u00ed u\u010dit cel\u00fd \u017eivot. N\u00e1\u0161 obsah tvo\u0159\u00ed auto\u0159i a profesion\u00e1lov\u00e9, kte\u0159\u00ed kombinuj\u00ed zku\u0161enosti z re\u00e1ln\u00e9ho sv\u011bta s v\u00e1\u0161n\u00ed pro zkoum\u00e1n\u00ed toho, jak strategie, technologie, optimalizace v\u00fdkonu, marketing a kultura startup\u016f utv\u00e1\u0159ej\u00ed z\u00edt\u0159ej\u0161\u00ed p\u0159\u00edle\u017eitosti.<\/p>\n\n\n\n<p>Od strategick\u00e9ho r\u016fstu a rozvoje leadershipu a\u017e po pr\u016flomov\u00e9 n\u00e1pady, nov\u00e9 obchodn\u00ed modely a vyv\u00edjej\u00edc\u00ed se ekosyst\u00e9m startup\u016f \u2013 pokr\u00fdv\u00e1me kl\u00ed\u010dov\u00e1 t\u00e9mata, kter\u00e1 jsou dnes d\u016fle\u017eit\u00e1, a trendy, kter\u00e9 budou definovat \u00fasp\u011bch z\u00edt\u0159ka. V\u011b\u0159\u00edme v propojen\u00ed praktick\u00fdch rad s odv\u00e1\u017en\u00fdm my\u0161len\u00edm, abychom na\u0161im \u010dten\u00e1\u0159\u016fm pomohli budovat siln\u011bj\u0161\u00ed firmy a sebev\u011bdom\u011bj\u0161\u00ed profesn\u00ed dr\u00e1hu.<\/p>\n\n\n\n<h2 class=\"wp-block-heading\"><strong>Zapojte se<\/strong><\/h2>\n\n\n\n<p>Na va\u0161em hlase z\u00e1le\u017e\u00ed. M\u00e1te t\u00e9ma, kter\u00e9 byste s n\u00e1mi r\u00e1di prozkoumali? Chcete se s n\u00e1mi pod\u011blit o sv\u00e9 post\u0159ehy, poznatky z praxe nebo o svou obchodn\u00ed cestu? Kontaktujte n\u00e1s \u2013 jsme v\u017edy otev\u0159eni spolupr\u00e1ci a rozhovor\u016fm s \u010dten\u00e1\u0159i, kter\u00fdm z\u00e1le\u017e\u00ed na utv\u00e1\u0159en\u00ed budoucnosti podnik\u00e1n\u00ed.<\/p>\n\n\n\n<p>Poj\u010fme spole\u010dn\u011b pokro\u010dit k chyt\u0159ej\u0161\u00edm strategi\u00edm, siln\u011bj\u0161\u00edmu veden\u00ed, pr\u016flomov\u00fdm inovac\u00edm a trval\u00e9mu dopadu.<\/p>","protected":false},"excerpt":{"rendered":"<p>Welcome to FlobQuest \u2013 your trusted hub for fresh insights into business strategy, technology innovation, and marketing trends. Whether you\u2019re an entrepreneur, a professional, a startup founder, or simply curious about the future of business, FlobQuest is here to guide you with clarity and vision. What drives us At FlobQuest, we believe that knowledge is [&hellip;]<\/p>","protected":false},"author":76,"featured_media":0,"parent":0,"menu_order":0,"comment_status":"closed","ping_status":"closed","template":"","meta":{"footnotes":""},"_links":{"self":[{"href":"https:\/\/flobquest.com\/cs\/wp-json\/wp\/v2\/pages\/91"}],"collection":[{"href":"https:\/\/flobquest.com\/cs\/wp-json\/wp\/v2\/pages"}],"about":[{"href":"https:\/\/flobquest.com\/cs\/wp-json\/wp\/v2\/types\/page"}],"author":[{"embeddable":true,"href":"https:\/\/flobquest.com\/cs\/wp-json\/wp\/v2\/users\/76"}],"replies":[{"embeddable":true,"href":"https:\/\/flobquest.com\/cs\/wp-json\/wp\/v2\/comments?post=91"}],"version-history":[{"count":2,"href":"https:\/\/flobquest.com\/cs\/wp-json\/wp\/v2\/pages\/91\/revisions"}],"predecessor-version":[{"id":600,"href":"https:\/\/flobquest.com\/cs\/wp-json\/wp\/v2\/pages\/91\/revisions\/600"}],"wp:attachment":[{"href":"https:\/\/flobquest.com\/cs\/wp-json\/wp\/v2\/media?parent=91"}],"curies":[{"name":"wp","href":"https:\/\/api.w.org\/{rel}","templated":true}]}}