    {"id":93,"date":"2025-08-18T19:54:53","date_gmt":"2025-08-18T19:54:53","guid":{"rendered":"https:\/\/flobquest.com\/?page_id=93"},"modified":"2025-11-24T20:36:21","modified_gmt":"2025-11-24T20:36:21","slug":"contact","status":"publish","type":"page","link":"https:\/\/flobquest.com\/cs\/contact\/","title":{"rendered":"Kontakt"},"content":{"rendered":"<p>D\u011bkujeme za n\u00e1v\u0161t\u011bvu <strong>FlobQuest<\/strong>, va\u0161e centrum pro poznatky o obchodn\u00ed strategii, technologick\u00fdch inovac\u00edch a marketingov\u00fdch trendech. A\u0165 u\u017e jste zde, abyste prozkoumali nov\u00e9 n\u00e1pady, zdokonalili sv\u00e9 strategie nebo se udr\u017eeli p\u0159ed vznikaj\u00edc\u00edmi obchodn\u00edmi zm\u011bnami, jsme r\u00e1di, \u017ee jste se zastavili, a r\u00e1di bychom sly\u0161eli v\u00e1\u0161 n\u00e1zor.<\/p>\n\n\n\n<h2 class=\"wp-block-heading\">Obecn\u00e9 dotazy<\/h2>\n\n\n\n<p>M\u00e1te dotaz ohledn\u011b FlobQuestu nebo se chcete jednodu\u0161e spojit s na\u0161\u00edm t\u00fdmem? Napi\u0161te n\u00e1m zpr\u00e1vu na adresu:<br>\ud83d\udce7 <strong>kontakt@flobquest.com<\/strong><br>Jsme tu, abychom v\u00e1s propojili, objasnili a podpo\u0159ili na va\u0161\u00ed cest\u011b k chyt\u0159ej\u0161\u00edmu podnik\u00e1n\u00ed a inovac\u00edm.<\/p>\n\n\n\n<h2 class=\"wp-block-heading\">Obsah a spolupr\u00e1ce<\/h2>\n\n\n\n<p>Chcete navrhnout t\u00e9ma, okomentovat \u010dl\u00e1nek nebo p\u0159isp\u011bt sv\u00fdmi odborn\u00fdmi znalostmi v oblasti obchodu, technologi\u00ed \u010di marketingu? Kontaktujte n\u00e1s na adrese:<br>\ud83d\udce7 <strong>kontakt@flobquest.com<\/strong><br>V\u00edt\u00e1me nov\u00e9 pohledy a r\u00e1di spolupracujeme s profesion\u00e1ly, spisovateli a inov\u00e1tory, kte\u0159\u00ed sd\u00edlej\u00ed na\u0161i vizi.<\/p>\n\n\n\n<h2 class=\"wp-block-heading\">Technick\u00e1 pomoc<\/h2>\n\n\n\n<p>Pokud naraz\u00edte na jak\u00e9koli probl\u00e9my p\u0159i prohl\u00ed\u017een\u00ed FlobQuestu nebo p\u0159\u00edstupu k na\u0161emu obsahu, n\u00e1\u0161 t\u00fdm podpory je p\u0159ipraven v\u00e1m pomoci. Napi\u0161te n\u00e1m na adresu:<br>\ud83d\udce7 <strong>kontakt@flobquest.com<\/strong><br>Ud\u011bl\u00e1me v\u0161e pro to, aby pro v\u00e1s v\u0161e prob\u00edhalo hladce.<\/p>\n\n\n\n<h2 class=\"wp-block-heading\">V\u017edy p\u0159ipojeni<\/h2>\n\n\n\n<p>FlobQuest je <strong>platforma zam\u011b\u0159en\u00e1 na digit\u00e1ln\u00ed technologie<\/strong> vytvo\u0159eno pro podnikatele, profesion\u00e1ly a zv\u00eddav\u00e9 mysli po cel\u00e9m sv\u011bt\u011b. I kdy\u017e mo\u017en\u00e1 nem\u00e1me fyzickou kancel\u00e1\u0159, jsme neust\u00e1le online \u2013 naslouch\u00e1me, u\u010d\u00edme se a rosteme s na\u0161\u00ed komunitou.<\/p>\n\n\n\n<p>Je\u0161t\u011b jednou d\u011bkuji, \u017ee jste sou\u010d\u00e1st\u00ed <strong>Komunita FlobQuestu<\/strong>Va\u0161e zp\u011btn\u00e1 vazba a n\u00e1pady jsou pro n\u00e1s motorem v\u0161eho, co d\u011bl\u00e1me.<\/p>\n\n\n\n<p>S pozdravem,<br><strong>T\u00fdm FlobQuestu<\/strong><\/p>","protected":false},"excerpt":{"rendered":"<p>Thank you for visiting FlobQuest, your hub for insights on business strategy, technology innovation, and marketing trends. Whether you\u2019re here to explore new ideas, sharpen your strategies, or stay ahead of emerging business shifts, we\u2019re glad you stopped by and we\u2019d love to hear from you. General Inquiries Have a question about FlobQuest or simply [&hellip;]<\/p>","protected":false},"author":76,"featured_media":0,"parent":0,"menu_order":0,"comment_status":"closed","ping_status":"closed","template":"","meta":{"footnotes":""},"_links":{"self":[{"href":"https:\/\/flobquest.com\/cs\/wp-json\/wp\/v2\/pages\/93"}],"collection":[{"href":"https:\/\/flobquest.com\/cs\/wp-json\/wp\/v2\/pages"}],"about":[{"href":"https:\/\/flobquest.com\/cs\/wp-json\/wp\/v2\/types\/page"}],"author":[{"embeddable":true,"href":"https:\/\/flobquest.com\/cs\/wp-json\/wp\/v2\/users\/76"}],"replies":[{"embeddable":true,"href":"https:\/\/flobquest.com\/cs\/wp-json\/wp\/v2\/comments?post=93"}],"version-history":[{"count":2,"href":"https:\/\/flobquest.com\/cs\/wp-json\/wp\/v2\/pages\/93\/revisions"}],"predecessor-version":[{"id":599,"href":"https:\/\/flobquest.com\/cs\/wp-json\/wp\/v2\/pages\/93\/revisions\/599"}],"wp:attachment":[{"href":"https:\/\/flobquest.com\/cs\/wp-json\/wp\/v2\/media?parent=93"}],"curies":[{"name":"wp","href":"https:\/\/api.w.org\/{rel}","templated":true}]}}