    {"id":95,"date":"2025-08-18T19:56:14","date_gmt":"2025-08-18T19:56:14","guid":{"rendered":"https:\/\/flobquest.com\/?page_id=95"},"modified":"2025-10-21T18:31:11","modified_gmt":"2025-10-21T18:31:11","slug":"privacy-policy","status":"publish","type":"page","link":"https:\/\/flobquest.com\/cs\/privacy-policy\/","title":{"rendered":"Z\u00e1sady ochrany osobn\u00edch \u00fadaj\u016f"},"content":{"rendered":"<h2 class=\"wp-block-heading\"><\/h2>\n\n\n\n<p>Va\u0161e soukrom\u00ed je pro n\u00e1s d\u016fle\u017eit\u00e9. Je&nbsp;<strong>flobquest<\/strong>&nbsp;z\u00e1sady respektov\u00e1n\u00ed va\u0161eho soukrom\u00ed ohledn\u011b ve\u0161ker\u00fdch informac\u00ed, kter\u00e9 od v\u00e1s m\u016f\u017eeme shroma\u017e\u010fovat na na\u0161ich webov\u00fdch str\u00e1nk\u00e1ch,&nbsp;<a href=\"https:\/\/flobquest.com\/cs\/\">flobquest<\/a>a dal\u0161\u00ed weby, kter\u00e9 vlastn\u00edme a provozujeme.<\/p>\n\n\n\n<p>Osobn\u00ed \u00fadaje po\u017eadujeme pouze tehdy, kdy\u017e je skute\u010dn\u011b pot\u0159ebujeme k poskytnut\u00ed slu\u017eby. Shroma\u017e\u010fujeme je spravedliv\u00fdmi a z\u00e1konn\u00fdmi prost\u0159edky s va\u0161\u00edm v\u011bdom\u00edm a souhlasem. Tak\u00e9 v\u00e1s informujeme, pro\u010d je shroma\u017e\u010fujeme a jak budou pou\u017eity.<\/p>\n\n\n\n<p>Shrom\u00e1\u017ed\u011bn\u00e9 informace uchov\u00e1v\u00e1me pouze po dobu nezbytn\u011b nutnou k poskytnut\u00ed po\u017eadovan\u00e9 slu\u017eby. Uchov\u00e1van\u00e9 \u00fadaje budeme chr\u00e1nit komer\u010dn\u011b p\u0159ijateln\u00fdmi prost\u0159edky, abychom zabr\u00e1nili jejich ztr\u00e1t\u011b a kr\u00e1de\u017ei, jako\u017e i neopr\u00e1vn\u011bn\u00e9mu p\u0159\u00edstupu, zve\u0159ejn\u011bn\u00ed, kop\u00edrov\u00e1n\u00ed, pou\u017eit\u00ed nebo \u00faprav\u011b.<\/p>\n\n\n\n<p>Nesd\u00edl\u00edme \u017e\u00e1dn\u00e9 osobn\u00ed \u00fadaje ve\u0159ejn\u011b ani s t\u0159et\u00edmi stranami, s v\u00fdjimkou p\u0159\u00edpad\u016f, kdy to vy\u017eaduje z\u00e1kon.<\/p>\n\n\n\n<p>Na\u0161e webov\u00e9 str\u00e1nky mohou odkazovat na extern\u00ed str\u00e1nky, kter\u00e9 neprovozujeme. Upozor\u0148ujeme, \u017ee nem\u00e1me \u017e\u00e1dnou kontrolu nad obsahem a postupy t\u011bchto str\u00e1nek a nem\u016f\u017eeme n\u00e9st odpov\u011bdnost za jejich p\u0159\u00edslu\u0161n\u00e9 z\u00e1sady ochrany osobn\u00edch \u00fadaj\u016f.<\/p>\n\n\n\n<p>\u017d\u00e1dost o va\u0161e osobn\u00ed \u00fadaje m\u016f\u017eete odm\u00edtnout s t\u00edm, \u017ee v\u00e1m mo\u017en\u00e1 nebudeme moci poskytnout n\u011bkter\u00e9 z v\u00e1mi po\u017eadovan\u00fdch slu\u017eeb.<\/p>\n\n\n\n<p>Va\u0161e dal\u0161\u00ed pou\u017e\u00edv\u00e1n\u00ed na\u0161ich webov\u00fdch str\u00e1nek bude pova\u017eov\u00e1no za souhlas s na\u0161imi postupy t\u00fdkaj\u00edc\u00edmi se ochrany osobn\u00edch \u00fadaj\u016f a osobn\u00edch \u00fadaj\u016f. M\u00e1te-li jak\u00e9koli dotazy ohledn\u011b toho, jak nakl\u00e1d\u00e1me s u\u017eivatelsk\u00fdmi \u00fadaji a osobn\u00edmi \u00fadaji, nev\u00e1hejte n\u00e1s kontaktovat.<\/p>\n\n\n\n<h2 class=\"wp-block-heading\"><strong>Z\u00e1sady pou\u017e\u00edv\u00e1n\u00ed soubor\u016f cookie<\/strong>&nbsp;pro&nbsp;<strong>flobquest<\/strong><\/h2>\n\n\n\n<p>Toto jsou Z\u00e1sady pou\u017e\u00edv\u00e1n\u00ed soubor\u016f cookie pro&nbsp;<strong>flobquest<\/strong>, p\u0159\u00edstupn\u00e9 z URL<\/p>\n\n\n\n<h3 class=\"wp-block-heading\">Co jsou soubory cookie<\/h3>\n\n\n\n<p>Jak je b\u011b\u017enou prax\u00ed u t\u00e9m\u011b\u0159 v\u0161ech profesion\u00e1ln\u00edch webov\u00fdch str\u00e1nek, i tyto str\u00e1nky pou\u017e\u00edvaj\u00ed soubory cookie, co\u017e jsou mal\u00e9 soubory, kter\u00e9 se stahuj\u00ed do va\u0161eho po\u010d\u00edta\u010de, aby se zlep\u0161il v\u00e1\u0161 z\u00e1\u017eitek. Tato str\u00e1nka popisuje, jak\u00e9 informace shroma\u017e\u010fuj\u00ed, jak je pou\u017e\u00edv\u00e1me a pro\u010d n\u011bkdy pot\u0159ebujeme tyto soubory cookie ukl\u00e1dat. Tak\u00e9 se pod\u011bl\u00edme o to, jak m\u016f\u017eete ukl\u00e1d\u00e1n\u00ed t\u011bchto soubor\u016f cookie zabr\u00e1nit, nicm\u00e9n\u011b to m\u016f\u017ee sn\u00ed\u017eit nebo \u201enaru\u0161it\u201c funk\u010dnost ur\u010dit\u00fdch prvk\u016f str\u00e1nek.<\/p>\n\n\n\n<h3 class=\"wp-block-heading\">Jak pou\u017e\u00edv\u00e1me soubory cookie<\/h3>\n\n\n\n<p>Soubory cookie pou\u017e\u00edv\u00e1me z r\u016fzn\u00fdch d\u016fvod\u016f, kter\u00e9 jsou podrobn\u011bji pops\u00e1ny n\u00ed\u017ee. Bohu\u017eel ve v\u011bt\u0161in\u011b p\u0159\u00edpad\u016f neexistuj\u00ed \u017e\u00e1dn\u00e9 standardn\u00ed mo\u017enosti pro zak\u00e1z\u00e1n\u00ed soubor\u016f cookie bez \u00fapln\u00e9ho zak\u00e1z\u00e1n\u00ed funkc\u00ed a vlastnost\u00ed, kter\u00e9 na tento web p\u0159id\u00e1vaj\u00ed. Doporu\u010duje se ponechat v\u0161echny soubory cookie zapnut\u00e9, pokud si nejste jisti, zda je pot\u0159ebujete, \u010di nikoli, v p\u0159\u00edpad\u011b, \u017ee se pou\u017e\u00edvaj\u00ed k poskytov\u00e1n\u00ed slu\u017eby, kterou pou\u017e\u00edv\u00e1te.<\/p>\n\n\n\n<h3 class=\"wp-block-heading\">Zak\u00e1z\u00e1n\u00ed soubor\u016f cookie<\/h3>\n\n\n\n<p>Nastaven\u00ed soubor\u016f cookie m\u016f\u017eete zabr\u00e1nit \u00fapravou nastaven\u00ed ve va\u0161em prohl\u00ed\u017ee\u010di (postup naleznete v n\u00e1pov\u011bd\u011b k va\u0161emu prohl\u00ed\u017ee\u010di). Upozor\u0148ujeme, \u017ee zak\u00e1z\u00e1n\u00ed soubor\u016f cookie ovlivn\u00ed funk\u010dnost tohoto a mnoha dal\u0161\u00edch webov\u00fdch str\u00e1nek, kter\u00e9 nav\u0161t\u011bvujete. Zak\u00e1z\u00e1n\u00ed soubor\u016f cookie obvykle vede tak\u00e9 k zak\u00e1z\u00e1n\u00ed ur\u010dit\u00fdch funkc\u00ed a vlastnost\u00ed tohoto webu. Proto se doporu\u010duje soubory cookie nezakazovat.<\/p>\n\n\n\n<h3 class=\"wp-block-heading\">Soubory cookie, kter\u00e9 nastavujeme<\/h3>\n\n\n\n<ul>\n<li>Soubory cookie souvisej\u00edc\u00ed s \u00fa\u010dtem<br>Pokud si u n\u00e1s vytvo\u0159\u00edte \u00fa\u010det, budeme pro spr\u00e1vu registra\u010dn\u00edho procesu a obecnou administraci pou\u017e\u00edvat soubory cookie. Tyto soubory cookie se obvykle sma\u017eou po va\u0161em odhl\u00e1\u0161en\u00ed, v n\u011bkter\u00fdch p\u0159\u00edpadech v\u0161ak mohou z\u016fstat i po odhl\u00e1\u0161en\u00ed, aby si pamatovaly va\u0161e preference webu.<\/li>\n\n\n\n<li>Soubory cookie souvisej\u00edc\u00ed s p\u0159ihl\u00e1\u0161en\u00edm<br>Pou\u017e\u00edv\u00e1me soubory cookie, kdy\u017e jste p\u0159ihl\u00e1\u0161eni, abychom si tuto skute\u010dnost zapamatovali. D\u00edky tomu se nemus\u00edte p\u0159ihla\u0161ovat poka\u017ed\u00e9, kdy\u017e nav\u0161t\u00edv\u00edte novou str\u00e1nku. Tyto soubory cookie se obvykle odstran\u00ed nebo vyma\u017eou, kdy\u017e se odhl\u00e1s\u00edte, aby bylo zaji\u0161t\u011bno, \u017ee po p\u0159ihl\u00e1\u0161en\u00ed budete m\u00edt p\u0159\u00edstup pouze k omezen\u00fdm funkc\u00edm a oblastem.<\/li>\n\n\n\n<li>Soubory cookie souvisej\u00edc\u00ed s e-mailov\u00fdmi newslettery<br><br>Tato str\u00e1nka nab\u00edz\u00ed slu\u017eby odb\u011bru newsletter\u016f nebo e-mail\u016f a soubory cookie mohou b\u00fdt pou\u017eity k zapamatov\u00e1n\u00ed si, zda jste ji\u017e registrov\u00e1ni a zda se maj\u00ed zobrazovat ur\u010dit\u00e1 ozn\u00e1men\u00ed, kter\u00e1 mohou b\u00fdt platn\u00e1 pouze pro p\u0159ihl\u00e1\u0161en\u00e9\/nep\u0159ihl\u00e1\u0161en\u00e9 u\u017eivatele.<\/li>\n\n\n\n<li>Soubory cookie souvisej\u00edc\u00ed se zpracov\u00e1n\u00edm objedn\u00e1vek<br>Tyto str\u00e1nky nab\u00edzej\u00ed elektronick\u00e9 obchodov\u00e1n\u00ed nebo platebn\u00ed mo\u017enosti a n\u011bkter\u00e9 soubory cookie jsou nezbytn\u00e9 k zaji\u0161t\u011bn\u00ed toho, aby se va\u0161e objedn\u00e1vka mezi str\u00e1nkami ulo\u017eila, abychom ji mohli spr\u00e1vn\u011b zpracovat.<\/li>\n\n\n\n<li>Soubory cookie souvisej\u00edc\u00ed s pr\u016fzkumy<br>\u010cas od \u010dasu nab\u00edz\u00edme u\u017eivatelsk\u00e9 pr\u016fzkumy a dotazn\u00edky, kter\u00e9 v\u00e1m poskytnou zaj\u00edmav\u00e9 informace, u\u017eite\u010dn\u00e9 n\u00e1stroje nebo v\u00e1m pomohou p\u0159esn\u011bji porozum\u011bt na\u0161\u00ed u\u017eivatelsk\u00e9 z\u00e1kladn\u011b. Tyto pr\u016fzkumy mohou pou\u017e\u00edvat soubory cookie k zapamatov\u00e1n\u00ed si, kdo se ji\u017e pr\u016fzkumu z\u00fa\u010dastnil, nebo k poskytnut\u00ed p\u0159esn\u00fdch v\u00fdsledk\u016f po zm\u011bn\u011b str\u00e1nek.<\/li>\n\n\n\n<li>Soubory cookie souvisej\u00edc\u00ed s formul\u00e1\u0159i<br>Kdy\u017e odes\u00edl\u00e1te data prost\u0159ednictv\u00edm formul\u00e1\u0159e, jako jsou ty, kter\u00e9 najdete na kontaktn\u00edch str\u00e1nk\u00e1ch nebo ve formul\u00e1\u0159\u00edch pro koment\u00e1\u0159e, mohou b\u00fdt nastaveny soubory cookie, kter\u00e9 si pamatuj\u00ed va\u0161e u\u017eivatelsk\u00e9 \u00fadaje pro budouc\u00ed korespondenci.<\/li>\n\n\n\n<li>Soubory cookie preferenc\u00ed webu<br>Abychom v\u00e1m poskytli co nejlep\u0161\u00ed u\u017eivatelsk\u00fd z\u00e1\u017eitek z pou\u017e\u00edv\u00e1n\u00ed t\u011bchto str\u00e1nek, nab\u00edz\u00edme v\u00e1m funkci nastaven\u00ed preferenc\u00ed pro fungov\u00e1n\u00ed t\u011bchto str\u00e1nek p\u0159i jejich pou\u017e\u00edv\u00e1n\u00ed. Abychom si va\u0161e preference zapamatovali, pot\u0159ebujeme nastavit soubory cookie, kter\u00e9 n\u00e1m umo\u017en\u00ed tyto informace vyvolat p\u0159i ka\u017ed\u00e9 interakci se str\u00e1nkou ovlivn\u011bnou va\u0161imi preferencemi.<\/li>\n<\/ul>\n\n\n\n<h3 class=\"wp-block-heading\">Soubory cookie t\u0159et\u00edch stran<\/h3>\n\n\n\n<p>V n\u011bkter\u00fdch zvl\u00e1\u0161tn\u00edch p\u0159\u00edpadech pou\u017e\u00edv\u00e1me tak\u00e9 soubory cookie poskytovan\u00e9 d\u016fv\u011bryhodn\u00fdmi t\u0159et\u00edmi stranami. N\u00e1sleduj\u00edc\u00ed \u010d\u00e1st podrobn\u011b popisuje, se kter\u00fdmi soubory cookie t\u0159et\u00edch stran se m\u016f\u017eete na t\u011bchto str\u00e1nk\u00e1ch setkat.<\/p>\n\n\n\n<ul>\n<li>Tyto str\u00e1nky pou\u017e\u00edvaj\u00ed Google Analytics, jedno z nejroz\u0161\u00ed\u0159en\u011bj\u0161\u00edch a nejd\u016fv\u011bryhodn\u011bj\u0161\u00edch analytick\u00fdch \u0159e\u0161en\u00ed na webu, kter\u00e9 n\u00e1m pom\u00e1h\u00e1 pochopit, jak str\u00e1nky pou\u017e\u00edv\u00e1te, a jak m\u016f\u017eeme zlep\u0161it v\u00e1\u0161 z\u00e1\u017eitek. Tyto soubory cookie mohou sledovat nap\u0159\u00edklad dobu, kterou na str\u00e1nk\u00e1ch tr\u00e1v\u00edte, a str\u00e1nky, kter\u00e9 nav\u0161t\u011bvujete, abychom v\u00e1m mohli i nad\u00e1le vytv\u00e1\u0159et poutav\u00fd obsah. Dal\u0161\u00ed informace o souborech cookie Google Analytics naleznete na ofici\u00e1ln\u00ed str\u00e1nce Google Analytics.<\/li>\n\n\n\n<li>Analytick\u00e9 n\u00e1stroje t\u0159et\u00edch stran slou\u017e\u00ed ke sledov\u00e1n\u00ed a m\u011b\u0159en\u00ed pou\u017e\u00edv\u00e1n\u00ed t\u011bchto str\u00e1nek, abychom mohli i nad\u00e1le vytv\u00e1\u0159et poutav\u00fd obsah. Tyto soubory cookie mohou sledovat nap\u0159\u00edklad dobu, kterou na str\u00e1nk\u00e1ch tr\u00e1v\u00edte, nebo str\u00e1nky, kter\u00e9 nav\u0161t\u011bvujete, co\u017e n\u00e1m pom\u00e1h\u00e1 pochopit, jak pro v\u00e1s m\u016f\u017eeme str\u00e1nky vylep\u0161it.<\/li>\n\n\n\n<li>\u010cas od \u010dasu testujeme nov\u00e9 funkce a prov\u00e1d\u00edme drobn\u00e9 zm\u011bny ve zp\u016fsobu, jak\u00fdm jsou str\u00e1nky poskytov\u00e1ny. I kdy\u017e st\u00e1le testujeme nov\u00e9 funkce, mohou b\u00fdt tyto soubory cookie pou\u017eity k zaji\u0161t\u011bn\u00ed konzistentn\u00edho z\u00e1\u017eitku na str\u00e1nk\u00e1ch a z\u00e1rove\u0148 k pochopen\u00ed, kter\u00e9 optimalizace na\u0161i u\u017eivatel\u00e9 oce\u0148uj\u00ed nejv\u00edce.<\/li>\n\n\n\n<li>Proto\u017ee prod\u00e1v\u00e1me produkty, je pro n\u00e1s d\u016fle\u017eit\u00e9 rozum\u011bt statistik\u00e1m o tom, kolik n\u00e1v\u0161t\u011bvn\u00edk\u016f na\u0161ich str\u00e1nek skute\u010dn\u011b provede n\u00e1kup, a proto jsou to data, kter\u00e1 tyto soubory cookie sleduj\u00ed. To je pro v\u00e1s d\u016fle\u017eit\u00e9, proto\u017ee n\u00e1m to umo\u017e\u0148uje p\u0159esn\u011b vytv\u00e1\u0159et obchodn\u00ed p\u0159edpov\u011bdi, kter\u00e9 n\u00e1m umo\u017e\u0148uj\u00ed sledovat na\u0161e n\u00e1klady na reklamu a produkty a zajistit tak nejlep\u0161\u00ed mo\u017enou cenu.<\/li>\n\n\n\n<li>Na tomto webu tak\u00e9 pou\u017e\u00edv\u00e1me tla\u010d\u00edtka a\/nebo pluginy soci\u00e1ln\u00edch m\u00e9di\u00ed, kter\u00e9 v\u00e1m umo\u017e\u0148uj\u00ed r\u016fzn\u00fdmi zp\u016fsoby se spojit s va\u0161\u00ed soci\u00e1ln\u00ed s\u00edt\u00ed. Aby tyto pluginy fungovaly, n\u00e1sleduj\u00edc\u00ed soci\u00e1ln\u00ed m\u00e9dia, v\u010detn\u011b; , nastav\u00ed prost\u0159ednictv\u00edm na\u0161ich str\u00e1nek soubory cookie, kter\u00e9 mohou b\u00fdt pou\u017eity k vylep\u0161en\u00ed va\u0161eho profilu na jejich webu nebo k p\u0159isp\u00edv\u00e1n\u00ed k dat\u016fm, kter\u00e1 uchov\u00e1vaj\u00ed, pro r\u016fzn\u00e9 \u00fa\u010dely uveden\u00e9 v jejich p\u0159\u00edslu\u0161n\u00fdch z\u00e1sad\u00e1ch ochrany osobn\u00edch \u00fadaj\u016f.<\/li>\n<\/ul>\n\n\n\n<h3 class=\"wp-block-heading\">Reklama (Google AdSense) a va\u0161e mo\u017enosti<\/h3>\n\n\n\n<p>Tyto str\u00e1nky pou\u017e\u00edvaj\u00ed k zobrazov\u00e1n\u00ed reklam slu\u017ebu Google AdSense. Spole\u010dnost Google a jej\u00ed partne\u0159i mohou pou\u017e\u00edvat soubory cookie nebo jin\u00e9 technologie k zobrazov\u00e1n\u00ed, m\u011b\u0159en\u00ed a personalizaci reklam na z\u00e1klad\u011b va\u0161ich n\u00e1v\u0161t\u011bv t\u011bchto a dal\u0161\u00edch webov\u00fdch str\u00e1nek.<\/p>\n\n\n\n<p>Chcete-li se dozv\u011bd\u011bt, jak Google pou\u017e\u00edv\u00e1 data z web\u016f a aplikac\u00ed, kter\u00e9 vyu\u017e\u00edvaj\u00ed jeho slu\u017eby, nav\u0161tivte:<br><a href=\"https:\/\/policies.google.com\/technologies\/partner-sites\">https:\/\/policies.google.com\/technologies\/partner-sites<\/a><\/p>\n\n\n\n<p><strong>Odhl\u00e1\u0161en\u00ed z personalizovan\u00fdch reklam:<\/strong><br>Z personalizovan\u00e9 reklamy od Googlu se m\u016f\u017eete odhl\u00e1sit na <strong><a href=\"https:\/\/adssettings.google.com\/\">Nastaven\u00ed reklam (Moje reklamn\u00ed centrum)<\/a><\/strong>.<br>P\u0159\u00edpadn\u011b se m\u016f\u017eete odhl\u00e1sit z reklamy zalo\u017een\u00e9 na z\u00e1jmech od mnoha jin\u00fdch poskytovatel\u016f reklamy na webov\u00fdch str\u00e1nk\u00e1ch <strong><a href=\"https:\/\/www.aboutads.info\/choices\/\">AboutAds.info\/choices<\/a><\/strong>.<\/p>\n\n\n\n<p>Pozn\u00e1mka: I kdy\u017e se odhl\u00e1s\u00edte, reklamy se v\u00e1m budou zobrazovat, ale mohou b\u00fdt m\u00e9n\u011b relevantn\u00ed pro va\u0161e z\u00e1jmy.<\/p>\n\n\n\n<h2 class=\"wp-block-heading\"><\/h2>\n\n\n\n<h2 class=\"wp-block-heading\">V\u00edce informac\u00ed<\/h2>\n\n\n\n<p>Douf\u00e1m, \u017ee v\u00e1m to objasnilo situaci, a jak ji\u017e bylo zm\u00edn\u011bno, pokud si nejste jisti, zda n\u011bco pot\u0159ebujete, je obvykle bezpe\u010dn\u011bj\u0161\u00ed ponechat soubory cookie povolen\u00e9 pro p\u0159\u00edpad, \u017ee by to interagovalo s n\u011bkterou z funkc\u00ed, kter\u00e9 na na\u0161ich str\u00e1nk\u00e1ch pou\u017e\u00edv\u00e1te.<\/p>\n\n\n\n<p>Tato politika je \u00fa\u010dinn\u00e1 od&nbsp;<strong>srpen<\/strong>&nbsp;<strong>2025<\/strong>.<\/p>","protected":false},"excerpt":{"rendered":"<p>Your privacy is important to us. It is&nbsp;flobquest&#8217;s&nbsp;policy to respect your privacy regarding any information we may collect from you across our website,&nbsp;flobquest, and other sites we own and operate. We only ask for personal information when we truly need it to provide a service to you. We collect it by fair and lawful means, [&hellip;]<\/p>","protected":false},"author":76,"featured_media":0,"parent":0,"menu_order":0,"comment_status":"closed","ping_status":"closed","template":"","meta":{"footnotes":""},"_links":{"self":[{"href":"https:\/\/flobquest.com\/cs\/wp-json\/wp\/v2\/pages\/95"}],"collection":[{"href":"https:\/\/flobquest.com\/cs\/wp-json\/wp\/v2\/pages"}],"about":[{"href":"https:\/\/flobquest.com\/cs\/wp-json\/wp\/v2\/types\/page"}],"author":[{"embeddable":true,"href":"https:\/\/flobquest.com\/cs\/wp-json\/wp\/v2\/users\/76"}],"replies":[{"embeddable":true,"href":"https:\/\/flobquest.com\/cs\/wp-json\/wp\/v2\/comments?post=95"}],"version-history":[{"count":2,"href":"https:\/\/flobquest.com\/cs\/wp-json\/wp\/v2\/pages\/95\/revisions"}],"predecessor-version":[{"id":451,"href":"https:\/\/flobquest.com\/cs\/wp-json\/wp\/v2\/pages\/95\/revisions\/451"}],"wp:attachment":[{"href":"https:\/\/flobquest.com\/cs\/wp-json\/wp\/v2\/media?parent=95"}],"curies":[{"name":"wp","href":"https:\/\/api.w.org\/{rel}","templated":true}]}}