    {"id":91,"date":"2025-08-18T19:54:06","date_gmt":"2025-08-18T19:54:06","guid":{"rendered":"https:\/\/flobquest.com\/?page_id=91"},"modified":"2025-11-24T20:44:10","modified_gmt":"2025-11-24T20:44:10","slug":"about-us","status":"publish","type":"page","link":"https:\/\/flobquest.com\/de\/about-us\/","title":{"rendered":"\u00dcber uns"},"content":{"rendered":"<h1 class=\"wp-block-heading\"><\/h1>\n\n\n\n<p><strong>Willkommen bei FlobQuest<\/strong> \u2013 Ihre zuverl\u00e4ssige Quelle f\u00fcr aktuelle Einblicke in Gesch\u00e4ftsstrategien, technologische Innovationen und Marketingtrends. Ob Sie Unternehmer, Experte, Gr\u00fcnder eines Startups oder einfach nur neugierig auf die Zukunft der Wirtschaft sind \u2013 FlobQuest begleitet Sie mit Klarheit und Weitblick.<\/p>\n\n\n\n<h2 class=\"wp-block-heading\"><strong>Was uns antreibt<\/strong><\/h2>\n\n\n\n<p>Wir bei FlobQuest sind \u00fcberzeugt, dass Wissen die Grundlage f\u00fcr Wachstum und Transformation bildet. Unsere Mission ist einfach: Wir m\u00f6chten Einzelpersonen, F\u00fchrungskr\u00e4fte und Unternehmen mit zug\u00e4nglichen, verl\u00e4sslichen und zukunftsweisenden Inhalten ausstatten. Mit fundierten Artikeln, praxisorientierten Strategien, leistungsbezogenen Erkenntnissen und Trendanalysen wollen wir die komplexe Welt der Gesch\u00e4ftsinnovation und der digitalen Transformation verst\u00e4ndlicher und anwendbarer machen.<\/p>\n\n\n\n<p>Wir unterst\u00fctzen Sie dabei, stets einen Schritt voraus zu sein \u2013 sei es beim Verst\u00e4ndnis neuer Marketingtrends, der St\u00e4rkung Ihrer F\u00fchrungskompetenzen, der Verbesserung Ihrer operativen Leistung oder der Erkundung der dynamischen Welt von Startups und neuen Unternehmen. Unser Ziel ist es, Inhalte bereitzustellen, die nicht nur informieren, sondern auch bessere Entscheidungen, intelligentere Strategien und langfristige Wirkung erm\u00f6glichen.<\/p>\n\n\n\n<h2 class=\"wp-block-heading\"><strong>Wer wir sind<\/strong><\/h2>\n\n\n\n<p>FlobQuest ist mehr als nur ein Business-Blog \u2013 es ist eine wachsende Community von Vordenkern, Innovatoren, Unternehmern, F\u00fchrungskr\u00e4ften und lebenslang Lernenden. Unsere Inhalte werden von Autoren und Experten erstellt, die ihre Praxiserfahrung mit der Leidenschaft verbinden, zu erforschen, wie Strategie, Technologie, Leistungsoptimierung, Marketing und die Startup-Kultur die Chancen von morgen pr\u00e4gen.<\/p>\n\n\n\n<p>Von strategischem Wachstum und F\u00fchrungskr\u00e4fteentwicklung bis hin zu bahnbrechenden Ideen, neuen Gesch\u00e4ftsmodellen und dem sich stetig weiterentwickelnden Startup-\u00d6kosystem \u2013 wir behandeln die wichtigsten Themen von heute und die Trends, die den Erfolg von morgen bestimmen werden. Wir setzen auf die Verbindung von praxisnaher Anleitung und vision\u00e4rem Denken, um unsere Leser beim Aufbau erfolgreicherer Unternehmen und selbstbewussterer beruflicher Wege zu unterst\u00fctzen.<\/p>\n\n\n\n<h2 class=\"wp-block-heading\"><strong>Werde Aktiv<\/strong><\/h2>\n\n\n\n<p>Ihre Meinung z\u00e4hlt. Haben Sie ein Thema, das wir genauer beleuchten sollen? M\u00f6chten Sie Ihre Erkenntnisse, Erfolgsgeschichten oder Ihren unternehmerischen Werdegang teilen? Melden Sie sich \u2013 wir freuen uns immer \u00fcber Kooperationen und Gespr\u00e4che mit Lesern, denen die Gestaltung der Zukunft der Wirtschaft am Herzen liegt.<\/p>\n\n\n\n<p>Lasst uns gemeinsam in Richtung intelligenterer Strategien, st\u00e4rkerer F\u00fchrung, bahnbrechender Innovationen und nachhaltiger Wirkung gehen.<\/p>","protected":false},"excerpt":{"rendered":"<p>Welcome to FlobQuest \u2013 your trusted hub for fresh insights into business strategy, technology innovation, and marketing trends. Whether you\u2019re an entrepreneur, a professional, a startup founder, or simply curious about the future of business, FlobQuest is here to guide you with clarity and vision. What drives us At FlobQuest, we believe that knowledge is [&hellip;]<\/p>","protected":false},"author":76,"featured_media":0,"parent":0,"menu_order":0,"comment_status":"closed","ping_status":"closed","template":"","meta":{"footnotes":""},"_links":{"self":[{"href":"https:\/\/flobquest.com\/de\/wp-json\/wp\/v2\/pages\/91"}],"collection":[{"href":"https:\/\/flobquest.com\/de\/wp-json\/wp\/v2\/pages"}],"about":[{"href":"https:\/\/flobquest.com\/de\/wp-json\/wp\/v2\/types\/page"}],"author":[{"embeddable":true,"href":"https:\/\/flobquest.com\/de\/wp-json\/wp\/v2\/users\/76"}],"replies":[{"embeddable":true,"href":"https:\/\/flobquest.com\/de\/wp-json\/wp\/v2\/comments?post=91"}],"version-history":[{"count":2,"href":"https:\/\/flobquest.com\/de\/wp-json\/wp\/v2\/pages\/91\/revisions"}],"predecessor-version":[{"id":600,"href":"https:\/\/flobquest.com\/de\/wp-json\/wp\/v2\/pages\/91\/revisions\/600"}],"wp:attachment":[{"href":"https:\/\/flobquest.com\/de\/wp-json\/wp\/v2\/media?parent=91"}],"curies":[{"name":"wp","href":"https:\/\/api.w.org\/{rel}","templated":true}]}}