    {"id":93,"date":"2025-08-18T19:54:53","date_gmt":"2025-08-18T19:54:53","guid":{"rendered":"https:\/\/flobquest.com\/?page_id=93"},"modified":"2025-11-24T20:36:21","modified_gmt":"2025-11-24T20:36:21","slug":"contact","status":"publish","type":"page","link":"https:\/\/flobquest.com\/de\/contact\/","title":{"rendered":"Kontakt"},"content":{"rendered":"<p>Vielen Dank f\u00fcr Ihren Besuch <strong>FlobQuest<\/strong>, Ihre zentrale Anlaufstelle f\u00fcr Einblicke in Gesch\u00e4ftsstrategien, technologische Innovationen und Marketingtrends. Egal, ob Sie hier neue Ideen entdecken, Ihre Strategien optimieren oder sich \u00fcber neue Gesch\u00e4ftsver\u00e4nderungen informieren m\u00f6chten \u2013 wir freuen uns \u00fcber Ihren Besuch und Ihre Kontaktaufnahme.<\/p>\n\n\n\n<h2 class=\"wp-block-heading\">Allgemeine Anfragen<\/h2>\n\n\n\n<p>Haben Sie eine Frage zu FlobQuest oder m\u00f6chten Sie einfach mit unserem Team in Kontakt treten? Schreiben Sie uns eine Nachricht an:<br>\ud83d\udce7 <strong>contact@flobquest.com<\/strong><br>Wir sind hier, um Sie auf Ihrem Weg zu intelligenterem Gesch\u00e4ft und Innovation zu vernetzen, zu kl\u00e4ren und zu unterst\u00fctzen.<\/p>\n\n\n\n<h2 class=\"wp-block-heading\">Inhalt und Zusammenarbeit<\/h2>\n\n\n\n<p>M\u00f6chten Sie ein Thema vorschlagen, einen Artikel kommentieren oder Ihr Fachwissen aus den Bereichen Wirtschaft, Technik oder Marketing einbringen? Kontaktieren Sie uns unter:<br>\ud83d\udce7 <strong>contact@flobquest.com<\/strong><br>Wir begr\u00fc\u00dfen neue Perspektiven und arbeiten gerne mit Fachleuten, Autoren und Innovatoren zusammen, die unsere Vision teilen.<\/p>\n\n\n\n<h2 class=\"wp-block-heading\">Technische Unterst\u00fctzung<\/h2>\n\n\n\n<p>Sollten beim Surfen auf FlobQuest oder beim Zugriff auf unsere Inhalte Probleme auftreten, hilft Ihnen unser Support-Team gerne weiter. Schreiben Sie uns eine E-Mail an:<br>\ud83d\udce7 <strong>contact@flobquest.com<\/strong><br>Wir geben unser Bestes, damit bei Ihnen alles reibungslos l\u00e4uft.<\/p>\n\n\n\n<h2 class=\"wp-block-heading\">Immer verbunden<\/h2>\n\n\n\n<p>FlobQuest ist ein <strong>Digital-First-Plattform<\/strong> Entwickelt f\u00fcr Unternehmer, Fachleute und neugierige K\u00f6pfe weltweit. Auch wenn wir kein physisches B\u00fcro haben, sind wir immer online \u2013 wir h\u00f6ren zu, lernen und wachsen mit unserer Community.<\/p>\n\n\n\n<p>Nochmals vielen Dank, dass Sie Teil der <strong>FlobQuest-Community<\/strong>. Ihr Feedback und Ihre Ideen sind die Grundlage f\u00fcr alles, was wir tun.<\/p>\n\n\n\n<p>Herzliche Gr\u00fc\u00dfe,<br><strong>Das FlobQuest-Team<\/strong><\/p>","protected":false},"excerpt":{"rendered":"<p>Thank you for visiting FlobQuest, your hub for insights on business strategy, technology innovation, and marketing trends. Whether you\u2019re here to explore new ideas, sharpen your strategies, or stay ahead of emerging business shifts, we\u2019re glad you stopped by and we\u2019d love to hear from you. General Inquiries Have a question about FlobQuest or simply [&hellip;]<\/p>","protected":false},"author":76,"featured_media":0,"parent":0,"menu_order":0,"comment_status":"closed","ping_status":"closed","template":"","meta":{"footnotes":""},"_links":{"self":[{"href":"https:\/\/flobquest.com\/de\/wp-json\/wp\/v2\/pages\/93"}],"collection":[{"href":"https:\/\/flobquest.com\/de\/wp-json\/wp\/v2\/pages"}],"about":[{"href":"https:\/\/flobquest.com\/de\/wp-json\/wp\/v2\/types\/page"}],"author":[{"embeddable":true,"href":"https:\/\/flobquest.com\/de\/wp-json\/wp\/v2\/users\/76"}],"replies":[{"embeddable":true,"href":"https:\/\/flobquest.com\/de\/wp-json\/wp\/v2\/comments?post=93"}],"version-history":[{"count":2,"href":"https:\/\/flobquest.com\/de\/wp-json\/wp\/v2\/pages\/93\/revisions"}],"predecessor-version":[{"id":599,"href":"https:\/\/flobquest.com\/de\/wp-json\/wp\/v2\/pages\/93\/revisions\/599"}],"wp:attachment":[{"href":"https:\/\/flobquest.com\/de\/wp-json\/wp\/v2\/media?parent=93"}],"curies":[{"name":"wp","href":"https:\/\/api.w.org\/{rel}","templated":true}]}}