    {"id":95,"date":"2025-08-18T19:56:14","date_gmt":"2025-08-18T19:56:14","guid":{"rendered":"https:\/\/flobquest.com\/?page_id=95"},"modified":"2025-10-21T18:31:11","modified_gmt":"2025-10-21T18:31:11","slug":"privacy-policy","status":"publish","type":"page","link":"https:\/\/flobquest.com\/de\/privacy-policy\/","title":{"rendered":"Datenschutzrichtlinie"},"content":{"rendered":"<h2 class=\"wp-block-heading\"><\/h2>\n\n\n\n<p>Ihre Privatsph\u00e4re ist uns wichtig. Es ist&nbsp;<strong>Flobquests<\/strong>&nbsp;Richtlinie zum Schutz Ihrer Privatsph\u00e4re in Bezug auf alle Informationen, die wir \u00fcber unsere Website von Ihnen erfassen,&nbsp;<a href=\"https:\/\/flobquest.com\/de\/\">Flobquest<\/a>, und andere Websites, die wir besitzen und betreiben.<\/p>\n\n\n\n<p>Wir fragen nur dann nach personenbezogenen Daten, wenn wir diese wirklich ben\u00f6tigen, um Ihnen einen Service zu bieten. Wir erheben diese Daten auf faire und rechtm\u00e4\u00dfige Weise, mit Ihrem Wissen und Ihrer Zustimmung. Wir informieren Sie auch dar\u00fcber, warum wir diese Daten erheben und wie wir sie verwenden.<\/p>\n\n\n\n<p>Wir speichern die erhobenen Daten nur so lange, wie es f\u00fcr die Bereitstellung des gew\u00fcnschten Dienstes erforderlich ist. Die von uns gespeicherten Daten sch\u00fctzen wir mit kommerziell vertretbaren Mitteln, um Verlust und Diebstahl sowie unbefugten Zugriff, Weitergabe, Vervielf\u00e4ltigung, Nutzung oder \u00c4nderung zu verhindern.<\/p>\n\n\n\n<p>Wir geben keine personenbezogenen Daten \u00f6ffentlich oder an Dritte weiter, es sei denn, wir sind gesetzlich dazu verpflichtet.<\/p>\n\n\n\n<p>Unsere Website kann Links zu externen Websites enthalten, die nicht von uns betrieben werden. Bitte beachten Sie, dass wir keinen Einfluss auf den Inhalt und die Praktiken dieser Websites haben und keine Verantwortung oder Haftung f\u00fcr deren jeweilige Datenschutzrichtlinien \u00fcbernehmen.<\/p>\n\n\n\n<p>Es steht Ihnen frei, unsere Anfrage nach Ihren pers\u00f6nlichen Daten abzulehnen, wobei wir Ihnen jedoch m\u00f6glicherweise einige der von Ihnen gew\u00fcnschten Dienste nicht zur Verf\u00fcgung stellen k\u00f6nnen.<\/p>\n\n\n\n<p>Ihre fortgesetzte Nutzung unserer Website gilt als Zustimmung zu unseren Datenschutzpraktiken und personenbezogenen Daten. Bei Fragen zum Umgang mit Benutzerdaten und personenbezogenen Daten k\u00f6nnen Sie sich gerne an uns wenden.<\/p>\n\n\n\n<h2 class=\"wp-block-heading\"><strong>Cookie-Richtlinie<\/strong>&nbsp;f\u00fcr&nbsp;<strong>Flobquest<\/strong><\/h2>\n\n\n\n<p>Dies ist die Cookie-Richtlinie f\u00fcr&nbsp;<strong>Flobquest<\/strong>, erreichbar \u00fcber URL<\/p>\n\n\n\n<h3 class=\"wp-block-heading\">Was sind Cookies<\/h3>\n\n\n\n<p>Wie bei fast allen professionellen Websites \u00fcblich, verwendet diese Website Cookies. Dabei handelt es sich um kleine Dateien, die auf Ihren Computer heruntergeladen werden, um Ihr Erlebnis zu verbessern. Auf dieser Seite wird beschrieben, welche Informationen sie sammeln, wie wir sie verwenden und warum wir diese Cookies manchmal speichern m\u00fcssen. Wir erkl\u00e4ren Ihnen auch, wie Sie die Speicherung dieser Cookies verhindern k\u00f6nnen. Dies kann jedoch zu einer Beeintr\u00e4chtigung oder gar Nichtbenutzung bestimmter Elemente der Website f\u00fchren.<\/p>\n\n\n\n<h3 class=\"wp-block-heading\">Wie wir Cookies verwenden<\/h3>\n\n\n\n<p>Wir verwenden Cookies aus verschiedenen Gr\u00fcnden, die im Folgenden n\u00e4her erl\u00e4utert werden. Leider gibt es in den meisten F\u00e4llen keine branchen\u00fcblichen Optionen zum Deaktivieren von Cookies, ohne die Funktionalit\u00e4t und die Funktionen, die sie dieser Website hinzuf\u00fcgen, vollst\u00e4ndig zu deaktivieren. Es wird empfohlen, alle Cookies aktiviert zu lassen, wenn Sie nicht sicher sind, ob Sie sie ben\u00f6tigen oder nicht, falls sie zur Bereitstellung eines von Ihnen genutzten Dienstes verwendet werden.<\/p>\n\n\n\n<h3 class=\"wp-block-heading\">Cookies deaktivieren<\/h3>\n\n\n\n<p>Sie k\u00f6nnen das Setzen von Cookies verhindern, indem Sie die Einstellungen Ihres Browsers anpassen (Informationen hierzu finden Sie in der Hilfefunktion Ihres Browsers). Beachten Sie, dass das Deaktivieren von Cookies die Funktionalit\u00e4t dieser und vieler anderer Websites, die Sie besuchen, beeintr\u00e4chtigt. Das Deaktivieren von Cookies f\u00fchrt in der Regel auch zum Deaktivieren bestimmter Funktionen und Features dieser Website. Es wird daher empfohlen, Cookies nicht zu deaktivieren.<\/p>\n\n\n\n<h3 class=\"wp-block-heading\">Die von uns gesetzten Cookies<\/h3>\n\n\n\n<ul>\n<li>Kontobezogene Cookies<br>Wenn Sie ein Konto bei uns erstellen, verwenden wir Cookies f\u00fcr die Verwaltung des Anmeldevorgangs und die allgemeine Verwaltung. Diese Cookies werden in der Regel gel\u00f6scht, wenn Sie sich abmelden. In einigen F\u00e4llen bleiben sie jedoch auch nach der Abmeldung erhalten, um Ihre Website-Einstellungen zu speichern.<\/li>\n\n\n\n<li>Login-bezogene Cookies<br>Wir verwenden Cookies, wenn Sie angemeldet sind, um dies zu speichern. So m\u00fcssen Sie sich nicht bei jedem Besuch einer neuen Seite erneut anmelden. Diese Cookies werden in der Regel beim Abmelden entfernt oder gel\u00f6scht, um sicherzustellen, dass Sie nur auf eingeschr\u00e4nkte Funktionen und Bereiche zugreifen k\u00f6nnen, wenn Sie angemeldet sind.<\/li>\n\n\n\n<li>Cookies im Zusammenhang mit E-Mail-Newslettern<br><br>Diese Site bietet Newsletter- oder E-Mail-Abonnementdienste an und Cookies k\u00f6nnen verwendet werden, um sich zu merken, ob Sie bereits registriert sind und ob bestimmte Benachrichtigungen angezeigt werden sollen, die m\u00f6glicherweise nur f\u00fcr abonnierte\/nicht abonnierte Benutzer g\u00fcltig sind.<\/li>\n\n\n\n<li>Cookies zur Auftragsabwicklung<br>Diese Site bietet E-Commerce- oder Zahlungsm\u00f6glichkeiten und einige Cookies sind unerl\u00e4sslich, um sicherzustellen, dass Ihre Bestellung zwischen den Seiten gespeichert wird, damit wir sie ordnungsgem\u00e4\u00df verarbeiten k\u00f6nnen.<\/li>\n\n\n\n<li>Umfragebezogene Cookies<br>Von Zeit zu Zeit bieten wir Nutzerumfragen und Frageb\u00f6gen an, um Ihnen interessante Einblicke und hilfreiche Tools zu bieten oder unsere Nutzerbasis besser zu verstehen. Diese Umfragen k\u00f6nnen Cookies verwenden, um sich zu merken, wer bereits an einer Umfrage teilgenommen hat, oder um Ihnen nach einem Seitenwechsel genaue Ergebnisse zu liefern.<\/li>\n\n\n\n<li>Formularbezogene Cookies<br>Wenn Sie Daten \u00fcber ein Formular \u00fcbermitteln, wie es beispielsweise auf Kontaktseiten oder in Kommentarformularen zu finden ist, k\u00f6nnen Cookies gesetzt werden, um Ihre Benutzerdaten f\u00fcr zuk\u00fcnftige Korrespondenz zu speichern.<\/li>\n\n\n\n<li>Cookies f\u00fcr Website-Einstellungen<br>Um Ihnen ein optimales Erlebnis auf dieser Website zu bieten, bieten wir Ihnen die M\u00f6glichkeit, Ihre Pr\u00e4ferenzen f\u00fcr die Ausf\u00fchrung dieser Website festzulegen. Um Ihre Pr\u00e4ferenzen zu speichern, m\u00fcssen wir Cookies setzen, damit diese Informationen abgerufen werden k\u00f6nnen, wenn Sie mit einer Seite interagieren, die von Ihren Pr\u00e4ferenzen beeinflusst wird.<\/li>\n<\/ul>\n\n\n\n<h3 class=\"wp-block-heading\">Cookies von Drittanbietern<\/h3>\n\n\n\n<p>In einigen Sonderf\u00e4llen verwenden wir auch Cookies von vertrauensw\u00fcrdigen Drittanbietern. Im folgenden Abschnitt erfahren Sie, welche Drittanbieter-Cookies Ihnen auf dieser Website begegnen k\u00f6nnen.<\/p>\n\n\n\n<ul>\n<li>Diese Website verwendet Google Analytics, eine der am weitesten verbreiteten und vertrauensw\u00fcrdigsten Analysel\u00f6sungen im Internet. Sie hilft uns dabei, Ihr Nutzungsverhalten zu verstehen und Ihr Nutzererlebnis zu verbessern. Diese Cookies erfassen beispielsweise Ihre Verweildauer auf der Website und die von Ihnen besuchten Seiten, damit wir weiterhin ansprechende Inhalte erstellen k\u00f6nnen. Weitere Informationen zu Google Analytics-Cookies finden Sie auf der offiziellen Google Analytics-Seite.<\/li>\n\n\n\n<li>Mithilfe von Drittanbieter-Analysen verfolgen und messen wir die Nutzung dieser Website, damit wir weiterhin ansprechende Inhalte erstellen k\u00f6nnen. Diese Cookies erfassen beispielsweise Ihre Verweildauer auf der Website oder die von Ihnen besuchten Seiten. Dies hilft uns zu verstehen, wie wir die Website f\u00fcr Sie verbessern k\u00f6nnen.<\/li>\n\n\n\n<li>Von Zeit zu Zeit testen wir neue Funktionen und nehmen geringf\u00fcgige \u00c4nderungen an der Bereitstellung der Website vor. W\u00e4hrend wir neue Funktionen testen, k\u00f6nnen diese Cookies verwendet werden, um sicherzustellen, dass Sie auf der Website ein einheitliches Erlebnis haben und wir gleichzeitig verstehen, welche Optimierungen unsere Benutzer am meisten sch\u00e4tzen.<\/li>\n\n\n\n<li>Da wir Produkte verkaufen, ist es f\u00fcr uns wichtig, Statistiken dar\u00fcber zu erhalten, wie viele Besucher unserer Website tats\u00e4chlich einen Kauf t\u00e4tigen. Diese Daten werden von diesen Cookies erfasst. Dies ist f\u00fcr Sie wichtig, da wir so pr\u00e4zise Gesch\u00e4ftsprognosen erstellen und unsere Werbe- und Produktkosten \u00fcberwachen k\u00f6nnen, um den bestm\u00f6glichen Preis zu gew\u00e4hrleisten.<\/li>\n\n\n\n<li>Wir verwenden auf dieser Website auch Social-Media-Buttons und\/oder Plugins, die Ihnen die Verbindung mit Ihrem sozialen Netzwerk auf verschiedene Weise erm\u00f6glichen. Damit diese funktionieren, setzen die folgenden Social-Media-Websites, darunter , \u00fcber unsere Website Cookies, die dazu verwendet werden k\u00f6nnen, Ihr Profil auf ihrer Website zu verbessern oder zu den Daten beizutragen, die sie f\u00fcr verschiedene Zwecke speichern, die in ihren jeweiligen Datenschutzrichtlinien beschrieben sind.<\/li>\n<\/ul>\n\n\n\n<h3 class=\"wp-block-heading\">Werbung (Google AdSense) und Ihre Auswahlm\u00f6glichkeiten<\/h3>\n\n\n\n<p>Diese Website verwendet Google AdSense zur Anzeige von Werbung. Google und seine Partner verwenden m\u00f6glicherweise Cookies oder andere Technologien, um Anzeigen basierend auf Ihren Besuchen dieser und anderer Websites bereitzustellen, zu messen und zu personalisieren.<\/p>\n\n\n\n<p>Um zu erfahren, wie Google Daten von Websites und Apps verwendet, die seine Dienste nutzen, besuchen Sie:<br><a href=\"https:\/\/policies.google.com\/technologies\/partner-sites\">https:\/\/policies.google.com\/technologies\/partner-sites<\/a><\/p>\n\n\n\n<p><strong>Abmeldung von personalisierter Werbung:<\/strong><br>Sie k\u00f6nnen personalisierte Werbung von Google deaktivieren, indem Sie Ihre <strong><a href=\"https:\/\/adssettings.google.com\/\">Anzeigeneinstellungen (Mein Anzeigencenter)<\/a><\/strong>.<br>Alternativ k\u00f6nnen Sie interessenbasierte Werbung von vielen anderen Werbeanbietern deaktivieren, indem Sie <strong><a href=\"https:\/\/www.aboutads.info\/choices\/\">AboutAds.info\/choices<\/a><\/strong>.<\/p>\n\n\n\n<p>Hinweis: Auch wenn Sie sich abmelden, werden Ihnen weiterhin Anzeigen angezeigt, diese sind jedoch m\u00f6glicherweise weniger relevant f\u00fcr Ihre Interessen.<\/p>\n\n\n\n<h2 class=\"wp-block-heading\"><\/h2>\n\n\n\n<h2 class=\"wp-block-heading\">Weitere Informationen<\/h2>\n\n\n\n<p>Hoffentlich hat dies die Dinge f\u00fcr Sie gekl\u00e4rt. Und wie bereits erw\u00e4hnt, ist es normalerweise sicherer, Cookies aktiviert zu lassen, falls Sie sich nicht sicher sind, ob Sie etwas ben\u00f6tigen oder nicht, f\u00fcr den Fall, dass es mit einer der Funktionen interagiert, die Sie auf unserer Site verwenden.<\/p>\n\n\n\n<p>Diese Richtlinie ist g\u00fcltig ab&nbsp;<strong>August<\/strong>&nbsp;<strong>2025<\/strong>.<\/p>","protected":false},"excerpt":{"rendered":"<p>Your privacy is important to us. It is&nbsp;flobquest&#8217;s&nbsp;policy to respect your privacy regarding any information we may collect from you across our website,&nbsp;flobquest, and other sites we own and operate. We only ask for personal information when we truly need it to provide a service to you. We collect it by fair and lawful means, [&hellip;]<\/p>","protected":false},"author":76,"featured_media":0,"parent":0,"menu_order":0,"comment_status":"closed","ping_status":"closed","template":"","meta":{"footnotes":""},"_links":{"self":[{"href":"https:\/\/flobquest.com\/de\/wp-json\/wp\/v2\/pages\/95"}],"collection":[{"href":"https:\/\/flobquest.com\/de\/wp-json\/wp\/v2\/pages"}],"about":[{"href":"https:\/\/flobquest.com\/de\/wp-json\/wp\/v2\/types\/page"}],"author":[{"embeddable":true,"href":"https:\/\/flobquest.com\/de\/wp-json\/wp\/v2\/users\/76"}],"replies":[{"embeddable":true,"href":"https:\/\/flobquest.com\/de\/wp-json\/wp\/v2\/comments?post=95"}],"version-history":[{"count":2,"href":"https:\/\/flobquest.com\/de\/wp-json\/wp\/v2\/pages\/95\/revisions"}],"predecessor-version":[{"id":451,"href":"https:\/\/flobquest.com\/de\/wp-json\/wp\/v2\/pages\/95\/revisions\/451"}],"wp:attachment":[{"href":"https:\/\/flobquest.com\/de\/wp-json\/wp\/v2\/media?parent=95"}],"curies":[{"name":"wp","href":"https:\/\/api.w.org\/{rel}","templated":true}]}}