    {"id":91,"date":"2025-08-18T19:54:06","date_gmt":"2025-08-18T19:54:06","guid":{"rendered":"https:\/\/flobquest.com\/?page_id=91"},"modified":"2025-11-24T20:44:10","modified_gmt":"2025-11-24T20:44:10","slug":"about-us","status":"publish","type":"page","link":"https:\/\/flobquest.com\/es\/about-us\/","title":{"rendered":"Sobre nosotros"},"content":{"rendered":"<h1 class=\"wp-block-heading\"><\/h1>\n\n\n\n<p><strong>Bienvenido a FlobQuest<\/strong> Tu centro de confianza para obtener informaci\u00f3n actualizada sobre estrategia empresarial, innovaci\u00f3n tecnol\u00f3gica y tendencias de marketing. Ya seas emprendedor, profesional, fundador de una startup o simplemente tengas curiosidad por el futuro de los negocios, FlobQuest est\u00e1 aqu\u00ed para guiarte con claridad y visi\u00f3n.<\/p>\n\n\n\n<h2 class=\"wp-block-heading\"><strong>\u00bfQu\u00e9 nos motiva?<\/strong><\/h2>\n\n\n\n<p>En FlobQuest, creemos que el conocimiento es la base del crecimiento y la transformaci\u00f3n. Nuestra misi\u00f3n es simple: empoderar a personas, l\u00edderes y empresas con contenido accesible, confiable y vanguardista. Mediante art\u00edculos detallados, estrategias pr\u00e1cticas, perspectivas basadas en el rendimiento y an\u00e1lisis de tendencias, buscamos facilitar la comprensi\u00f3n y la aplicaci\u00f3n del complejo mundo de la innovaci\u00f3n empresarial y la transformaci\u00f3n digital.<\/p>\n\n\n\n<p>Nos comprometemos a ayudarte a mantenerte a la vanguardia, ya sea explorando las tendencias emergentes de marketing, fortaleciendo tus habilidades de liderazgo, mejorando tu rendimiento operativo o explorando el din\u00e1mico mundo de las startups y los nuevos emprendimientos. Nuestro objetivo es ofrecer contenido que no solo informe, sino que tambi\u00e9n apoye mejores decisiones, estrategias m\u00e1s inteligentes y un impacto a largo plazo.<\/p>\n\n\n\n<h2 class=\"wp-block-heading\"><strong>Quienes somos<\/strong><\/h2>\n\n\n\n<p>FlobQuest no es un simple blog de negocios: es una comunidad en crecimiento de pensadores, innovadores, emprendedores, l\u00edderes y personas en constante aprendizaje. Nuestro contenido est\u00e1 elaborado por escritores y profesionales que combinan su experiencia pr\u00e1ctica con la pasi\u00f3n por explorar c\u00f3mo la estrategia, la tecnolog\u00eda, la optimizaci\u00f3n del rendimiento, el marketing y la cultura startup configuran las oportunidades del futuro.<\/p>\n\n\n\n<p>Desde el crecimiento estrat\u00e9gico y el desarrollo de liderazgo hasta ideas innovadoras, nuevos modelos de negocio y el ecosistema de startups en constante evoluci\u00f3n, abordamos los temas esenciales que importan hoy y las tendencias que definir\u00e1n el \u00e9xito del ma\u00f1ana. Creemos en combinar la orientaci\u00f3n pr\u00e1ctica con el pensamiento innovador para ayudar a nuestros lectores a construir negocios m\u00e1s s\u00f3lidos y trayectorias profesionales m\u00e1s seguras.<\/p>\n\n\n\n<h2 class=\"wp-block-heading\"><strong>Complicarse<\/strong><\/h2>\n\n\n\n<p>Tu voz importa. \u00bfTienes alg\u00fan tema que te gustar\u00eda que exploremos? \u00bfQuieres compartir tus perspectivas, lecciones de rendimiento o tu trayectoria empresarial? Cont\u00e1ctanos: siempre estamos abiertos a colaborar y conversar con lectores interesados en forjar el futuro de los negocios.<\/p>\n\n\n\n<p>Avancemos juntos hacia estrategias m\u00e1s inteligentes, un liderazgo m\u00e1s fuerte, una innovaci\u00f3n revolucionaria y un impacto duradero.<\/p>","protected":false},"excerpt":{"rendered":"<p>Welcome to FlobQuest \u2013 your trusted hub for fresh insights into business strategy, technology innovation, and marketing trends. Whether you\u2019re an entrepreneur, a professional, a startup founder, or simply curious about the future of business, FlobQuest is here to guide you with clarity and vision. What drives us At FlobQuest, we believe that knowledge is [&hellip;]<\/p>","protected":false},"author":76,"featured_media":0,"parent":0,"menu_order":0,"comment_status":"closed","ping_status":"closed","template":"","meta":{"footnotes":""},"_links":{"self":[{"href":"https:\/\/flobquest.com\/es\/wp-json\/wp\/v2\/pages\/91"}],"collection":[{"href":"https:\/\/flobquest.com\/es\/wp-json\/wp\/v2\/pages"}],"about":[{"href":"https:\/\/flobquest.com\/es\/wp-json\/wp\/v2\/types\/page"}],"author":[{"embeddable":true,"href":"https:\/\/flobquest.com\/es\/wp-json\/wp\/v2\/users\/76"}],"replies":[{"embeddable":true,"href":"https:\/\/flobquest.com\/es\/wp-json\/wp\/v2\/comments?post=91"}],"version-history":[{"count":2,"href":"https:\/\/flobquest.com\/es\/wp-json\/wp\/v2\/pages\/91\/revisions"}],"predecessor-version":[{"id":600,"href":"https:\/\/flobquest.com\/es\/wp-json\/wp\/v2\/pages\/91\/revisions\/600"}],"wp:attachment":[{"href":"https:\/\/flobquest.com\/es\/wp-json\/wp\/v2\/media?parent=91"}],"curies":[{"name":"wp","href":"https:\/\/api.w.org\/{rel}","templated":true}]}}