    {"id":93,"date":"2025-08-18T19:54:53","date_gmt":"2025-08-18T19:54:53","guid":{"rendered":"https:\/\/flobquest.com\/?page_id=93"},"modified":"2025-11-24T20:36:21","modified_gmt":"2025-11-24T20:36:21","slug":"contact","status":"publish","type":"page","link":"https:\/\/flobquest.com\/es\/contact\/","title":{"rendered":"Contacto"},"content":{"rendered":"<p>Gracias por visitarnos <strong>FlobQuest<\/strong>, tu centro de informaci\u00f3n sobre estrategia empresarial, innovaci\u00f3n tecnol\u00f3gica y tendencias de marketing. Ya sea que est\u00e9s aqu\u00ed para explorar nuevas ideas, perfeccionar tus estrategias o anticiparte a los cambios empresariales emergentes, nos alegra tu visita y nos encantar\u00eda saber de ti.<\/p>\n\n\n\n<h2 class=\"wp-block-heading\">Consultas generales<\/h2>\n\n\n\n<p>\u00bfTienes alguna pregunta sobre FlobQuest o simplemente quieres contactar con nuestro equipo? Escr\u00edbenos a:<br>\ud83d\udce7 <strong>contacto@flobquest.com<\/strong><br>Estamos aqu\u00ed para conectar, aclarar y apoyar su viaje hacia una innovaci\u00f3n y negocios m\u00e1s inteligentes.<\/p>\n\n\n\n<h2 class=\"wp-block-heading\">Contenido y colaboraci\u00f3n<\/h2>\n\n\n\n<p>\u00bfQuieres sugerir un tema, comentar un art\u00edculo o aportar tu experiencia en negocios, tecnolog\u00eda o marketing? Cont\u00e1ctanos en:<br>\ud83d\udce7 <strong>contacto@flobquest.com<\/strong><br>Damos la bienvenida a nuevas perspectivas y nos encanta colaborar con profesionales, escritores e innovadores que comparten nuestra visi\u00f3n.<\/p>\n\n\n\n<h2 class=\"wp-block-heading\">Asistencia t\u00e9cnica<\/h2>\n\n\n\n<p>Si tiene alg\u00fan problema al navegar por FlobQuest o acceder a nuestro contenido, nuestro equipo de soporte est\u00e1 listo para ayudarle. Env\u00edenos un correo electr\u00f3nico a:<br>\ud83d\udce7 <strong>contacto@flobquest.com<\/strong><br>Haremos todo lo posible para que todo funcione sin problemas para usted.<\/p>\n\n\n\n<h2 class=\"wp-block-heading\">Siempre conectado<\/h2>\n\n\n\n<p>FlobQuest es una <strong>plataforma digital primero<\/strong> Creado para emprendedores, profesionales y mentes curiosas de todo el mundo. Aunque no tengamos una oficina f\u00edsica, siempre estamos en l\u00ednea: escuchando, aprendiendo y creciendo con nuestra comunidad.<\/p>\n\n\n\n<p>Gracias nuevamente por ser parte de la <strong>Comunidad FlobQuest<\/strong>Sus comentarios e ideas impulsan todo lo que hacemos.<\/p>\n\n\n\n<p>Un cordial saludo,<br><strong>El equipo de FlobQuest<\/strong><\/p>","protected":false},"excerpt":{"rendered":"<p>Thank you for visiting FlobQuest, your hub for insights on business strategy, technology innovation, and marketing trends. Whether you\u2019re here to explore new ideas, sharpen your strategies, or stay ahead of emerging business shifts, we\u2019re glad you stopped by and we\u2019d love to hear from you. General Inquiries Have a question about FlobQuest or simply [&hellip;]<\/p>","protected":false},"author":76,"featured_media":0,"parent":0,"menu_order":0,"comment_status":"closed","ping_status":"closed","template":"","meta":{"footnotes":""},"_links":{"self":[{"href":"https:\/\/flobquest.com\/es\/wp-json\/wp\/v2\/pages\/93"}],"collection":[{"href":"https:\/\/flobquest.com\/es\/wp-json\/wp\/v2\/pages"}],"about":[{"href":"https:\/\/flobquest.com\/es\/wp-json\/wp\/v2\/types\/page"}],"author":[{"embeddable":true,"href":"https:\/\/flobquest.com\/es\/wp-json\/wp\/v2\/users\/76"}],"replies":[{"embeddable":true,"href":"https:\/\/flobquest.com\/es\/wp-json\/wp\/v2\/comments?post=93"}],"version-history":[{"count":2,"href":"https:\/\/flobquest.com\/es\/wp-json\/wp\/v2\/pages\/93\/revisions"}],"predecessor-version":[{"id":599,"href":"https:\/\/flobquest.com\/es\/wp-json\/wp\/v2\/pages\/93\/revisions\/599"}],"wp:attachment":[{"href":"https:\/\/flobquest.com\/es\/wp-json\/wp\/v2\/media?parent=93"}],"curies":[{"name":"wp","href":"https:\/\/api.w.org\/{rel}","templated":true}]}}