    {"id":91,"date":"2025-08-18T19:54:06","date_gmt":"2025-08-18T19:54:06","guid":{"rendered":"https:\/\/flobquest.com\/?page_id=91"},"modified":"2025-11-24T20:44:10","modified_gmt":"2025-11-24T20:44:10","slug":"about-us","status":"publish","type":"page","link":"https:\/\/flobquest.com\/fr\/about-us\/","title":{"rendered":"\u00c0 propos de nous"},"content":{"rendered":"<h1 class=\"wp-block-heading\"><\/h1>\n\n\n\n<p><strong>Bienvenue sur FlobQuest<\/strong> FlobQuest est votre plateforme de r\u00e9f\u00e9rence pour des analyses pointues en strat\u00e9gie d&#039;entreprise, innovation technologique et tendances marketing. Entrepreneur, professionnel, fondateur de startup ou simplement curieux de l&#039;avenir du monde des affaires, FlobQuest vous accompagne avec clart\u00e9 et vision.<\/p>\n\n\n\n<h2 class=\"wp-block-heading\"><strong>Ce qui nous motive<\/strong><\/h2>\n\n\n\n<p>Chez FlobQuest, nous sommes convaincus que le savoir est le fondement de la croissance et de la transformation. Notre mission est simple\u00a0: donner aux individus, aux dirigeants et aux entreprises les moyens d\u2019acc\u00e9der \u00e0 un contenu fiable, novateur et pertinent. Gr\u00e2ce \u00e0 des articles approfondis, des strat\u00e9gies concr\u00e8tes, des analyses de performance et des \u00e9tudes de tendances, nous avons pour objectif de rendre le monde complexe de l\u2019innovation et de la transformation num\u00e9rique plus accessible et plus facile \u00e0 appliquer.<\/p>\n\n\n\n<p>Nous nous engageons \u00e0 vous aider \u00e0 garder une longueur d&#039;avance, que ce soit pour appr\u00e9hender les nouvelles tendances marketing, renforcer vos comp\u00e9tences en leadership, am\u00e9liorer votre performance op\u00e9rationnelle ou explorer l&#039;univers dynamique des startups et des nouvelles entreprises. Notre objectif est de vous fournir un contenu qui non seulement vous informe, mais vous aide \u00e9galement \u00e0 prendre de meilleures d\u00e9cisions, \u00e0 \u00e9laborer des strat\u00e9gies plus efficaces et \u00e0 avoir un impact durable.<\/p>\n\n\n\n<h2 class=\"wp-block-heading\"><strong>Qui sommes-nous<\/strong><\/h2>\n\n\n\n<p>FlobQuest n&#039;est pas un simple blog d&#039;affaires\u00a0: c&#039;est une communaut\u00e9 grandissante de penseurs, d&#039;innovateurs, d&#039;entrepreneurs, de leaders et d&#039;apprenants permanents. Nos contenus sont \u00e9labor\u00e9s par des r\u00e9dacteurs et des professionnels qui allient exp\u00e9rience concr\u00e8te et passion pour explorer comment la strat\u00e9gie, la technologie, l&#039;optimisation des performances, le marketing et la culture startup fa\u00e7onnent les opportunit\u00e9s de demain.<\/p>\n\n\n\n<p>De la croissance strat\u00e9gique au d\u00e9veloppement du leadership, en passant par les id\u00e9es novatrices, les nouveaux mod\u00e8les \u00e9conomiques et l&#039;\u00e9cosyst\u00e8me en constante \u00e9volution des startups, nous abordons les sujets essentiels d&#039;aujourd&#039;hui et les tendances qui fa\u00e7onneront le succ\u00e8s de demain. Nous croyons en l&#039;alliance de conseils pratiques et d&#039;une vision audacieuse pour aider nos lecteurs \u00e0 b\u00e2tir des entreprises plus solides et \u00e0 construire des parcours professionnels plus sereins.<\/p>\n\n\n\n<h2 class=\"wp-block-heading\"><strong>Impliquez-vous<\/strong><\/h2>\n\n\n\n<p>Votre avis compte. Vous avez un sujet que vous aimeriez que nous abordions\u00a0? Vous souhaitez partager vos id\u00e9es, vos enseignements sur la performance ou votre parcours professionnel\u00a0? N\u2019h\u00e9sitez pas \u00e0 nous contacter\u00a0: nous sommes toujours ouverts \u00e0 la collaboration et aux \u00e9changes avec les lecteurs soucieux de fa\u00e7onner l\u2019avenir du monde des affaires.<\/p>\n\n\n\n<p>Avan\u00e7ons ensemble vers des strat\u00e9gies plus intelligentes, un leadership plus fort, des innovations de rupture et un impact durable.<\/p>","protected":false},"excerpt":{"rendered":"<p>Bienvenue sur FlobQuest \u2013 votre plateforme de r\u00e9f\u00e9rence pour des analyses pointues en strat\u00e9gie d&#039;entreprise, innovation technologique et tendances marketing. Entrepreneur, professionnel, fondateur de startup ou simplement curieux de l&#039;avenir du monde des affaires, FlobQuest est l\u00e0 pour vous guider avec clart\u00e9 et vision. Ce qui nous motive\u00a0: chez FlobQuest, nous croyons que le savoir est [\u2026]<\/p>","protected":false},"author":76,"featured_media":0,"parent":0,"menu_order":0,"comment_status":"closed","ping_status":"closed","template":"","meta":{"footnotes":""},"_links":{"self":[{"href":"https:\/\/flobquest.com\/fr\/wp-json\/wp\/v2\/pages\/91"}],"collection":[{"href":"https:\/\/flobquest.com\/fr\/wp-json\/wp\/v2\/pages"}],"about":[{"href":"https:\/\/flobquest.com\/fr\/wp-json\/wp\/v2\/types\/page"}],"author":[{"embeddable":true,"href":"https:\/\/flobquest.com\/fr\/wp-json\/wp\/v2\/users\/76"}],"replies":[{"embeddable":true,"href":"https:\/\/flobquest.com\/fr\/wp-json\/wp\/v2\/comments?post=91"}],"version-history":[{"count":2,"href":"https:\/\/flobquest.com\/fr\/wp-json\/wp\/v2\/pages\/91\/revisions"}],"predecessor-version":[{"id":600,"href":"https:\/\/flobquest.com\/fr\/wp-json\/wp\/v2\/pages\/91\/revisions\/600"}],"wp:attachment":[{"href":"https:\/\/flobquest.com\/fr\/wp-json\/wp\/v2\/media?parent=91"}],"curies":[{"name":"wp","href":"https:\/\/api.w.org\/{rel}","templated":true}]}}