    {"id":93,"date":"2025-08-18T19:54:53","date_gmt":"2025-08-18T19:54:53","guid":{"rendered":"https:\/\/flobquest.com\/?page_id=93"},"modified":"2025-11-24T20:36:21","modified_gmt":"2025-11-24T20:36:21","slug":"contact","status":"publish","type":"page","link":"https:\/\/flobquest.com\/fr\/contact\/","title":{"rendered":"Contact"},"content":{"rendered":"<p>Merci de votre visite <strong>FlobQuest<\/strong>, votre plateforme d&#039;analyse de la strat\u00e9gie d&#039;entreprise, de l&#039;innovation technologique et des tendances marketing. Que vous souhaitiez explorer de nouvelles id\u00e9es, affiner vos strat\u00e9gies ou anticiper les \u00e9volutions du march\u00e9, nous sommes ravis de votre visite et serions ravis d&#039;\u00e9changer avec vous.<\/p>\n\n\n\n<h2 class=\"wp-block-heading\">Demandes g\u00e9n\u00e9rales<\/h2>\n\n\n\n<p>Vous avez une question sur FlobQuest ou souhaitez simplement contacter notre \u00e9quipe\u00a0? Envoyez-nous un message \u00e0\u00a0:<br>\ud83d\udce7 <strong>contact@flobquest.com<\/strong><br>Nous sommes l\u00e0 pour vous connecter, clarifier et soutenir votre parcours vers des entreprises et une innovation plus intelligentes.<\/p>\n\n\n\n<h2 class=\"wp-block-heading\">Contenu et collaboration<\/h2>\n\n\n\n<p>Vous souhaitez sugg\u00e9rer un sujet, commenter un article ou partager votre expertise en affaires, technologie ou marketing\u00a0? Contactez-nous \u00e0 l&#039;adresse suivante\u00a0:<br>\ud83d\udce7 <strong>contact@flobquest.com<\/strong><br>Nous accueillons de nouvelles perspectives et aimons collaborer avec des professionnels, des \u00e9crivains et des innovateurs qui partagent notre vision.<\/p>\n\n\n\n<h2 class=\"wp-block-heading\">Assistance technique<\/h2>\n\n\n\n<p>Si vous rencontrez des difficult\u00e9s lors de votre navigation sur FlobQuest ou de l&#039;acc\u00e8s \u00e0 notre contenu, notre \u00e9quipe d&#039;assistance est l\u00e0 pour vous aider. Contactez-nous par e-mail \u00e0\u00a0:<br>\ud83d\udce7 <strong>contact@flobquest.com<\/strong><br>Nous ferons de notre mieux pour que tout se passe bien pour vous.<\/p>\n\n\n\n<h2 class=\"wp-block-heading\">Toujours connect\u00e9<\/h2>\n\n\n\n<p>FlobQuest est un <strong>plateforme num\u00e9rique d&#039;abord<\/strong> Con\u00e7u pour les entrepreneurs, les professionnels et les esprits curieux du monde entier. M\u00eame sans bureau physique, nous sommes toujours en ligne\u00a0: \u00e0 l&#039;\u00e9coute, en apprentissage et en croissance avec notre communaut\u00e9.<\/p>\n\n\n\n<p>Merci encore de faire partie de la <strong>Communaut\u00e9 FlobQuest<\/strong>Vos commentaires et vos id\u00e9es alimentent tout ce que nous faisons.<\/p>\n\n\n\n<p>Cordialement,<br><strong>L&#039;\u00e9quipe FlobQuest<\/strong><\/p>","protected":false},"excerpt":{"rendered":"<p>Thank you for visiting FlobQuest, your hub for insights on business strategy, technology innovation, and marketing trends. Whether you\u2019re here to explore new ideas, sharpen your strategies, or stay ahead of emerging business shifts, we\u2019re glad you stopped by and we\u2019d love to hear from you. General Inquiries Have a question about FlobQuest or simply [&hellip;]<\/p>","protected":false},"author":76,"featured_media":0,"parent":0,"menu_order":0,"comment_status":"closed","ping_status":"closed","template":"","meta":{"footnotes":""},"_links":{"self":[{"href":"https:\/\/flobquest.com\/fr\/wp-json\/wp\/v2\/pages\/93"}],"collection":[{"href":"https:\/\/flobquest.com\/fr\/wp-json\/wp\/v2\/pages"}],"about":[{"href":"https:\/\/flobquest.com\/fr\/wp-json\/wp\/v2\/types\/page"}],"author":[{"embeddable":true,"href":"https:\/\/flobquest.com\/fr\/wp-json\/wp\/v2\/users\/76"}],"replies":[{"embeddable":true,"href":"https:\/\/flobquest.com\/fr\/wp-json\/wp\/v2\/comments?post=93"}],"version-history":[{"count":2,"href":"https:\/\/flobquest.com\/fr\/wp-json\/wp\/v2\/pages\/93\/revisions"}],"predecessor-version":[{"id":599,"href":"https:\/\/flobquest.com\/fr\/wp-json\/wp\/v2\/pages\/93\/revisions\/599"}],"wp:attachment":[{"href":"https:\/\/flobquest.com\/fr\/wp-json\/wp\/v2\/media?parent=93"}],"curies":[{"name":"wp","href":"https:\/\/api.w.org\/{rel}","templated":true}]}}