    {"id":95,"date":"2025-08-18T19:56:14","date_gmt":"2025-08-18T19:56:14","guid":{"rendered":"https:\/\/flobquest.com\/?page_id=95"},"modified":"2025-10-21T18:31:11","modified_gmt":"2025-10-21T18:31:11","slug":"privacy-policy","status":"publish","type":"page","link":"https:\/\/flobquest.com\/fr\/privacy-policy\/","title":{"rendered":"politique de confidentialit\u00e9"},"content":{"rendered":"<h2 class=\"wp-block-heading\"><\/h2>\n\n\n\n<p>Votre vie priv\u00e9e est importante pour nous. C&#039;est&nbsp;<strong>flobquest<\/strong>&nbsp;politique de respect de votre vie priv\u00e9e concernant toute information que nous pouvons collecter aupr\u00e8s de vous sur notre site Web,&nbsp;<a href=\"https:\/\/flobquest.com\/fr\/\">flobquest<\/a>, et d\u2019autres sites que nous poss\u00e9dons et exploitons.<\/p>\n\n\n\n<p>Nous ne vous demandons des informations personnelles que lorsque nous en avons r\u00e9ellement besoin pour vous fournir un service. Nous les collectons de mani\u00e8re juste et l\u00e9gale, avec votre consentement. Nous vous informons \u00e9galement des raisons pour lesquelles nous les collectons et de l&#039;utilisation qui en sera faite.<\/p>\n\n\n\n<p>Nous conservons les informations collect\u00e9es uniquement le temps n\u00e9cessaire pour vous fournir le service demand\u00e9. Nous prot\u00e9geons les donn\u00e9es que nous stockons par des moyens commercialement acceptables afin de pr\u00e9venir la perte et le vol, ainsi que l&#039;acc\u00e8s, la divulgation, la copie, l&#039;utilisation ou la modification non autoris\u00e9s.<\/p>\n\n\n\n<p>Nous ne partageons aucune information d&#039;identification personnelle publiquement ou avec des tiers, sauf lorsque la loi l&#039;exige.<\/p>\n\n\n\n<p>Notre site web peut contenir des liens vers des sites externes que nous n&#039;exploitons pas. Veuillez noter que nous n&#039;avons aucun contr\u00f4le sur le contenu et les pratiques de ces sites et d\u00e9clinons toute responsabilit\u00e9 quant \u00e0 leurs politiques de confidentialit\u00e9 respectives.<\/p>\n\n\n\n<p>Vous \u00eates libre de refuser notre demande de renseignements personnels, sachant que nous pourrions ne pas \u00eatre en mesure de vous fournir certains des services souhait\u00e9s.<\/p>\n\n\n\n<p>Votre utilisation continue de notre site web vaut acceptation de nos pratiques en mati\u00e8re de confidentialit\u00e9 et de donn\u00e9es personnelles. Pour toute question concernant la gestion des donn\u00e9es utilisateur et des donn\u00e9es personnelles, n&#039;h\u00e9sitez pas \u00e0 nous contacter.<\/p>\n\n\n\n<h2 class=\"wp-block-heading\"><strong>Politique relative aux cookies<\/strong>&nbsp;pour&nbsp;<strong>flobquest<\/strong><\/h2>\n\n\n\n<p>Ceci est la politique relative aux cookies pour&nbsp;<strong>flobquest<\/strong>, accessible depuis l&#039;URL<\/p>\n\n\n\n<h3 class=\"wp-block-heading\">Que sont les cookies<\/h3>\n\n\n\n<p>Comme c&#039;est le cas pour la plupart des sites web professionnels, ce site utilise des cookies, de minuscules fichiers t\u00e9l\u00e9charg\u00e9s sur votre ordinateur pour am\u00e9liorer votre exp\u00e9rience. Cette page d\u00e9crit les informations collect\u00e9es, leur utilisation et les raisons pour lesquelles nous devons parfois les stocker. Nous vous expliquerons \u00e9galement comment les emp\u00eacher, mais cela peut alt\u00e9rer ou perturber certaines fonctionnalit\u00e9s du site.<\/p>\n\n\n\n<h3 class=\"wp-block-heading\">Comment nous utilisons les cookies<\/h3>\n\n\n\n<p>Nous utilisons des cookies pour diverses raisons, d\u00e9taill\u00e9es ci-dessous. Malheureusement, dans la plupart des cas, il n&#039;existe pas de solution standard permettant de d\u00e9sactiver les cookies sans d\u00e9sactiver compl\u00e8tement les fonctionnalit\u00e9s qu&#039;ils ajoutent \u00e0 ce site. Il est recommand\u00e9 de conserver tous les cookies si vous n&#039;\u00eates pas s\u00fbr de leur utilit\u00e9, notamment s&#039;ils sont utilis\u00e9s pour fournir un service que vous utilisez.<\/p>\n\n\n\n<h3 class=\"wp-block-heading\">D\u00e9sactiver les cookies<\/h3>\n\n\n\n<p>Vous pouvez emp\u00eacher l&#039;installation de cookies en modifiant les param\u00e8tres de votre navigateur (consultez l&#039;aide de votre navigateur pour savoir comment proc\u00e9der). Sachez que la d\u00e9sactivation des cookies affectera le fonctionnement de ce site et de nombreux autres sites web que vous consultez. La d\u00e9sactivation des cookies entra\u00eene g\u00e9n\u00e9ralement la d\u00e9sactivation de certaines fonctionnalit\u00e9s de ce site. Il est donc recommand\u00e9 de ne pas d\u00e9sactiver les cookies.<\/p>\n\n\n\n<h3 class=\"wp-block-heading\">Les cookies que nous utilisons<\/h3>\n\n\n\n<ul>\n<li>Cookies li\u00e9s au compte<br>Si vous cr\u00e9ez un compte chez nous, nous utiliserons des cookies pour la gestion de votre inscription et l&#039;administration g\u00e9n\u00e9rale. Ces cookies sont g\u00e9n\u00e9ralement supprim\u00e9s lors de votre d\u00e9connexion, mais peuvent parfois \u00eatre conserv\u00e9s ult\u00e9rieurement pour m\u00e9moriser vos pr\u00e9f\u00e9rences lors de votre d\u00e9connexion.<\/li>\n\n\n\n<li>Cookies li\u00e9s \u00e0 la connexion<br>Nous utilisons des cookies lorsque vous \u00eates connect\u00e9 afin de m\u00e9moriser cette information. Cela vous \u00e9vite d&#039;avoir \u00e0 vous connecter \u00e0 chaque nouvelle page. Ces cookies sont g\u00e9n\u00e9ralement supprim\u00e9s lorsque vous vous d\u00e9connectez afin de vous permettre d&#039;acc\u00e9der uniquement aux fonctionnalit\u00e9s et zones restreintes lorsque vous \u00eates connect\u00e9.<\/li>\n\n\n\n<li>Cookies li\u00e9s aux newsletters par e-mail<br><br>Ce site propose des services d&#039;abonnement \u00e0 des newsletters ou par e-mail et des cookies peuvent \u00eatre utilis\u00e9s pour se souvenir si vous \u00eates d\u00e9j\u00e0 inscrit et pour savoir s&#039;il faut afficher certaines notifications qui pourraient n&#039;\u00eatre valables que pour les utilisateurs abonn\u00e9s\/d\u00e9sabonn\u00e9s.<\/li>\n\n\n\n<li>Cookies li\u00e9s au traitement des commandes<br>Ce site propose des services de commerce \u00e9lectronique ou de paiement et certains cookies sont essentiels pour garantir que votre commande soit m\u00e9moris\u00e9e entre les pages afin que nous puissions la traiter correctement.<\/li>\n\n\n\n<li>Cookies li\u00e9s aux enqu\u00eates<br>Nous proposons ponctuellement des enqu\u00eates et des questionnaires aupr\u00e8s des utilisateurs afin de vous fournir des informations int\u00e9ressantes, des outils utiles ou de mieux comprendre notre base d&#039;utilisateurs. Ces enqu\u00eates peuvent utiliser des cookies pour m\u00e9moriser les participants ou pour vous fournir des r\u00e9sultats pr\u00e9cis apr\u00e8s chaque changement de page.<\/li>\n\n\n\n<li>Cookies li\u00e9s aux formulaires<br>Lorsque vous soumettez des donn\u00e9es via un formulaire tel que ceux trouv\u00e9s sur les pages de contact ou les formulaires de commentaires, des cookies peuvent \u00eatre d\u00e9finis pour m\u00e9moriser vos informations d&#039;utilisateur pour une correspondance future.<\/li>\n\n\n\n<li>Cookies de pr\u00e9f\u00e9rences du site<br>Afin de vous offrir une exp\u00e9rience optimale sur ce site, nous vous proposons une fonctionnalit\u00e9 vous permettant de d\u00e9finir vos pr\u00e9f\u00e9rences de fonctionnement. Pour m\u00e9moriser vos pr\u00e9f\u00e9rences, nous utilisons des cookies afin que ces informations soient accessibles d\u00e8s que vous interagissez avec une page affect\u00e9e par vos pr\u00e9f\u00e9rences.<\/li>\n<\/ul>\n\n\n\n<h3 class=\"wp-block-heading\">Cookies tiers<\/h3>\n\n\n\n<p>Dans certains cas particuliers, nous utilisons \u00e9galement des cookies fournis par des tiers de confiance. La section suivante d\u00e9taille les cookies tiers que vous pourriez rencontrer sur ce site.<\/p>\n\n\n\n<ul>\n<li>Ce site utilise Google Analytics, l&#039;une des solutions d&#039;analyse les plus r\u00e9pandues et les plus fiables du web. Il nous permet de comprendre votre utilisation du site et de savoir comment am\u00e9liorer votre exp\u00e9rience. Ces cookies peuvent enregistrer des informations telles que votre temps de navigation et les pages que vous consultez, afin de nous permettre de continuer \u00e0 produire du contenu attrayant. Pour plus d&#039;informations sur les cookies Google Analytics, consultez la page officielle de Google Analytics.<\/li>\n\n\n\n<li>Des analyses tierces sont utilis\u00e9es pour suivre et mesurer l&#039;utilisation de ce site afin de continuer \u00e0 produire du contenu attrayant. Ces cookies peuvent enregistrer des informations telles que le temps pass\u00e9 sur le site ou les pages que vous consultez, ce qui nous permet de mieux comprendre comment nous pouvons l&#039;am\u00e9liorer.<\/li>\n\n\n\n<li>Nous testons r\u00e9guli\u00e8rement de nouvelles fonctionnalit\u00e9s et apportons des modifications subtiles \u00e0 la pr\u00e9sentation du site. Pendant cette phase de test, ces cookies peuvent \u00eatre utilis\u00e9s pour garantir une exp\u00e9rience coh\u00e9rente sur le site et nous assurer de comprendre les optimisations les plus appr\u00e9ci\u00e9es par nos utilisateurs.<\/li>\n\n\n\n<li>Lorsque nous vendons des produits, il est important pour nous de comprendre les statistiques concernant le nombre d&#039;achats effectu\u00e9s par les visiteurs de notre site. C&#039;est ce type de donn\u00e9es que ces cookies collectent. Ceci est important pour vous, car cela nous permet d&#039;\u00e9tablir des pr\u00e9visions commerciales pr\u00e9cises qui nous permettent de surveiller nos co\u00fbts publicitaires et produits afin de vous garantir le meilleur prix possible.<\/li>\n\n\n\n<li>Nous utilisons \u00e9galement des boutons et\/ou des plugins de r\u00e9seaux sociaux sur ce site, qui vous permettent de vous connecter \u00e0 vos r\u00e9seaux sociaux de diff\u00e9rentes mani\u00e8res. Pour leur fonctionnement, les r\u00e9seaux sociaux suivants, notamment\u00a0: , installent des cookies via notre site. Ces cookies peuvent \u00eatre utilis\u00e9s pour am\u00e9liorer votre profil sur leur site ou enrichir les donn\u00e9es qu&#039;ils d\u00e9tiennent \u00e0 diverses fins, d\u00e9crites dans leurs politiques de confidentialit\u00e9 respectives.<\/li>\n<\/ul>\n\n\n\n<h3 class=\"wp-block-heading\">Publicit\u00e9 (Google AdSense) et vos choix<\/h3>\n\n\n\n<p>Ce site utilise Google AdSense pour afficher des publicit\u00e9s. Google et ses partenaires peuvent utiliser des cookies ou d&#039;autres technologies pour diffuser, mesurer et personnaliser les annonces en fonction de vos visites sur ce site et d&#039;autres sites web.<\/p>\n\n\n\n<p>Pour savoir comment Google utilise les donn\u00e9es des sites et des applications qui utilisent ses services, visitez\u00a0:<br><a href=\"https:\/\/policies.google.com\/technologies\/partner-sites\">https:\/\/policies.google.com\/technologies\/partner-sites<\/a><\/p>\n\n\n\n<p><strong>D\u00e9sactiver les publicit\u00e9s personnalis\u00e9es\u00a0:<\/strong><br>Vous pouvez d\u00e9sactiver la publicit\u00e9 personnalis\u00e9e de Google en visitant votre <strong><a href=\"https:\/\/adssettings.google.com\/\">Param\u00e8tres des annonces (Mon centre de publicit\u00e9s)<\/a><\/strong>.<br>Vous pouvez \u00e9galement d\u00e9sactiver la publicit\u00e9 cibl\u00e9e par centres d&#039;int\u00e9r\u00eat de nombreux autres fournisseurs de publicit\u00e9 en visitant <strong><a href=\"https:\/\/www.aboutads.info\/choices\/\">AboutAds.info\/choices<\/a><\/strong>.<\/p>\n\n\n\n<p>Remarque\u00a0: m\u00eame si vous vous d\u00e9sabonnez, vous verrez toujours des publicit\u00e9s, mais elles pourraient \u00eatre moins pertinentes par rapport \u00e0 vos centres d&#039;int\u00e9r\u00eat.<\/p>\n\n\n\n<h2 class=\"wp-block-heading\"><\/h2>\n\n\n\n<h2 class=\"wp-block-heading\">Plus d&#039;informations<\/h2>\n\n\n\n<p>J&#039;esp\u00e8re que cela a clarifi\u00e9 les choses pour vous et comme cela a \u00e9t\u00e9 mentionn\u00e9 pr\u00e9c\u00e9demment, s&#039;il y a quelque chose dont vous n&#039;\u00eates pas s\u00fbr d&#039;avoir besoin ou non, il est g\u00e9n\u00e9ralement plus s\u00fbr de laisser les cookies activ\u00e9s au cas o\u00f9 ils interagiraient avec l&#039;une des fonctionnalit\u00e9s que vous utilisez sur notre site.<\/p>\n\n\n\n<p>Cette politique est en vigueur \u00e0 compter du&nbsp;<strong>Ao\u00fbt<\/strong>&nbsp;<strong>2025<\/strong>.<\/p>","protected":false},"excerpt":{"rendered":"<p>Your privacy is important to us. It is&nbsp;flobquest&#8217;s&nbsp;policy to respect your privacy regarding any information we may collect from you across our website,&nbsp;flobquest, and other sites we own and operate. We only ask for personal information when we truly need it to provide a service to you. We collect it by fair and lawful means, [&hellip;]<\/p>","protected":false},"author":76,"featured_media":0,"parent":0,"menu_order":0,"comment_status":"closed","ping_status":"closed","template":"","meta":{"footnotes":""},"_links":{"self":[{"href":"https:\/\/flobquest.com\/fr\/wp-json\/wp\/v2\/pages\/95"}],"collection":[{"href":"https:\/\/flobquest.com\/fr\/wp-json\/wp\/v2\/pages"}],"about":[{"href":"https:\/\/flobquest.com\/fr\/wp-json\/wp\/v2\/types\/page"}],"author":[{"embeddable":true,"href":"https:\/\/flobquest.com\/fr\/wp-json\/wp\/v2\/users\/76"}],"replies":[{"embeddable":true,"href":"https:\/\/flobquest.com\/fr\/wp-json\/wp\/v2\/comments?post=95"}],"version-history":[{"count":2,"href":"https:\/\/flobquest.com\/fr\/wp-json\/wp\/v2\/pages\/95\/revisions"}],"predecessor-version":[{"id":451,"href":"https:\/\/flobquest.com\/fr\/wp-json\/wp\/v2\/pages\/95\/revisions\/451"}],"wp:attachment":[{"href":"https:\/\/flobquest.com\/fr\/wp-json\/wp\/v2\/media?parent=95"}],"curies":[{"name":"wp","href":"https:\/\/api.w.org\/{rel}","templated":true}]}}