    {"id":93,"date":"2025-08-18T19:54:53","date_gmt":"2025-08-18T19:54:53","guid":{"rendered":"https:\/\/flobquest.com\/?page_id=93"},"modified":"2025-11-24T20:36:21","modified_gmt":"2025-11-24T20:36:21","slug":"contact","status":"publish","type":"page","link":"https:\/\/flobquest.com\/hr\/contact\/","title":{"rendered":"Kontakt"},"content":{"rendered":"<p>Hvala na posjeti <strong>FlobQuest<\/strong>, va\u0161e sredi\u0161te za uvide u poslovnu strategiju, tehnolo\u0161ke inovacije i marketin\u0161ke trendove. Bilo da ste ovdje kako biste istra\u017eili nove ideje, usavr\u0161ili svoje strategije ili ostali ispred nadolaze\u0107ih poslovnih promjena, drago nam je \u0161to ste navratili i voljeli bismo \u010duti va\u0161e mi\u0161ljenje.<\/p>\n\n\n\n<h2 class=\"wp-block-heading\">Op\u0107i upiti<\/h2>\n\n\n\n<p>Imate pitanje o FlobQuestu ili se jednostavno \u017eelite povezati s na\u0161im timom? Po\u0161aljite nam poruku na:<br>\ud83d\udce7 <strong>kontakt@flobquest.com<\/strong><br>Ovdje smo da vas pove\u017eemo, razjasnimo i podr\u017eimo na va\u0161em putu prema pametnijem poslovanju i inovacijama.<\/p>\n\n\n\n<h2 class=\"wp-block-heading\">Sadr\u017eaj i suradnja<\/h2>\n\n\n\n<p>\u017delite li predlo\u017eiti temu, komentirati \u010dlanak ili doprinijeti svojim stru\u010dnim znanjem u poslovanju, tehnologiji ili marketingu? Kontaktirajte nas na:<br>\ud83d\udce7 <strong>kontakt@flobquest.com<\/strong><br>Pozdravljamo svje\u017ee perspektive i volimo sura\u0111ivati s profesionalcima, piscima i inovatorima koji dijele na\u0161u viziju.<\/p>\n\n\n\n<h2 class=\"wp-block-heading\">Tehni\u010dka pomo\u0107<\/h2>\n\n\n\n<p>Ako nai\u0111ete na bilo kakve probleme tijekom pregledavanja FlobQuesta ili pristupanja na\u0161em sadr\u017eaju, na\u0161 tim za podr\u0161ku vam je na raspolaganju. Po\u0161aljite nam e-po\u0161tu na:<br>\ud83d\udce7 <strong>kontakt@flobquest.com<\/strong><br>Dat \u0107emo sve od sebe da sve te\u010de glatko za vas.<\/p>\n\n\n\n<h2 class=\"wp-block-heading\">Uvijek povezani<\/h2>\n\n\n\n<p>FlobQuest je <strong>platforma usmjerena na digitalno<\/strong> stvoreno za poduzetnike, profesionalce i znati\u017eeljne umove diljem svijeta. Iako mo\u017eda nemamo fizi\u010dki ured, uvijek smo online \u2014 slu\u0161amo, u\u010dimo i rastemo s na\u0161om zajednicom.<\/p>\n\n\n\n<p>Hvala vam jo\u0161 jednom \u0161to ste dio <strong>FlobQuest zajednica<\/strong>Va\u0161e povratne informacije i ideje pokre\u0107u sve \u0161to radimo.<\/p>\n\n\n\n<p>Srda\u010dan pozdrav,<br><strong>Tim FlobQuest-a<\/strong><\/p>","protected":false},"excerpt":{"rendered":"<p>Thank you for visiting FlobQuest, your hub for insights on business strategy, technology innovation, and marketing trends. Whether you\u2019re here to explore new ideas, sharpen your strategies, or stay ahead of emerging business shifts, we\u2019re glad you stopped by and we\u2019d love to hear from you. General Inquiries Have a question about FlobQuest or simply [&hellip;]<\/p>","protected":false},"author":76,"featured_media":0,"parent":0,"menu_order":0,"comment_status":"closed","ping_status":"closed","template":"","meta":{"footnotes":""},"_links":{"self":[{"href":"https:\/\/flobquest.com\/hr\/wp-json\/wp\/v2\/pages\/93"}],"collection":[{"href":"https:\/\/flobquest.com\/hr\/wp-json\/wp\/v2\/pages"}],"about":[{"href":"https:\/\/flobquest.com\/hr\/wp-json\/wp\/v2\/types\/page"}],"author":[{"embeddable":true,"href":"https:\/\/flobquest.com\/hr\/wp-json\/wp\/v2\/users\/76"}],"replies":[{"embeddable":true,"href":"https:\/\/flobquest.com\/hr\/wp-json\/wp\/v2\/comments?post=93"}],"version-history":[{"count":2,"href":"https:\/\/flobquest.com\/hr\/wp-json\/wp\/v2\/pages\/93\/revisions"}],"predecessor-version":[{"id":599,"href":"https:\/\/flobquest.com\/hr\/wp-json\/wp\/v2\/pages\/93\/revisions\/599"}],"wp:attachment":[{"href":"https:\/\/flobquest.com\/hr\/wp-json\/wp\/v2\/media?parent=93"}],"curies":[{"name":"wp","href":"https:\/\/api.w.org\/{rel}","templated":true}]}}