    {"id":95,"date":"2025-08-18T19:56:14","date_gmt":"2025-08-18T19:56:14","guid":{"rendered":"https:\/\/flobquest.com\/?page_id=95"},"modified":"2025-10-21T18:31:11","modified_gmt":"2025-10-21T18:31:11","slug":"privacy-policy","status":"publish","type":"page","link":"https:\/\/flobquest.com\/hr\/privacy-policy\/","title":{"rendered":"Pravila o privatnosti"},"content":{"rendered":"<h2 class=\"wp-block-heading\"><\/h2>\n\n\n\n<p>Va\u0161a privatnost nam je va\u017ena.&nbsp;<strong>flobquestov<\/strong>&nbsp;pravila o po\u0161tivanju va\u0161e privatnosti u vezi s bilo kojim informacijama koje mo\u017eemo prikupiti od vas putem na\u0161e web stranice,&nbsp;<a href=\"https:\/\/flobquest.com\/hr\/\">flobquest<\/a>i druge stranice koje posjedujemo i kojima upravljamo.<\/p>\n\n\n\n<p>Osobne podatke tra\u017eimo samo kada su nam zaista potrebni za pru\u017eanje usluge. Prikupljamo ih po\u0161tenim i zakonitim sredstvima, uz va\u0161e znanje i pristanak. Tako\u0111er vas obavje\u0161tavamo za\u0161to ih prikupljamo i kako \u0107e se koristiti.<\/p>\n\n\n\n<p>Prikupljene podatke \u010duvamo samo onoliko dugo koliko je potrebno da bismo vam pru\u017eili tra\u017eenu uslugu. Podatke koje pohranjujemo za\u0161titit \u0107emo komercijalno prihvatljivim sredstvima kako bismo sprije\u010dili gubitak i kra\u0111u, kao i neovla\u0161teni pristup, otkrivanje, kopiranje, kori\u0161tenje ili izmjenu.<\/p>\n\n\n\n<p>Ne dijelimo nikakve osobne podatke javno ili s tre\u0107im stranama, osim kada je to zakonski propisano.<\/p>\n\n\n\n<p>Na\u0161a web stranica mo\u017ee sadr\u017eavati poveznice na vanjske stranice kojima ne upravljamo mi. Imajte na umu da nemamo kontrolu nad sadr\u017eajem i praksama tih stranica te ne mo\u017eemo preuzeti odgovornost za njihove politike privatnosti.<\/p>\n\n\n\n<p>Slobodni ste odbiti na\u0161 zahtjev za va\u0161im osobnim podacima, uz razumijevanje da vam mo\u017eda ne\u0107emo mo\u0107i pru\u017eiti neke od \u017eeljenih usluga.<\/p>\n\n\n\n<p>Va\u0161e daljnje kori\u0161tenje na\u0161e web stranice smatrat \u0107e se prihva\u0107anjem na\u0161ih praksi u vezi s privatno\u0161\u0107u i osobnim podacima. Ako imate bilo kakvih pitanja o tome kako postupamo s korisni\u010dkim podacima i osobnim podacima, slobodno nas kontaktirajte.<\/p>\n\n\n\n<h2 class=\"wp-block-heading\"><strong>Pravila o kola\u010di\u0107ima<\/strong>&nbsp;za&nbsp;<strong>flobquest<\/strong><\/h2>\n\n\n\n<p>Ovo je Pravila o kola\u010di\u0107ima za&nbsp;<strong>flobquest<\/strong>, dostupno s URL-a<\/p>\n\n\n\n<h3 class=\"wp-block-heading\">\u0160to su kola\u010di\u0107i<\/h3>\n\n\n\n<p>Kao \u0161to je uobi\u010dajena praksa na gotovo svim profesionalnim web stranicama, ova stranica koristi kola\u010di\u0107e, male datoteke koje se preuzimaju na va\u0161e ra\u010dunalo, kako bi pobolj\u0161ala va\u0161e iskustvo. Ova stranica opisuje koje informacije prikupljaju, kako ih koristimo i za\u0161to ponekad trebamo pohranjivati te kola\u010di\u0107e. Tako\u0111er \u0107emo podijeliti kako mo\u017eete sprije\u010diti pohranjivanje ovih kola\u010di\u0107a, no to mo\u017ee smanjiti kvalitetu ili &#039;pokvariti&#039; odre\u0111ene elemente funkcionalnosti stranice.<\/p>\n\n\n\n<h3 class=\"wp-block-heading\">Kako koristimo kola\u010di\u0107e<\/h3>\n\n\n\n<p>Kola\u010di\u0107e koristimo iz raznih razloga detaljno opisanih u nastavku. Na\u017ealost, u ve\u0107ini slu\u010dajeva ne postoje standardne opcije u industriji za onemogu\u0107avanje kola\u010di\u0107a bez potpunog onemogu\u0107avanja funkcionalnosti i zna\u010dajki koje dodaju ovoj stranici. Preporu\u010duje se da ostavite sve kola\u010di\u0107e uklju\u010dene ako niste sigurni trebaju li vam ili ne, u slu\u010daju da se koriste za pru\u017eanje usluge koju koristite.<\/p>\n\n\n\n<h3 class=\"wp-block-heading\">Onemogu\u0107avanje kola\u010di\u0107a<\/h3>\n\n\n\n<p>Postavljanje kola\u010di\u0107a mo\u017eete sprije\u010diti pode\u0161avanjem postavki u svom pregledniku (pogledajte Pomo\u0107 za svoj preglednik za upute). Imajte na umu da \u0107e onemogu\u0107avanje kola\u010di\u0107a utjecati na funkcionalnost ove i mnogih drugih web stranica koje posje\u0107ujete. Onemogu\u0107avanje kola\u010di\u0107a obi\u010dno \u0107e rezultirati i onemogu\u0107avanjem odre\u0111enih funkcionalnosti i zna\u010dajki ove stranice. Stoga se preporu\u010duje da ne onemogu\u0107ujete kola\u010di\u0107e.<\/p>\n\n\n\n<h3 class=\"wp-block-heading\">Kola\u010di\u0107i koje postavljamo<\/h3>\n\n\n\n<ul>\n<li>Kola\u010di\u0107i povezani s ra\u010dunom<br>Ako kreirate ra\u010dun kod nas, koristit \u0107emo kola\u010di\u0107e za upravljanje postupkom registracije i op\u0107u administraciju. Ovi kola\u010di\u0107i obi\u010dno \u0107e se izbrisati kada se odjavite, no u nekim slu\u010dajevima mogu ostati i nakon toga kako bi zapamtili va\u0161e postavke web-mjesta kada se odjavite.<\/li>\n\n\n\n<li>Kola\u010di\u0107i povezani s prijavom<br>Kola\u010di\u0107e koristimo kada ste prijavljeni kako bismo zapamtili tu \u010dinjenicu. To vas sprje\u010dava da se morate prijavljivati svaki put kada posjetite novu stranicu. Ovi kola\u010di\u0107i se obi\u010dno uklanjaju ili bri\u0161u kada se odjavite kako biste mogli pristupiti samo ograni\u010denim zna\u010dajkama i podru\u010djima kada ste prijavljeni.<\/li>\n\n\n\n<li>Kola\u010di\u0107i povezani s e-mail biltenima<br><br>Ova stranica nudi usluge pretplate na newsletter ili e-po\u0161tu, a kola\u010di\u0107i se mogu koristiti kako bi se zapamtilo jeste li ve\u0107 registrirani i treba li prikazivati odre\u0111ene obavijesti koje mogu biti va\u017ee\u0107e samo za pretplatnike\/nepretplatnike.<\/li>\n\n\n\n<li>Kola\u010di\u0107i povezani s obradom narud\u017ebi<br>Ova stranica nudi mogu\u0107nosti e-trgovine ili pla\u0107anja, a neki kola\u010di\u0107i su neophodni kako bismo osigurali da se va\u0161a narud\u017eba zapamti izme\u0111u stranica kako bismo je mogli pravilno obraditi.<\/li>\n\n\n\n<li>Kola\u010di\u0107i povezani s anketama<br>S vremena na vrijeme nudimo korisni\u010dke ankete i upitnike kako bismo vam pru\u017eili zanimljive uvide, korisne alate ili kako bismo preciznije razumjeli na\u0161u korisni\u010dku bazu. Ove ankete mogu koristiti kola\u010di\u0107e kako bi zapamtile tko je ve\u0107 sudjelovao u anketi ili kako bi vam pru\u017eile to\u010dne rezultate nakon \u0161to promijenite stranice.<\/li>\n\n\n\n<li>Kola\u010di\u0107i povezani s obrascima<br>Kada \u0161aljete podatke putem obrasca poput onih na stranicama za kontakt ili obrascima za komentare, kola\u010di\u0107i se mogu postaviti tako da pamte va\u0161e korisni\u010dke podatke za budu\u0107u korespondenciju.<\/li>\n\n\n\n<li>Kola\u010di\u0107i postavki web-mjesta<br>Kako bismo vam pru\u017eili izvrsno iskustvo na ovoj stranici, nudimo funkcionalnost postavljanja va\u0161ih preferencija o tome kako ova stranica funkcionira kada je koristite. Kako bismo zapamtili va\u0161e preferencije, moramo postaviti kola\u010di\u0107e kako bismo mogli pozvati te informacije kad god komunicirate sa stranicom na koju utje\u010du va\u0161e preferencije.<\/li>\n<\/ul>\n\n\n\n<h3 class=\"wp-block-heading\">Kola\u010di\u0107i tre\u0107ih strana<\/h3>\n\n\n\n<p>U nekim posebnim slu\u010dajevima koristimo i kola\u010di\u0107e koje pru\u017eaju pouzdane tre\u0107e strane. Sljede\u0107i odjeljak detaljno opisuje s kojim se kola\u010di\u0107ima tre\u0107ih strana mo\u017eete susresti putem ove stranice.<\/p>\n\n\n\n<ul>\n<li>Ova stranica koristi Google Analytics, jedno od najra\u0161irenijih i najpouzdanijih analiti\u010dkih rje\u0161enja na webu koje nam poma\u017ee razumjeti kako koristite stranicu i na\u010dine na koje mo\u017eemo pobolj\u0161ati va\u0161e iskustvo. Ovi kola\u010di\u0107i mogu pratiti stvari poput vremena koje provodite na stranici i stranica koje posje\u0107ujete kako bismo mogli nastaviti stvarati zanimljiv sadr\u017eaj. Za vi\u0161e informacija o kola\u010di\u0107ima Google Analyticsa pogledajte slu\u017ebenu stranicu Google Analyticsa.<\/li>\n\n\n\n<li>Analitika tre\u0107ih strana koristi se za pra\u0107enje i mjerenje kori\u0161tenja ove stranice kako bismo mogli nastaviti proizvoditi zanimljiv sadr\u017eaj. Ovi kola\u010di\u0107i mogu pratiti stvari poput toga koliko dugo provodite na stranici ili stranicama koje posje\u0107ujete, \u0161to nam poma\u017ee da shvatimo kako mo\u017eemo pobolj\u0161ati stranicu za vas.<\/li>\n\n\n\n<li>S vremena na vrijeme testiramo nove zna\u010dajke i unosimo suptilne promjene u na\u010din na koji se stranica isporu\u010duje. Dok jo\u0161 uvijek testiramo nove zna\u010dajke, ovi kola\u010di\u0107i mogu se koristiti kako bismo osigurali dosljedno iskustvo dok ste na stranici, a istovremeno osigurali da razumijemo koje optimizacije na\u0161i korisnici najvi\u0161e cijene.<\/li>\n\n\n\n<li>Budu\u0107i da prodajemo proizvode, va\u017eno nam je razumjeti statistiku o tome koliko posjetitelja na\u0161e stranice zapravo obavi kupnju i kao takvi, to su podaci koje \u0107e ovi kola\u010di\u0107i pratiti. To je va\u017eno za vas jer zna\u010di da mo\u017eemo to\u010dno donositi poslovna predvi\u0111anja koja nam omogu\u0107uju pra\u0107enje tro\u0161kova ogla\u0161avanja i proizvoda kako bismo osigurali najbolju mogu\u0107u cijenu.<\/li>\n\n\n\n<li>Na ovoj stranici tako\u0111er koristimo gumbe i\/ili dodatke dru\u0161tvenih mre\u017ea koji vam omogu\u0107uju povezivanje s va\u0161om dru\u0161tvenom mre\u017eom na razli\u010dite na\u010dine. Da bi to funkcioniralo, sljede\u0107e stranice dru\u0161tvenih mre\u017ea, uklju\u010duju\u0107i; , postavit \u0107e kola\u010di\u0107e putem na\u0161e stranice koji se mogu koristiti za pobolj\u0161anje va\u0161eg profila na njihovoj stranici ili doprinijeti podacima koje posjeduju u razli\u010dite svrhe navedene u njihovim odgovaraju\u0107im pravilima o privatnosti.<\/li>\n<\/ul>\n\n\n\n<h3 class=\"wp-block-heading\">Ogla\u0161avanje (Google AdSense) i va\u0161i izbori<\/h3>\n\n\n\n<p>Ova stranica koristi Google AdSense za prikazivanje oglasa. Google i njegovi partneri mogu koristiti kola\u010di\u0107e ili druge tehnologije za isporuku, mjerenje i personalizaciju oglasa na temelju va\u0161ih posjeta ovoj i drugim web stranicama.<\/p>\n\n\n\n<p>Da biste saznali kako Google koristi podatke s web-mjesta i aplikacija koje koriste njegove usluge, posjetite:<br><a href=\"https:\/\/policies.google.com\/technologies\/partner-sites\">https:\/\/policies.google.com\/technologies\/partner-sites<\/a><\/p>\n\n\n\n<p><strong>Isklju\u010divanje iz personaliziranih oglasa:<\/strong><br>Mo\u017eete se isklju\u010diti iz personaliziranog ogla\u0161avanja od Googlea posjetom <strong><a href=\"https:\/\/adssettings.google.com\/\">Postavke oglasa (Moj centar za oglase)<\/a><\/strong>.<br>Alternativno, mo\u017eete se isklju\u010diti iz ogla\u0161avanja temeljenog na interesima mnogih drugih pru\u017eatelja oglasa posjetom <strong><a href=\"https:\/\/www.aboutads.info\/choices\/\">AboutAds.info\/choices<\/a><\/strong>.<\/p>\n\n\n\n<p>Napomena: \u010cak i ako se isklju\u010dite, i dalje \u0107ete vidjeti oglase, ali oni mogu biti manje relevantni za va\u0161e interese.<\/p>\n\n\n\n<h2 class=\"wp-block-heading\"><\/h2>\n\n\n\n<h2 class=\"wp-block-heading\">Vi\u0161e informacija<\/h2>\n\n\n\n<p>Nadam se da vam je ovo razjasnilo stvari i kao \u0161to je prethodno spomenuto, ako postoji ne\u0161to za \u0161to niste sigurni trebate li ili ne, obi\u010dno je sigurnije ostaviti kola\u010di\u0107e omogu\u0107ene u slu\u010daju da to utje\u010de na neku od zna\u010dajki koje koristite na na\u0161oj web stranici.<\/p>\n\n\n\n<p>Ova politika stupa na snagu od&nbsp;<strong>kolovoza<\/strong>&nbsp;<strong>2025<\/strong>.<\/p>","protected":false},"excerpt":{"rendered":"<p>Your privacy is important to us. It is&nbsp;flobquest&#8217;s&nbsp;policy to respect your privacy regarding any information we may collect from you across our website,&nbsp;flobquest, and other sites we own and operate. We only ask for personal information when we truly need it to provide a service to you. We collect it by fair and lawful means, [&hellip;]<\/p>","protected":false},"author":76,"featured_media":0,"parent":0,"menu_order":0,"comment_status":"closed","ping_status":"closed","template":"","meta":{"footnotes":""},"_links":{"self":[{"href":"https:\/\/flobquest.com\/hr\/wp-json\/wp\/v2\/pages\/95"}],"collection":[{"href":"https:\/\/flobquest.com\/hr\/wp-json\/wp\/v2\/pages"}],"about":[{"href":"https:\/\/flobquest.com\/hr\/wp-json\/wp\/v2\/types\/page"}],"author":[{"embeddable":true,"href":"https:\/\/flobquest.com\/hr\/wp-json\/wp\/v2\/users\/76"}],"replies":[{"embeddable":true,"href":"https:\/\/flobquest.com\/hr\/wp-json\/wp\/v2\/comments?post=95"}],"version-history":[{"count":2,"href":"https:\/\/flobquest.com\/hr\/wp-json\/wp\/v2\/pages\/95\/revisions"}],"predecessor-version":[{"id":451,"href":"https:\/\/flobquest.com\/hr\/wp-json\/wp\/v2\/pages\/95\/revisions\/451"}],"wp:attachment":[{"href":"https:\/\/flobquest.com\/hr\/wp-json\/wp\/v2\/media?parent=95"}],"curies":[{"name":"wp","href":"https:\/\/api.w.org\/{rel}","templated":true}]}}