    {"id":91,"date":"2025-08-18T19:54:06","date_gmt":"2025-08-18T19:54:06","guid":{"rendered":"https:\/\/flobquest.com\/?page_id=91"},"modified":"2025-11-24T20:44:10","modified_gmt":"2025-11-24T20:44:10","slug":"about-us","status":"publish","type":"page","link":"https:\/\/flobquest.com\/hu\/about-us\/","title":{"rendered":"R\u00f3lunk"},"content":{"rendered":"<h1 class=\"wp-block-heading\"><\/h1>\n\n\n\n<p><strong>\u00dcdv\u00f6z\u00f6lj\u00fck a FlobQuestben<\/strong> \u2013 megb\u00edzhat\u00f3 k\u00f6zpont, ahol friss inform\u00e1ci\u00f3kat kaphat az \u00fczleti strat\u00e9gi\u00e1r\u00f3l, a technol\u00f3giai innov\u00e1ci\u00f3r\u00f3l \u00e9s a marketingtrendekr\u0151l. Ak\u00e1r v\u00e1llalkoz\u00f3, ak\u00e1r szakember, startup alap\u00edt\u00f3, vagy egyszer\u0171en csak k\u00edv\u00e1ncsi az \u00fczleti \u00e9let j\u00f6v\u0151j\u00e9re, a FlobQuest itt van, hogy vil\u00e1gos \u00e9s j\u00f6v\u0151k\u00e9pes \u00fatmutat\u00e1st adjon \u00d6nnek.<\/p>\n\n\n\n<h2 class=\"wp-block-heading\"><strong>Mi hajt minket<\/strong><\/h2>\n\n\n\n<p>A FlobQuestn\u00e9l hisz\u00fcnk abban, hogy a tud\u00e1s a n\u00f6veked\u00e9s \u00e9s az \u00e1talakul\u00e1s alapja. K\u00fcldet\u00e9s\u00fcnk egyszer\u0171: el\u00e9rhet\u0151, megb\u00edzhat\u00f3 \u00e9s el\u0151remutat\u00f3 tartalommal felruh\u00e1zni az egy\u00e9neket, a vezet\u0151ket \u00e9s a v\u00e1llalkoz\u00e1sokat. M\u00e9lyrehat\u00f3 cikkek, gyakorlatias strat\u00e9gi\u00e1k, teljes\u00edtm\u00e9nyorient\u00e1lt betekint\u00e9sek \u00e9s trendelemz\u00e9sek r\u00e9v\u00e9n c\u00e9lunk, hogy az \u00fczleti innov\u00e1ci\u00f3 \u00e9s a digit\u00e1lis \u00e1talakul\u00e1s \u00f6sszetett vil\u00e1g\u00e1t k\u00f6nnyebben \u00e9rthet\u0151v\u00e9 \u00e9s alkalmazhat\u00f3v\u00e1 tegy\u00fck.<\/p>\n\n\n\n<p>Elk\u00f6telezettek vagyunk az ir\u00e1nt, hogy seg\u00edts\u00fcnk \u00d6nnek a versenyben maradni \u2013 legyen sz\u00f3 ak\u00e1r a felt\u00f6rekv\u0151 marketingtrendek eligazod\u00e1s\u00e1r\u00f3l, a vezet\u0151i k\u00e9szs\u00e9gek fejleszt\u00e9s\u00e9r\u0151l, a m\u0171k\u00f6d\u00e9si teljes\u00edtm\u00e9ny jav\u00edt\u00e1s\u00e1r\u00f3l, vagy a startupok \u00e9s \u00faj v\u00e1llalkoz\u00e1sok gyorsan v\u00e1ltoz\u00f3 vil\u00e1g\u00e1nak felfedez\u00e9s\u00e9r\u0151l. C\u00e9lunk, hogy olyan tartalmakat ny\u00fajtsunk, amelyek nemcsak t\u00e1j\u00e9koztatnak, hanem t\u00e1mogatj\u00e1k is a jobb d\u00f6nt\u00e9seket, az intelligensebb strat\u00e9gi\u00e1kat \u00e9s a hossz\u00fa t\u00e1v\u00fa hat\u00e1st.<\/p>\n\n\n\n<h2 class=\"wp-block-heading\"><strong>Kik vagyunk<\/strong><\/h2>\n\n\n\n<p>A FlobQuest nem csup\u00e1n egy \u00fajabb \u00fczleti blog \u2013 hanem gondolkod\u00f3k, innov\u00e1torok, v\u00e1llalkoz\u00f3k, vezet\u0151k \u00e9s \u00e9lethosszig tart\u00f3 tanul\u00e1sban r\u00e9szt vev\u0151k n\u00f6vekv\u0151 k\u00f6z\u00f6ss\u00e9ge. Tartalmainkat olyan \u00edr\u00f3k \u00e9s szakemberek alkotj\u00e1k, akik a val\u00f3s tapasztalatokat \u00f6tv\u00f6zik azzal a szenved\u00e9llyel, hogy felfedezz\u00e9k, hogyan alak\u00edtja a strat\u00e9gia, a technol\u00f3gia, a teljes\u00edtm\u00e9nyoptimaliz\u00e1l\u00e1s, a marketing \u00e9s a startup kult\u00fara a holnap lehet\u0151s\u00e9geit.<\/p>\n\n\n\n<p>A strat\u00e9giai n\u00f6veked\u00e9st\u0151l \u00e9s vezet\u0151fejleszt\u00e9st\u0151l az \u00e1tt\u00f6r\u00e9st jelent\u0151 \u00f6tleteken, az \u00faj \u00fczleti modelleken \u00e9s a fejl\u0151d\u0151 startup \u00f6kosziszt\u00e9m\u00e1n \u00e1t, a ma fontos t\u00e9m\u00e1kat \u00e9s a holnap siker\u00e9t meghat\u00e1roz\u00f3 trendeket \u00f6lelj\u00fck fel. Hisz\u00fcnk abban, hogy a gyakorlati \u00fatmutat\u00e1st mer\u00e9sz gondolkod\u00e1ssal kell \u00f6tv\u00f6zni, hogy seg\u00edts\u00fck olvas\u00f3inkat er\u0151sebb v\u00e1llalkoz\u00e1sok \u00e9s magabiztosabb szakmai utak \u00e9p\u00edt\u00e9s\u00e9ben.<\/p>\n\n\n\n<h2 class=\"wp-block-heading\"><strong>V\u00e1lj akt\u00edvv\u00e1<\/strong><\/h2>\n\n\n\n<p>A v\u00e9lem\u00e9nyed sz\u00e1m\u00edt. Van olyan t\u00e9ma, amit szeretn\u00e9l, hogy megvizsg\u00e1ljunk? Szeretn\u00e9d megosztani a megl\u00e1t\u00e1saidat, a teljes\u00edtm\u00e9nyeddel kapcsolatos tanuls\u00e1gaidat vagy az \u00fczleti utad? Keress minket \u2013 mindig nyitottak vagyunk az egy\u00fcttm\u0171k\u00f6d\u00e9sre \u00e9s a besz\u00e9lget\u00e9sekre azokkal az olvas\u00f3kkal, akiket \u00e9rdekel az \u00fczleti \u00e9let j\u00f6v\u0151j\u00e9nek alak\u00edt\u00e1sa.<\/p>\n\n\n\n<p>Haladjunk el\u0151re egy\u00fctt az intelligensebb strat\u00e9gi\u00e1k, az er\u0151sebb vezet\u00e9s, az \u00e1tt\u00f6r\u00e9st jelent\u0151 innov\u00e1ci\u00f3 \u00e9s a tart\u00f3s hat\u00e1s fel\u00e9.<\/p>","protected":false},"excerpt":{"rendered":"<p>Welcome to FlobQuest \u2013 your trusted hub for fresh insights into business strategy, technology innovation, and marketing trends. Whether you\u2019re an entrepreneur, a professional, a startup founder, or simply curious about the future of business, FlobQuest is here to guide you with clarity and vision. What drives us At FlobQuest, we believe that knowledge is [&hellip;]<\/p>","protected":false},"author":76,"featured_media":0,"parent":0,"menu_order":0,"comment_status":"closed","ping_status":"closed","template":"","meta":{"footnotes":""},"_links":{"self":[{"href":"https:\/\/flobquest.com\/hu\/wp-json\/wp\/v2\/pages\/91"}],"collection":[{"href":"https:\/\/flobquest.com\/hu\/wp-json\/wp\/v2\/pages"}],"about":[{"href":"https:\/\/flobquest.com\/hu\/wp-json\/wp\/v2\/types\/page"}],"author":[{"embeddable":true,"href":"https:\/\/flobquest.com\/hu\/wp-json\/wp\/v2\/users\/76"}],"replies":[{"embeddable":true,"href":"https:\/\/flobquest.com\/hu\/wp-json\/wp\/v2\/comments?post=91"}],"version-history":[{"count":2,"href":"https:\/\/flobquest.com\/hu\/wp-json\/wp\/v2\/pages\/91\/revisions"}],"predecessor-version":[{"id":600,"href":"https:\/\/flobquest.com\/hu\/wp-json\/wp\/v2\/pages\/91\/revisions\/600"}],"wp:attachment":[{"href":"https:\/\/flobquest.com\/hu\/wp-json\/wp\/v2\/media?parent=91"}],"curies":[{"name":"wp","href":"https:\/\/api.w.org\/{rel}","templated":true}]}}