    {"id":93,"date":"2025-08-18T19:54:53","date_gmt":"2025-08-18T19:54:53","guid":{"rendered":"https:\/\/flobquest.com\/?page_id=93"},"modified":"2025-11-24T20:36:21","modified_gmt":"2025-11-24T20:36:21","slug":"contact","status":"publish","type":"page","link":"https:\/\/flobquest.com\/hu\/contact\/","title":{"rendered":"\u00c9rintkez\u00e9s"},"content":{"rendered":"<p>K\u00f6sz\u00f6n\u00f6m a l\u00e1togat\u00e1st <strong>FlobQuest<\/strong>, az \u00fczleti strat\u00e9gia, a technol\u00f3giai innov\u00e1ci\u00f3 \u00e9s a marketingtrendek ter\u00e9n hasznos inform\u00e1ci\u00f3k k\u00f6zpontja. Ak\u00e1r \u00faj \u00f6tletek felfedez\u00e9s\u00e9re, strat\u00e9gi\u00e1i finom\u00edt\u00e1s\u00e1ra, ak\u00e1r a felmer\u00fcl\u0151 \u00fczleti v\u00e1ltoz\u00e1sok l\u00e9p\u00e9start\u00e1s\u00e1ra \u00e9rkezik, \u00f6r\u00fcl\u00fcnk, hogy ell\u00e1togatott hozz\u00e1nk, \u00e9s \u00f6r\u00f6mmel hallunk fel\u0151led.<\/p>\n\n\n\n<h2 class=\"wp-block-heading\">\u00c1ltal\u00e1nos k\u00e9rd\u00e9sek<\/h2>\n\n\n\n<p>K\u00e9rd\u00e9se van a FlobQuesttel kapcsolatban, vagy egyszer\u0171en csak szeretne kapcsolatba l\u00e9pni csapatunkkal? \u00cdrjon nek\u00fcnk \u00fczenetet a k\u00f6vetkez\u0151 c\u00edmre:<br>\ud83d\udce7 <strong>contact@flobquest.com<\/strong><br>Az\u00e9rt vagyunk itt, hogy kapcsolatba l\u00e9pj\u00fcnk \u00d6nnel, tiszt\u00e1zzuk a helyzetet \u00e9s t\u00e1mogassuk \u00d6nt az intelligensebb \u00fczleti \u00e9s innov\u00e1ci\u00f3s folyamatban.<\/p>\n\n\n\n<h2 class=\"wp-block-heading\">Tartalom \u00e9s egy\u00fcttm\u0171k\u00f6d\u00e9s<\/h2>\n\n\n\n<p>Szeretne t\u00e9m\u00e1t javasolni, hozz\u00e1sz\u00f3lni egy cikkhez, vagy megosztani \u00fczleti, technol\u00f3giai vagy marketing szak\u00e9rtelm\u00e9t? L\u00e9pjen kapcsolatba vel\u00fcnk a k\u00f6vetkez\u0151 el\u00e9rhet\u0151s\u00e9geken:<br>\ud83d\udce7 <strong>contact@flobquest.com<\/strong><br>Sz\u00edvesen fogadunk friss n\u00e9z\u0151pontokat, \u00e9s szeret\u00fcnk egy\u00fcttm\u0171k\u00f6dni olyan szakemberekkel, \u00edr\u00f3kkal \u00e9s \u00faj\u00edt\u00f3kkal, akik osztoznak a mi elk\u00e9pzel\u00e9seinkben.<\/p>\n\n\n\n<h2 class=\"wp-block-heading\">M\u0171szaki seg\u00edts\u00e9gny\u00fajt\u00e1s<\/h2>\n\n\n\n<p>Ha b\u00e1rmilyen probl\u00e9m\u00e1ba \u00fctk\u00f6zik a FlobQuest b\u00f6ng\u00e9sz\u00e9se vagy tartalmaink el\u00e9r\u00e9se sor\u00e1n, \u00fcgyf\u00e9lszolg\u00e1latunk k\u00e9szs\u00e9ggel \u00e1ll rendelkez\u00e9s\u00e9re. \u00cdrjon nek\u00fcnk a k\u00f6vetkez\u0151 c\u00edmre:<br>\ud83d\udce7 <strong>contact@flobquest.com<\/strong><br>Mindent megtesz\u00fcnk, hogy minden z\u00f6kken\u0151mentesen menjen az \u00d6n sz\u00e1m\u00e1ra.<\/p>\n\n\n\n<h2 class=\"wp-block-heading\">Mindig kapcsolatban<\/h2>\n\n\n\n<p>A FlobQuest egy <strong>digit\u00e1lis-els\u0151 platform<\/strong> V\u00e1llalkoz\u00f3k, szakemberek \u00e9s k\u00edv\u00e1ncsi elm\u00e9k sz\u00e1m\u00e1ra k\u00e9sz\u00fclt vil\u00e1gszerte. B\u00e1r lehet, hogy nincs fizikai irod\u00e1nk, mindig online vagyunk \u2013 figyel\u00fcnk, tanulunk \u00e9s egy\u00fctt fejl\u0151d\u00fcnk a k\u00f6z\u00f6ss\u00e9g\u00fcnkkel.<\/p>\n\n\n\n<p>M\u00e9g egyszer k\u00f6sz\u00f6n\u00f6m, hogy r\u00e9szesei lehettem a <strong>FlobQuest k\u00f6z\u00f6ss\u00e9g<\/strong>Az \u00d6n visszajelz\u00e9se \u00e9s \u00f6tletei vez\u00e9rlik minden tev\u00e9kenys\u00e9g\u00fcnket.<\/p>\n\n\n\n<p>Szeretettel,<br><strong>A FlobQuest csapata<\/strong><\/p>","protected":false},"excerpt":{"rendered":"<p>Thank you for visiting FlobQuest, your hub for insights on business strategy, technology innovation, and marketing trends. Whether you\u2019re here to explore new ideas, sharpen your strategies, or stay ahead of emerging business shifts, we\u2019re glad you stopped by and we\u2019d love to hear from you. General Inquiries Have a question about FlobQuest or simply [&hellip;]<\/p>","protected":false},"author":76,"featured_media":0,"parent":0,"menu_order":0,"comment_status":"closed","ping_status":"closed","template":"","meta":{"footnotes":""},"_links":{"self":[{"href":"https:\/\/flobquest.com\/hu\/wp-json\/wp\/v2\/pages\/93"}],"collection":[{"href":"https:\/\/flobquest.com\/hu\/wp-json\/wp\/v2\/pages"}],"about":[{"href":"https:\/\/flobquest.com\/hu\/wp-json\/wp\/v2\/types\/page"}],"author":[{"embeddable":true,"href":"https:\/\/flobquest.com\/hu\/wp-json\/wp\/v2\/users\/76"}],"replies":[{"embeddable":true,"href":"https:\/\/flobquest.com\/hu\/wp-json\/wp\/v2\/comments?post=93"}],"version-history":[{"count":2,"href":"https:\/\/flobquest.com\/hu\/wp-json\/wp\/v2\/pages\/93\/revisions"}],"predecessor-version":[{"id":599,"href":"https:\/\/flobquest.com\/hu\/wp-json\/wp\/v2\/pages\/93\/revisions\/599"}],"wp:attachment":[{"href":"https:\/\/flobquest.com\/hu\/wp-json\/wp\/v2\/media?parent=93"}],"curies":[{"name":"wp","href":"https:\/\/api.w.org\/{rel}","templated":true}]}}