    {"id":95,"date":"2025-08-18T19:56:14","date_gmt":"2025-08-18T19:56:14","guid":{"rendered":"https:\/\/flobquest.com\/?page_id=95"},"modified":"2025-10-21T18:31:11","modified_gmt":"2025-10-21T18:31:11","slug":"privacy-policy","status":"publish","type":"page","link":"https:\/\/flobquest.com\/hu\/privacy-policy\/","title":{"rendered":"Adatv\u00e9delmi ir\u00e1nyelvek"},"content":{"rendered":"<h2 class=\"wp-block-heading\"><\/h2>\n\n\n\n<p>Az \u00d6n adatainak v\u00e9delme fontos sz\u00e1munkra.&nbsp;<strong>Flobquest<\/strong>&nbsp;szab\u00e1lyzat, amely tiszteletben tartja az \u00d6n adatainak v\u00e9delm\u00e9t a weboldalunkon kereszt\u00fcl gy\u0171jt\u00f6tt inform\u00e1ci\u00f3kkal kapcsolatban,&nbsp;<a href=\"https:\/\/flobquest.com\/hu\/\">flobquest<\/a>, \u00e9s m\u00e1s, \u00e1ltalunk tulajdonolt \u00e9s \u00fczemeltetett webhelyek.<\/p>\n\n\n\n<p>Szem\u00e9lyes adatokat csak akkor k\u00e9r\u00fcnk, ha val\u00f3ban sz\u00fcks\u00e9g\u00fcnk van r\u00e1juk ahhoz, hogy szolg\u00e1ltat\u00e1st ny\u00fajthassunk \u00d6nnek. Tisztess\u00e9ges \u00e9s t\u00f6rv\u00e9nyes eszk\u00f6z\u00f6kkel gy\u0171jtj\u00fck azokat, az \u00d6n tudt\u00e1val \u00e9s hozz\u00e1j\u00e1rul\u00e1s\u00e1val. Azt is t\u00e1j\u00e9koztatjuk \u00d6nt, hogy mi\u00e9rt gy\u0171jtj\u00fck azokat, \u00e9s hogyan fogjuk azokat felhaszn\u00e1lni.<\/p>\n\n\n\n<p>A gy\u0171jt\u00f6tt inform\u00e1ci\u00f3kat csak addig \u0151rizz\u00fck meg, ameddig az a k\u00e9rt szolg\u00e1ltat\u00e1s ny\u00fajt\u00e1s\u00e1hoz sz\u00fcks\u00e9ges. A t\u00e1rolt adatokat kereskedelmi szempontb\u00f3l elfogadhat\u00f3 m\u00f3don v\u00e9dj\u00fck az elveszt\u00e9ssel \u00e9s ellop\u00e1ssal, valamint a jogosulatlan hozz\u00e1f\u00e9r\u00e9ssel, nyilv\u00e1noss\u00e1gra hozatallal, m\u00e1sol\u00e1s, felhaszn\u00e1l\u00e1ssal vagy m\u00f3dos\u00edt\u00e1ssal szemben.<\/p>\n\n\n\n<p>Szem\u00e9lyazonos\u00edt\u00e1sra alkalmas adatokat nem osztunk meg nyilv\u00e1nosan vagy harmadik felekkel, kiv\u00e9ve, ha erre t\u00f6rv\u00e9ny k\u00f6telez.<\/p>\n\n\n\n<p>Weboldalunk k\u00fcls\u0151 oldalakra mutat\u00f3 hivatkoz\u00e1sokat tartalmazhat, amelyeket nem mi \u00fczemeltet\u00fcnk. Felh\u00edvjuk figyelm\u00e9t, hogy nincs befoly\u00e1sunk ezen oldalak tartalm\u00e1ra \u00e9s gyakorlat\u00e1ra, \u00e9s nem v\u00e1llalhatunk felel\u0151ss\u00e9get a vonatkoz\u00f3 adatv\u00e9delmi ir\u00e1nyelveik\u00e9rt.<\/p>\n\n\n\n<p>\u00d6n szabadon megtagadhatja a szem\u00e9lyes adataira vonatkoz\u00f3 k\u00e9r\u00e9s\u00fcnket, azzal a tudattal, hogy el\u0151fordulhat, hogy nem tudunk majd bizonyos, \u00d6n \u00e1ltal k\u00edv\u00e1nt szolg\u00e1ltat\u00e1sokat ny\u00fajtani.<\/p>\n\n\n\n<p>Weboldalunk tov\u00e1bbi haszn\u00e1lat\u00e1val elfogadja az adatv\u00e9delemmel \u00e9s a szem\u00e9lyes adatokkal kapcsolatos gyakorlatunkat. Ha b\u00e1rmilyen k\u00e9rd\u00e9se van a felhaszn\u00e1l\u00f3i adatok \u00e9s a szem\u00e9lyes adatok kezel\u00e9s\u00e9vel kapcsolatban, forduljon hozz\u00e1nk bizalommal.<\/p>\n\n\n\n<h2 class=\"wp-block-heading\"><strong>S\u00fctikre vonatkoz\u00f3 szab\u00e1lyzat<\/strong>&nbsp;mert&nbsp;<strong>flobquest<\/strong><\/h2>\n\n\n\n<p>Ez a s\u00fctikre vonatkoz\u00f3 szab\u00e1lyzat a k\u00f6vetkez\u0151h\u00f6z tartozik:&nbsp;<strong>flobquest<\/strong>, el\u00e9rhet\u0151 URL-c\u00edmr\u0151l<\/p>\n\n\n\n<h3 class=\"wp-block-heading\">Mik azok a s\u00fctik?<\/h3>\n\n\n\n<p>Mint szinte minden professzion\u00e1lis weboldaln\u00e1l bevett gyakorlat, ez az oldal is s\u00fctiket haszn\u00e1l, amelyek apr\u00f3 f\u00e1jlok, amelyeket a sz\u00e1m\u00edt\u00f3g\u00e9p\u00e9re t\u00f6ltenek le a felhaszn\u00e1l\u00f3i \u00e9lm\u00e9ny jav\u00edt\u00e1sa \u00e9rdek\u00e9ben. Ez az oldal le\u00edrja, hogy milyen inform\u00e1ci\u00f3kat gy\u0171jtenek, hogyan haszn\u00e1ljuk fel azokat, \u00e9s mi\u00e9rt van sz\u00fcks\u00e9g\u00fcnk n\u00e9ha ezeknek a s\u00fctiknek a t\u00e1rol\u00e1s\u00e1ra. Azt is megosztjuk, hogyan akad\u00e1lyozhatja meg ezeknek a s\u00fctiknek a t\u00e1rol\u00e1s\u00e1t, azonban ez a webhely bizonyos funkci\u00f3inak leroml\u00e1s\u00e1hoz vagy \u201emeghib\u00e1sod\u00e1s\u00e1hoz\u201d vezethet.<\/p>\n\n\n\n<h3 class=\"wp-block-heading\">Hogyan haszn\u00e1ljuk a s\u00fctiket<\/h3>\n\n\n\n<p>S\u00fctiket haszn\u00e1lunk k\u00fcl\u00f6nf\u00e9le okokb\u00f3l, amelyeket az al\u00e1bbiakban r\u00e9szletez\u00fcnk. Sajnos a legt\u00f6bb esetben nincsenek ipar\u00e1gi szabv\u00e1nyos lehet\u0151s\u00e9gek a s\u00fctik letilt\u00e1s\u00e1ra an\u00e9lk\u00fcl, hogy teljesen letiltan\u00e1nk az oldalhoz hozz\u00e1adott funkci\u00f3kat \u00e9s funkci\u00f3kat. Javasoljuk, hogy hagyja bekapcsolva az \u00f6sszes s\u00fctit, ha nem biztos benne, hogy sz\u00fcks\u00e9ge van-e r\u00e1juk vagy sem, abban az esetben, ha egy \u00d6n \u00e1ltal haszn\u00e1lt szolg\u00e1ltat\u00e1s ny\u00fajt\u00e1s\u00e1hoz haszn\u00e1lj\u00e1k \u0151ket.<\/p>\n\n\n\n<h3 class=\"wp-block-heading\">S\u00fctik letilt\u00e1sa<\/h3>\n\n\n\n<p>A s\u00fctik elhelyez\u00e9s\u00e9t megakad\u00e1lyozhatja a b\u00f6ng\u00e9sz\u0151je be\u00e1ll\u00edt\u00e1sainak m\u00f3dos\u00edt\u00e1s\u00e1val (err\u0151l a b\u00f6ng\u00e9sz\u0151 S\u00fag\u00f3j\u00e1ban tal\u00e1l tov\u00e1bbi inform\u00e1ci\u00f3kat). Felh\u00edvjuk figyelm\u00e9t, hogy a s\u00fctik letilt\u00e1sa befoly\u00e1solja ennek \u00e9s sok m\u00e1s, \u00d6n \u00e1ltal l\u00e1togatott webhelynek a m\u0171k\u00f6d\u00e9s\u00e9t. A s\u00fctik letilt\u00e1sa \u00e1ltal\u00e1ban a webhely bizonyos funkci\u00f3inak \u00e9s szolg\u00e1ltat\u00e1sainak letilt\u00e1s\u00e1t is eredm\u00e9nyezi. Ez\u00e9rt aj\u00e1nlott, hogy ne tiltsa le a s\u00fctiket.<\/p>\n\n\n\n<h3 class=\"wp-block-heading\">Az \u00e1ltalunk be\u00e1ll\u00edtott s\u00fctik<\/h3>\n\n\n\n<ul>\n<li>Fi\u00f3khoz kapcsol\u00f3d\u00f3 s\u00fctik<br>Ha fi\u00f3kot hoz l\u00e9tre n\u00e1lunk, akkor s\u00fctiket haszn\u00e1lunk a regisztr\u00e1ci\u00f3s folyamat \u00e9s az \u00e1ltal\u00e1nos adminisztr\u00e1ci\u00f3 kezel\u00e9s\u00e9hez. Ezek a s\u00fctik \u00e1ltal\u00e1ban t\u00f6rl\u0151dnek a kijelentkez\u00e9skor, azonban bizonyos esetekben ut\u00e1na is megmaradhatnak, hogy eml\u00e9kezzenek a webhely be\u00e1ll\u00edt\u00e1saira kijelentkez\u00e9skor.<\/li>\n\n\n\n<li>Bejelentkez\u00e9ssel kapcsolatos s\u00fctik<br>S\u00fctiket haszn\u00e1lunk, amikor bejelentkezett, hogy eml\u00e9kezni tudjunk erre a t\u00e9nyre. Ez megakad\u00e1lyozza, hogy minden egyes alkalommal \u00fajra be kelljen jelentkeznie, amikor \u00faj oldalt l\u00e1togat meg. Ezeket a s\u00fctiket \u00e1ltal\u00e1ban elt\u00e1vol\u00edtjuk vagy t\u00f6rlj\u00fck kijelentkez\u00e9skor, hogy bejelentkez\u00e9skor csak korl\u00e1tozott funkci\u00f3khoz \u00e9s ter\u00fcletekhez f\u00e9rhessen hozz\u00e1.<\/li>\n\n\n\n<li>E-mail h\u00edrlevelekkel kapcsolatos s\u00fctik<br><br>Ez az oldal h\u00edrlev\u00e9l- vagy e-mail-feliratkoz\u00e1si szolg\u00e1ltat\u00e1sokat k\u00edn\u00e1l, \u00e9s s\u00fctiket haszn\u00e1lhatunk annak megjegyz\u00e9s\u00e9re, hogy \u00d6n m\u00e1r regisztr\u00e1lt-e, \u00e9s hogy megjelen\u00edtsen-e bizonyos \u00e9rtes\u00edt\u00e9seket, amelyek csak a feliratkozott\/leiratkozott felhaszn\u00e1l\u00f3k sz\u00e1m\u00e1ra \u00e9rv\u00e9nyesek lehetnek.<\/li>\n\n\n\n<li>Rendel\u00e9sfeldolgoz\u00e1ssal kapcsolatos s\u00fctik<br>Ez az oldal e-kereskedelmi vagy fizet\u00e9si lehet\u0151s\u00e9geket k\u00edn\u00e1l, \u00e9s bizonyos s\u00fctik elengedhetetlenek ahhoz, hogy a rendel\u00e9sed a k\u00fcl\u00f6nb\u00f6z\u0151 oldalak k\u00f6z\u00f6tt is megjegyezve legyen, \u00edgy megfelel\u0151en feldolgozhat\u00f3 legyen.<\/li>\n\n\n\n<li>Felm\u00e9r\u00e9shez kapcsol\u00f3d\u00f3 s\u00fctik<br>Id\u0151r\u0151l id\u0151re felhaszn\u00e1l\u00f3i felm\u00e9r\u00e9seket \u00e9s k\u00e9rd\u0151\u00edveket k\u00edn\u00e1lunk, hogy \u00e9rdekes betekint\u00e9st ny\u00fajtsunk, hasznos eszk\u00f6z\u00f6ket ny\u00fajtsunk, vagy pontosabban meg\u00e9rts\u00fck felhaszn\u00e1l\u00f3i b\u00e1zisunkat. Ezek a felm\u00e9r\u00e9sek s\u00fctiket haszn\u00e1lhatnak annak megjegyz\u00e9s\u00e9re, hogy kik vettek m\u00e1r r\u00e9szt egy felm\u00e9r\u00e9sben, vagy hogy pontos eredm\u00e9nyeket jelen\u00edtsenek meg, miut\u00e1n oldalt v\u00e1ltott.<\/li>\n\n\n\n<li>\u0170rlapokkal kapcsolatos s\u00fctik<br>Amikor adatokat k\u00fcld be egy \u0171rlapon, p\u00e9ld\u00e1ul a kapcsolatfelv\u00e9teli oldalakon vagy a hozz\u00e1sz\u00f3l\u00e1si \u0171rlapokon tal\u00e1lhat\u00f3 \u0171rlapokon kereszt\u00fcl, s\u00fctiket \u00e1ll\u00edthatunk be, hogy megjegyezz\u00e9k felhaszn\u00e1l\u00f3i adatait a j\u00f6v\u0151beni levelez\u00e9s c\u00e9lj\u00e1b\u00f3l.<\/li>\n\n\n\n<li>Oldalbe\u00e1ll\u00edt\u00e1sok s\u00fctik<br>Annak \u00e9rdek\u00e9ben, hogy nagyszer\u0171 felhaszn\u00e1l\u00f3i \u00e9lm\u00e9nyt ny\u00fajthassunk \u00d6nnek ezen az oldalon, biztos\u00edtjuk a funkci\u00f3t, amellyel be\u00e1ll\u00edthatja, hogyan m\u0171k\u00f6dik ez az oldal haszn\u00e1lat k\u00f6zben. Annak \u00e9rdek\u00e9ben, hogy eml\u00e9kezz\u00fcnk a be\u00e1ll\u00edt\u00e1saira, s\u00fctiket kell be\u00e1ll\u00edtanunk, hogy ezeket az inform\u00e1ci\u00f3kat minden alkalommal leh\u00edvhassuk, amikor egy olyan oldallal l\u00e9p kapcsolatba, amelyet a be\u00e1ll\u00edt\u00e1sai befoly\u00e1solnak.<\/li>\n<\/ul>\n\n\n\n<h3 class=\"wp-block-heading\">Harmadik f\u00e9lt\u0151l sz\u00e1rmaz\u00f3 s\u00fctik<\/h3>\n\n\n\n<p>Bizonyos k\u00fcl\u00f6nleges esetekben megb\u00edzhat\u00f3 harmadik felek \u00e1ltal biztos\u00edtott s\u00fctiket is haszn\u00e1lunk. A k\u00f6vetkez\u0151 szakasz r\u00e9szletezi, hogy mely harmadik f\u00e9lt\u0151l sz\u00e1rmaz\u00f3 s\u00fctikkel tal\u00e1lkozhat ezen a weboldalon kereszt\u00fcl.<\/p>\n\n\n\n<ul>\n<li>Ez az oldal a Google Analytics szolg\u00e1ltat\u00e1st haszn\u00e1lja, amely az egyik legelterjedtebb \u00e9s legmegb\u00edzhat\u00f3bb analitikai megold\u00e1s az interneten, amely seg\u00edt meg\u00e9rteni, hogyan haszn\u00e1lja az oldalt, \u00e9s hogyan jav\u00edthatjuk az \u00d6n felhaszn\u00e1l\u00f3i \u00e9lm\u00e9ny\u00e9t. Ezek a s\u00fctik nyomon k\u00f6vethetik p\u00e9ld\u00e1ul azt, hogy mennyi id\u0151t t\u00f6lt az oldalon \u00e9s mely oldalakat l\u00e1togatja meg, hogy tov\u00e1bbra is lebilincsel\u0151 tartalmat tudjunk l\u00e9trehozni. A Google Analytics s\u00fctikkel kapcsolatos tov\u00e1bbi inform\u00e1ci\u00f3k\u00e9rt l\u00e1sd a hivatalos Google Analytics oldalt.<\/li>\n\n\n\n<li>Harmadik f\u00e9lt\u0151l sz\u00e1rmaz\u00f3 elemz\u00e9seket haszn\u00e1lunk a webhely haszn\u00e1lat\u00e1nak nyomon k\u00f6vet\u00e9s\u00e9re \u00e9s m\u00e9r\u00e9s\u00e9re, hogy tov\u00e1bbra is lebilincsel\u0151 tartalmat tudjunk l\u00e9trehozni. Ezek a s\u00fctik olyan dolgokat k\u00f6vethetnek nyomon, mint p\u00e9ld\u00e1ul, hogy mennyi id\u0151t t\u00f6lt a webhelyen vagy a megl\u00e1togatott oldalakon, ami seg\u00edt meg\u00e9rten\u00fcnk, hogyan fejleszthetj\u00fck a webhelyet az \u00d6n sz\u00e1m\u00e1ra.<\/li>\n\n\n\n<li>Id\u0151r\u0151l id\u0151re \u00faj funkci\u00f3kat tesztel\u00fcnk, \u00e9s apr\u00f3 v\u00e1ltoztat\u00e1sokat hajtunk v\u00e9gre a webhely megjelen\u00edt\u00e9s\u00e9nek m\u00f3dj\u00e1ban. Amikor m\u00e9g \u00faj funkci\u00f3kat tesztel\u00fcnk, ezeket a s\u00fctiket arra haszn\u00e1lhatjuk, hogy biztos\u00edtsuk a webhelyen ny\u00fajtott egys\u00e9ges felhaszn\u00e1l\u00f3i \u00e9lm\u00e9nyt, mik\u00f6zben biztos\u00edtjuk, hogy meg\u00e9rts\u00fck, mely optimaliz\u00e1l\u00e1sokat \u00e9rt\u00e9kelik a felhaszn\u00e1l\u00f3ink a legjobban.<\/li>\n\n\n\n<li>Mivel term\u00e9keket \u00e9rt\u00e9kes\u00edt\u00fcnk, fontos sz\u00e1munkra, hogy statisztik\u00e1kat kapjunk arr\u00f3l, hogy webhely\u00fcnk l\u00e1togat\u00f3i k\u00f6z\u00fcl h\u00e1nyan v\u00e1s\u00e1rolnak t\u00e9nylegesen, \u00e9s mint ilyen, ezek az adatok azok, amelyeket ezek a s\u00fctik nyomon k\u00f6vetnek. Ez az\u00e9rt fontos az \u00d6n sz\u00e1m\u00e1ra, mert azt jelenti, hogy pontos \u00fczleti el\u0151rejelz\u00e9seket tudunk k\u00e9sz\u00edteni, amelyek lehet\u0151v\u00e9 teszik sz\u00e1munkra, hogy figyelemmel k\u00eds\u00e9rj\u00fck hirdet\u00e9si \u00e9s term\u00e9kk\u00f6lts\u00e9geinket a lehet\u0151 legjobb \u00e1r biztos\u00edt\u00e1sa \u00e9rdek\u00e9ben.<\/li>\n\n\n\n<li>Ezen az oldalon k\u00f6z\u00f6ss\u00e9gi m\u00e9dia gombokat \u00e9s\/vagy b\u0151v\u00edtm\u00e9nyeket is haszn\u00e1lunk, amelyek lehet\u0151v\u00e9 teszik, hogy k\u00fcl\u00f6nf\u00e9le m\u00f3dokon csatlakozzon k\u00f6z\u00f6ss\u00e9gi h\u00e1l\u00f3zat\u00e1hoz. Ahhoz, hogy ezek m\u0171k\u00f6djenek, a k\u00f6vetkez\u0151 k\u00f6z\u00f6ss\u00e9gi m\u00e9dia oldalak, bele\u00e9rtve a(z) , s\u00fctiket helyeznek el oldalunkon, amelyek felhaszn\u00e1lhat\u00f3k a profilod jav\u00edt\u00e1s\u00e1ra az oldalukon, vagy hozz\u00e1j\u00e1rulhatnak az \u00e1ltaluk t\u00e1rolt adatokhoz a vonatkoz\u00f3 adatv\u00e9delmi ir\u00e1nyelveikben le\u00edrt k\u00fcl\u00f6nf\u00e9le c\u00e9lokra.<\/li>\n<\/ul>\n\n\n\n<h3 class=\"wp-block-heading\">Hirdet\u00e9s (Google AdSense) \u00e9s az \u00d6n v\u00e1laszt\u00e1si lehet\u0151s\u00e9gei<\/h3>\n\n\n\n<p>Ez az oldal a Google AdSense szolg\u00e1ltat\u00e1st haszn\u00e1lja hirdet\u00e9sek megjelen\u00edt\u00e9s\u00e9hez. A Google \u00e9s partnerei s\u00fctiket vagy m\u00e1s technol\u00f3gi\u00e1kat haszn\u00e1lhatnak a hirdet\u00e9sek megjelen\u00edt\u00e9s\u00e9re, m\u00e9r\u00e9s\u00e9re \u00e9s szem\u00e9lyre szab\u00e1s\u00e1ra az \u00d6n ezen \u00e9s m\u00e1s webhelyeken tett l\u00e1togat\u00e1sai alapj\u00e1n.<\/p>\n\n\n\n<p>Ha szeretn\u00e9 megtudni, hogyan haszn\u00e1lja fel a Google a szolg\u00e1ltat\u00e1sait haszn\u00e1l\u00f3 webhelyekr\u0151l \u00e9s alkalmaz\u00e1sokb\u00f3l sz\u00e1rmaz\u00f3 adatokat, l\u00e1togasson el a k\u00f6vetkez\u0151 oldalra:<br><a href=\"https:\/\/policies.google.com\/technologies\/partner-sites\">https:\/\/policies.google.com\/technologies\/partner-sites<\/a><\/p>\n\n\n\n<p><strong>Szem\u00e9lyre szabott hirdet\u00e9sek letilt\u00e1sa:<\/strong><br>A Google szem\u00e9lyre szabott hirdet\u00e9seir\u0151l leiratkozhat, ha felkeresi a k\u00f6vetkez\u0151t: <strong><a href=\"https:\/\/adssettings.google.com\/\">Hirdet\u00e9si be\u00e1ll\u00edt\u00e1sok (Saj\u00e1t Hirdet\u00e9sk\u00f6zpont)<\/a><\/strong>.<br>Alternat\u00edv megold\u00e1sk\u00e9nt leiratkozhat sz\u00e1mos m\u00e1s hirdet\u00e9sszolg\u00e1ltat\u00f3 \u00e9rdekl\u0151d\u00e9sen alapul\u00f3 hirdet\u00e9seir\u0151l a k\u00f6vetkez\u0151 weboldal felkeres\u00e9s\u00e9vel: <strong><a href=\"https:\/\/www.aboutads.info\/choices\/\">AboutAds.info\/choices<\/a><\/strong>.<\/p>\n\n\n\n<p>Megjegyz\u00e9s: M\u00e9g ha le is iratkozik, tov\u00e1bbra is l\u00e1tni fog hirdet\u00e9seket, de ezek kev\u00e9sb\u00e9 relev\u00e1nsak lehetnek az \u00e9rdekl\u0151d\u00e9si k\u00f6re szempontj\u00e1b\u00f3l.<\/p>\n\n\n\n<h2 class=\"wp-block-heading\"><\/h2>\n\n\n\n<h2 class=\"wp-block-heading\">Tov\u00e1bbi inform\u00e1ci\u00f3k<\/h2>\n\n\n\n<p>Rem\u00e9lhet\u0151leg ez tiszt\u00e1zta a dolgokat, \u00e9s ahogy kor\u00e1bban eml\u00edtett\u00fck, ha van valami, amiben nem biztos, hogy sz\u00fcks\u00e9ge van r\u00e1 vagy sem, \u00e1ltal\u00e1ban biztons\u00e1gosabb enged\u00e9lyezve hagyni a s\u00fctiket, arra az esetre, ha azok k\u00f6lcs\u00f6nhat\u00e1sba l\u00e9pn\u00e9nek a weboldalunkon haszn\u00e1lt funkci\u00f3k valamelyik\u00e9vel.<\/p>\n\n\n\n<p>Ez a szab\u00e1lyzat ett\u0151l a napt\u00f3l \u00e9rv\u00e9nyes&nbsp;<strong>Augusztus<\/strong>&nbsp;<strong>2025<\/strong>.<\/p>","protected":false},"excerpt":{"rendered":"<p>Your privacy is important to us. It is&nbsp;flobquest&#8217;s&nbsp;policy to respect your privacy regarding any information we may collect from you across our website,&nbsp;flobquest, and other sites we own and operate. We only ask for personal information when we truly need it to provide a service to you. We collect it by fair and lawful means, [&hellip;]<\/p>","protected":false},"author":76,"featured_media":0,"parent":0,"menu_order":0,"comment_status":"closed","ping_status":"closed","template":"","meta":{"footnotes":""},"_links":{"self":[{"href":"https:\/\/flobquest.com\/hu\/wp-json\/wp\/v2\/pages\/95"}],"collection":[{"href":"https:\/\/flobquest.com\/hu\/wp-json\/wp\/v2\/pages"}],"about":[{"href":"https:\/\/flobquest.com\/hu\/wp-json\/wp\/v2\/types\/page"}],"author":[{"embeddable":true,"href":"https:\/\/flobquest.com\/hu\/wp-json\/wp\/v2\/users\/76"}],"replies":[{"embeddable":true,"href":"https:\/\/flobquest.com\/hu\/wp-json\/wp\/v2\/comments?post=95"}],"version-history":[{"count":2,"href":"https:\/\/flobquest.com\/hu\/wp-json\/wp\/v2\/pages\/95\/revisions"}],"predecessor-version":[{"id":451,"href":"https:\/\/flobquest.com\/hu\/wp-json\/wp\/v2\/pages\/95\/revisions\/451"}],"wp:attachment":[{"href":"https:\/\/flobquest.com\/hu\/wp-json\/wp\/v2\/media?parent=95"}],"curies":[{"name":"wp","href":"https:\/\/api.w.org\/{rel}","templated":true}]}}