    {"id":91,"date":"2025-08-18T19:54:06","date_gmt":"2025-08-18T19:54:06","guid":{"rendered":"https:\/\/flobquest.com\/?page_id=91"},"modified":"2025-11-24T20:44:10","modified_gmt":"2025-11-24T20:44:10","slug":"about-us","status":"publish","type":"page","link":"https:\/\/flobquest.com\/it\/about-us\/","title":{"rendered":"Chi siamo"},"content":{"rendered":"<h1 class=\"wp-block-heading\"><\/h1>\n\n\n\n<p><strong>Benvenuti a FlobQuest<\/strong> \u2013 il tuo punto di riferimento di fiducia per spunti innovativi su strategie aziendali, innovazione tecnologica e tendenze di marketing. Che tu sia un imprenditore, un professionista, un fondatore di startup o semplicemente curioso del futuro del business, FlobQuest \u00e8 qui per guidarti con chiarezza e visione.<\/p>\n\n\n\n<h2 class=\"wp-block-heading\"><strong>Ci\u00f2 che ci spinge<\/strong><\/h2>\n\n\n\n<p>Noi di FlobQuest crediamo che la conoscenza sia il fondamento della crescita e della trasformazione. La nostra missione \u00e8 semplice: fornire a individui, leader e aziende contenuti accessibili, affidabili e lungimiranti. Attraverso articoli approfonditi, strategie attuabili, approfondimenti orientati alle performance e analisi delle tendenze, miriamo a rendere il complesso mondo dell&#039;innovazione aziendale e della trasformazione digitale pi\u00f9 facile da comprendere e applicare.<\/p>\n\n\n\n<p>Ci impegniamo ad aiutarti a rimanere al passo con i tempi, che si tratti di orientarsi tra le tendenze di marketing emergenti, rafforzare le capacit\u00e0 di leadership, migliorare le performance operative o esplorare il mondo in rapida evoluzione delle startup e delle nuove imprese. Il nostro obiettivo \u00e8 fornire contenuti che non solo informino, ma supportino decisioni migliori, strategie pi\u00f9 intelligenti e un impatto a lungo termine.<\/p>\n\n\n\n<h2 class=\"wp-block-heading\"><strong>Chi siamo<\/strong><\/h2>\n\n\n\n<p>FlobQuest non \u00e8 solo un altro blog aziendale: \u00e8 una comunit\u00e0 in crescita di pensatori, innovatori, imprenditori, leader e studenti con una formazione continua. I nostri contenuti sono creati da autori e professionisti che uniscono l&#039;esperienza pratica alla passione per esplorare come strategia, tecnologia, ottimizzazione delle prestazioni, marketing e cultura delle startup possano plasmare le opportunit\u00e0 di domani.<\/p>\n\n\n\n<p>Dalla crescita strategica e dallo sviluppo della leadership alle idee innovative, dai nuovi modelli di business all&#039;evoluzione dell&#039;ecosistema delle startup, trattiamo gli argomenti essenziali che contano oggi e le tendenze che definiranno il successo di domani. Crediamo nell&#039;unione di una guida pratica con un pensiero audace per aiutare i nostri lettori a costruire aziende pi\u00f9 solide e percorsi professionali pi\u00f9 sicuri.<\/p>\n\n\n\n<h2 class=\"wp-block-heading\"><strong>Partecipa<\/strong><\/h2>\n\n\n\n<p>La tua voce conta. Hai un argomento che vorresti che approfondissimo? Vuoi condividere le tue intuizioni, lezioni di performance o il tuo percorso imprenditoriale? Contattaci: siamo sempre aperti alla collaborazione e al dialogo con i lettori che hanno a cuore il futuro del business.<\/p>\n\n\n\n<p>Andiamo avanti insieme verso strategie pi\u00f9 intelligenti, una leadership pi\u00f9 forte, innovazioni rivoluzionarie e un impatto duraturo.<\/p>","protected":false},"excerpt":{"rendered":"<p>Welcome to FlobQuest \u2013 your trusted hub for fresh insights into business strategy, technology innovation, and marketing trends. Whether you\u2019re an entrepreneur, a professional, a startup founder, or simply curious about the future of business, FlobQuest is here to guide you with clarity and vision. What drives us At FlobQuest, we believe that knowledge is [&hellip;]<\/p>","protected":false},"author":76,"featured_media":0,"parent":0,"menu_order":0,"comment_status":"closed","ping_status":"closed","template":"","meta":{"footnotes":""},"_links":{"self":[{"href":"https:\/\/flobquest.com\/it\/wp-json\/wp\/v2\/pages\/91"}],"collection":[{"href":"https:\/\/flobquest.com\/it\/wp-json\/wp\/v2\/pages"}],"about":[{"href":"https:\/\/flobquest.com\/it\/wp-json\/wp\/v2\/types\/page"}],"author":[{"embeddable":true,"href":"https:\/\/flobquest.com\/it\/wp-json\/wp\/v2\/users\/76"}],"replies":[{"embeddable":true,"href":"https:\/\/flobquest.com\/it\/wp-json\/wp\/v2\/comments?post=91"}],"version-history":[{"count":2,"href":"https:\/\/flobquest.com\/it\/wp-json\/wp\/v2\/pages\/91\/revisions"}],"predecessor-version":[{"id":600,"href":"https:\/\/flobquest.com\/it\/wp-json\/wp\/v2\/pages\/91\/revisions\/600"}],"wp:attachment":[{"href":"https:\/\/flobquest.com\/it\/wp-json\/wp\/v2\/media?parent=91"}],"curies":[{"name":"wp","href":"https:\/\/api.w.org\/{rel}","templated":true}]}}