    {"id":95,"date":"2025-08-18T19:56:14","date_gmt":"2025-08-18T19:56:14","guid":{"rendered":"https:\/\/flobquest.com\/?page_id=95"},"modified":"2025-10-21T18:31:11","modified_gmt":"2025-10-21T18:31:11","slug":"privacy-policy","status":"publish","type":"page","link":"https:\/\/flobquest.com\/it\/privacy-policy\/","title":{"rendered":"politica sulla riservatezza"},"content":{"rendered":"<h2 class=\"wp-block-heading\"><\/h2>\n\n\n\n<p>La tua privacy \u00e8 importante per noi. \u00c8&nbsp;<strong>flobquest&#039;s<\/strong>&nbsp;politica per rispettare la tua privacy in merito a qualsiasi informazione che potremmo raccogliere da te attraverso il nostro sito web,&nbsp;<a href=\"https:\/\/flobquest.com\/it\/\">Flobquest<\/a>e altri siti di nostra propriet\u00e0 e gestione.<\/p>\n\n\n\n<p>Richiediamo informazioni personali solo quando ne abbiamo realmente bisogno per fornirti un servizio. Le raccogliamo con mezzi equi e leciti, con la tua conoscenza e il tuo consenso. Ti informiamo inoltre sul motivo per cui le raccogliamo e su come verranno utilizzate.<\/p>\n\n\n\n<p>Conserviamo le informazioni raccolte solo per il tempo necessario a fornirti il servizio richiesto. I dati che conserviamo saranno protetti con mezzi commercialmente accettabili per prevenirne la perdita e il furto, nonch\u00e9 l&#039;accesso, la divulgazione, la copia, l&#039;uso o la modifica non autorizzati.<\/p>\n\n\n\n<p>Non condividiamo alcuna informazione personale n\u00e9 pubblicamente n\u00e9 con terze parti, salvo quando richiesto dalla legge.<\/p>\n\n\n\n<p>Il nostro sito web potrebbe contenere link a siti esterni non gestiti da noi. Si prega di notare che non abbiamo alcun controllo sui contenuti e sulle pratiche di questi siti e non possiamo assumerci alcuna responsabilit\u00e0 per le rispettive informative sulla privacy.<\/p>\n\n\n\n<p>Puoi rifiutare la nostra richiesta di informazioni personali, con la consapevolezza che potremmo non essere in grado di fornirti alcuni dei servizi desiderati.<\/p>\n\n\n\n<p>L&#039;utilizzo continuato del nostro sito web sar\u00e0 considerato come accettazione delle nostre pratiche in materia di privacy e trattamento dei dati personali. Per qualsiasi domanda su come gestiamo i dati degli utenti e le informazioni personali, non esitate a contattarci.<\/p>\n\n\n\n<h2 class=\"wp-block-heading\"><strong>Informativa sui cookie<\/strong>&nbsp;per&nbsp;<strong>Flobquest<\/strong><\/h2>\n\n\n\n<p>Questa \u00e8 la Cookie Policy per&nbsp;<strong>Flobquest<\/strong>, accessibile dall&#039;URL<\/p>\n\n\n\n<h3 class=\"wp-block-heading\">Cosa sono i cookie<\/h3>\n\n\n\n<p>Come prassi comune per quasi tutti i siti web professionali, questo sito utilizza i cookie, piccoli file che vengono scaricati sul tuo computer per migliorare la tua esperienza. Questa pagina descrive quali informazioni raccolgono, come le utilizziamo e perch\u00e9 a volte abbiamo bisogno di memorizzare questi cookie. Ti spiegheremo anche come puoi impedire che questi cookie vengano memorizzati, tuttavia ci\u00f2 potrebbe ridurre o &quot;interrompere&quot; alcune funzionalit\u00e0 del sito.<\/p>\n\n\n\n<h3 class=\"wp-block-heading\">Come utilizziamo i cookie<\/h3>\n\n\n\n<p>Utilizziamo i cookie per una serie di motivi, descritti di seguito. Purtroppo, nella maggior parte dei casi, non esistono opzioni standard di settore per disabilitare i cookie senza disattivare completamente le funzionalit\u00e0 e le caratteristiche che aggiungono a questo sito. Si consiglia di lasciare attivi tutti i cookie se non si \u00e8 sicuri di averne bisogno o meno, nel caso in cui vengano utilizzati per fornire un servizio di cui si usufruisce.<\/p>\n\n\n\n<h3 class=\"wp-block-heading\">Disabilitazione dei cookie<\/h3>\n\n\n\n<p>\u00c8 possibile impedire l&#039;installazione dei cookie modificando le impostazioni del browser (consultare la Guida del browser per informazioni su come procedere). Si tenga presente che la disattivazione dei cookie influir\u00e0 sulla funzionalit\u00e0 di questo e di molti altri siti web visitati. La disattivazione dei cookie comporta solitamente anche la disattivazione di alcune funzionalit\u00e0 e caratteristiche di questo sito. Pertanto, si consiglia di non disattivare i cookie.<\/p>\n\n\n\n<h3 class=\"wp-block-heading\">I cookie che impostiamo<\/h3>\n\n\n\n<ul>\n<li>Cookie relativi all&#039;account<br>Se crei un account con noi, utilizzeremo i cookie per la gestione del processo di registrazione e per l&#039;amministrazione generale. Questi cookie vengono solitamente eliminati al momento del logout, tuttavia in alcuni casi potrebbero rimanere memorizzati per ricordare le tue preferenze del sito anche dopo il logout.<\/li>\n\n\n\n<li>Cookie relativi all&#039;accesso<br>Utilizziamo i cookie quando effettui l&#039;accesso per ricordarlo. Questo ti evita di dover effettuare l&#039;accesso ogni volta che visiti una nuova pagina. Questi cookie vengono solitamente rimossi o cancellati quando effettui il logout, per garantire che tu possa accedere alle funzionalit\u00e0 e alle aree riservate solo dopo aver effettuato l&#039;accesso.<\/li>\n\n\n\n<li>Cookie relativi alle newsletter via e-mail<br><br>Questo sito offre servizi di newsletter o di abbonamento via e-mail e i cookie potrebbero essere utilizzati per ricordare se sei gi\u00e0 registrato e se mostrare determinate notifiche che potrebbero essere valide solo per gli utenti iscritti\/non iscritti.<\/li>\n\n\n\n<li>Cookie relativi all&#039;elaborazione degli ordini<br>Questo sito offre servizi di e-commerce o di pagamento e alcuni cookie sono essenziali per garantire che il tuo ordine venga ricordato tra le pagine, in modo da poterlo elaborare correttamente.<\/li>\n\n\n\n<li>Cookie relativi ai sondaggi<br>Di tanto in tanto proponiamo sondaggi e questionari per fornirti spunti interessanti, strumenti utili o per comprendere meglio la nostra base utenti. Questi sondaggi potrebbero utilizzare cookie per ricordare chi ha gi\u00e0 partecipato a un sondaggio o per fornirti risultati accurati dopo aver cambiato pagina.<\/li>\n\n\n\n<li>Cookie relativi ai moduli<br>Quando invii dati tramite un modulo come quelli presenti nelle pagine dei contatti o nei moduli di commento, i cookie potrebbero essere impostati per ricordare i tuoi dati utente per la corrispondenza futura.<\/li>\n\n\n\n<li>Cookie delle preferenze del sito<br>Per offrirti un&#039;esperienza ottimale su questo sito, ti offriamo la possibilit\u00e0 di impostare le tue preferenze di utilizzo del sito quando lo utilizzi. Per ricordare le tue preferenze, dobbiamo impostare i cookie in modo che queste informazioni possano essere richiamate ogni volta che interagisci con una pagina che \u00e8 influenzata dalle tue preferenze.<\/li>\n<\/ul>\n\n\n\n<h3 class=\"wp-block-heading\">Cookie di terze parti<\/h3>\n\n\n\n<p>In alcuni casi particolari utilizziamo anche cookie forniti da terze parti fidate. La sezione seguente descrive in dettaglio quali cookie di terze parti potresti incontrare su questo sito.<\/p>\n\n\n\n<ul>\n<li>Questo sito utilizza Google Analytics, una delle soluzioni di analisi pi\u00f9 diffuse e affidabili sul web, che ci aiuta a capire come utilizzi il sito e come possiamo migliorare la tua esperienza. Questi cookie possono tracciare dati come il tempo che trascorri sul sito e le pagine che visiti, cos\u00ec da poter continuare a produrre contenuti accattivanti. Per ulteriori informazioni sui cookie di Google Analytics, consulta la pagina ufficiale di Google Analytics.<\/li>\n\n\n\n<li>Utilizziamo analisi di terze parti per monitorare e misurare l&#039;utilizzo di questo sito, in modo da poter continuare a produrre contenuti accattivanti. Questi cookie possono tracciare dati come il tempo trascorso sul sito o le pagine visitate, aiutandoci a capire come possiamo migliorare il sito per te.<\/li>\n\n\n\n<li>Di tanto in tanto testiamo nuove funzionalit\u00e0 e apportiamo piccole modifiche al modo in cui il sito viene erogato. Quando stiamo ancora testando nuove funzionalit\u00e0, questi cookie potrebbero essere utilizzati per garantire un&#039;esperienza coerente durante la navigazione sul sito, assicurandoci al contempo di comprendere quali ottimizzazioni i nostri utenti apprezzano di pi\u00f9.<\/li>\n\n\n\n<li>Poich\u00e9 vendiamo prodotti, \u00e8 importante per noi comprendere le statistiche su quanti visitatori del nostro sito effettuano effettivamente un acquisto e, pertanto, questo \u00e8 il tipo di dati che questi cookie monitoreranno. Questo \u00e8 importante per te, perch\u00e9 ci consente di fare previsioni commerciali accurate che ci consentono di monitorare i costi pubblicitari e dei prodotti per garantire il miglior prezzo possibile.<\/li>\n\n\n\n<li>Su questo sito utilizziamo anche pulsanti e\/o plugin per i social media che ti consentono di connetterti al tuo social network in vari modi. Per il corretto funzionamento di questi, i seguenti siti di social media, tra cui: , imposteranno cookie attraverso il nostro sito che potrebbero essere utilizzati per migliorare il tuo profilo sul loro sito o contribuire ai dati in loro possesso per vari scopi descritti nelle rispettive informative sulla privacy.<\/li>\n<\/ul>\n\n\n\n<h3 class=\"wp-block-heading\">Pubblicit\u00e0 (Google AdSense) e le tue scelte<\/h3>\n\n\n\n<p>Questo sito utilizza Google AdSense per visualizzare annunci pubblicitari. Google e i suoi partner potrebbero utilizzare cookie o altre tecnologie per pubblicare, misurare e personalizzare gli annunci in base alle tue visite a questo e ad altri siti web.<\/p>\n\n\n\n<p>Per scoprire come Google utilizza i dati provenienti da siti e app che utilizzano i suoi servizi, visita:<br><a href=\"https:\/\/policies.google.com\/technologies\/partner-sites\">https:\/\/policies.google.com\/technologies\/partner-sites<\/a><\/p>\n\n\n\n<p><strong>Disattivazione degli annunci personalizzati:<\/strong><br>Puoi disattivare la pubblicit\u00e0 personalizzata di Google visitando il tuo <strong><a href=\"https:\/\/adssettings.google.com\/\">Impostazioni annunci (Il mio centro annunci)<\/a><\/strong>.<br>In alternativa, puoi disattivare la pubblicit\u00e0 basata sugli interessi da molti altri fornitori di annunci visitando <strong><a href=\"https:\/\/www.aboutads.info\/choices\/\">AboutAds.info\/choices<\/a><\/strong>.<\/p>\n\n\n\n<p>Nota: anche se decidi di non partecipare, continuerai a visualizzare gli annunci pubblicitari, ma potrebbero essere meno pertinenti ai tuoi interessi.<\/p>\n\n\n\n<h2 class=\"wp-block-heading\"><\/h2>\n\n\n\n<h2 class=\"wp-block-heading\">Ulteriori informazioni<\/h2>\n\n\n\n<p>Speriamo che questo ti abbia chiarito le cose e, come detto in precedenza, se c&#039;\u00e8 qualcosa di cui non sei sicuro se ti serve o meno, di solito \u00e8 pi\u00f9 sicuro lasciare i cookie abilitati nel caso in cui interagiscano con una delle funzionalit\u00e0 che utilizzi sul nostro sito.<\/p>\n\n\n\n<p>La presente politica \u00e8 efficace a partire dal&nbsp;<strong>agosto<\/strong>&nbsp;<strong>2025<\/strong>.<\/p>","protected":false},"excerpt":{"rendered":"<p>Your privacy is important to us. It is&nbsp;flobquest&#8217;s&nbsp;policy to respect your privacy regarding any information we may collect from you across our website,&nbsp;flobquest, and other sites we own and operate. We only ask for personal information when we truly need it to provide a service to you. We collect it by fair and lawful means, [&hellip;]<\/p>","protected":false},"author":76,"featured_media":0,"parent":0,"menu_order":0,"comment_status":"closed","ping_status":"closed","template":"","meta":{"footnotes":""},"_links":{"self":[{"href":"https:\/\/flobquest.com\/it\/wp-json\/wp\/v2\/pages\/95"}],"collection":[{"href":"https:\/\/flobquest.com\/it\/wp-json\/wp\/v2\/pages"}],"about":[{"href":"https:\/\/flobquest.com\/it\/wp-json\/wp\/v2\/types\/page"}],"author":[{"embeddable":true,"href":"https:\/\/flobquest.com\/it\/wp-json\/wp\/v2\/users\/76"}],"replies":[{"embeddable":true,"href":"https:\/\/flobquest.com\/it\/wp-json\/wp\/v2\/comments?post=95"}],"version-history":[{"count":2,"href":"https:\/\/flobquest.com\/it\/wp-json\/wp\/v2\/pages\/95\/revisions"}],"predecessor-version":[{"id":451,"href":"https:\/\/flobquest.com\/it\/wp-json\/wp\/v2\/pages\/95\/revisions\/451"}],"wp:attachment":[{"href":"https:\/\/flobquest.com\/it\/wp-json\/wp\/v2\/media?parent=95"}],"curies":[{"name":"wp","href":"https:\/\/api.w.org\/{rel}","templated":true}]}}