    {"id":91,"date":"2025-08-18T19:54:06","date_gmt":"2025-08-18T19:54:06","guid":{"rendered":"https:\/\/flobquest.com\/?page_id=91"},"modified":"2025-11-24T20:44:10","modified_gmt":"2025-11-24T20:44:10","slug":"about-us","status":"publish","type":"page","link":"https:\/\/flobquest.com\/pt\/about-us\/","title":{"rendered":"Sobre n\u00f3s"},"content":{"rendered":"<h1 class=\"wp-block-heading\"><\/h1>\n\n\n\n<p><strong>Bem-vindo ao FlobQuest<\/strong> \u2013 Seu centro de informa\u00e7\u00f5es confi\u00e1vel para insights inovadores sobre estrat\u00e9gia de neg\u00f3cios, tecnologia e tend\u00eancias de marketing. Seja voc\u00ea um empreendedor, um profissional, um fundador de startup ou simplesmente algu\u00e9m curioso sobre o futuro dos neg\u00f3cios, a FlobQuest est\u00e1 aqui para gui\u00e1-lo com clareza e vis\u00e3o.<\/p>\n\n\n\n<h2 class=\"wp-block-heading\"><strong>O que nos move<\/strong><\/h2>\n\n\n\n<p>Na FlobQuest, acreditamos que o conhecimento \u00e9 a base do crescimento e da transforma\u00e7\u00e3o. Nossa miss\u00e3o \u00e9 simples: capacitar indiv\u00edduos, l\u00edderes e empresas com conte\u00fado acess\u00edvel, confi\u00e1vel e inovador. Por meio de artigos aprofundados, estrat\u00e9gias pr\u00e1ticas, insights focados em desempenho e an\u00e1lises de tend\u00eancias, buscamos tornar o complexo mundo da inova\u00e7\u00e3o empresarial e da transforma\u00e7\u00e3o digital mais f\u00e1cil de entender e aplicar.<\/p>\n\n\n\n<p>Estamos comprometidos em ajudar voc\u00ea a se manter \u00e0 frente \u2014 seja navegando pelas tend\u00eancias emergentes de marketing, fortalecendo habilidades de lideran\u00e7a, aprimorando o desempenho operacional ou explorando o din\u00e2mico mundo das startups e novos empreendimentos. Nosso objetivo \u00e9 fornecer conte\u00fado que n\u00e3o apenas informe, mas tamb\u00e9m apoie melhores decis\u00f5es, estrat\u00e9gias mais inteligentes e impacto a longo prazo.<\/p>\n\n\n\n<h2 class=\"wp-block-heading\"><strong>Quem somos<\/strong><\/h2>\n\n\n\n<p>FlobQuest n\u00e3o \u00e9 apenas mais um blog de neg\u00f3cios \u2014 \u00e9 uma comunidade crescente de pensadores, inovadores, empreendedores, l\u00edderes e aprendizes ao longo da vida. Nosso conte\u00fado \u00e9 produzido por escritores e profissionais que combinam experi\u00eancia pr\u00e1tica com a paix\u00e3o por explorar como estrat\u00e9gia, tecnologia, otimiza\u00e7\u00e3o de desempenho, marketing e cultura de startups moldam as oportunidades do futuro.<\/p>\n\n\n\n<p>Desde crescimento estrat\u00e9gico e desenvolvimento de lideran\u00e7a at\u00e9 ideias inovadoras, novos modelos de neg\u00f3cios e o ecossistema de startups em constante evolu\u00e7\u00e3o, abordamos os temas essenciais que importam hoje e as tend\u00eancias que definir\u00e3o o sucesso amanh\u00e3. Acreditamos na combina\u00e7\u00e3o de orienta\u00e7\u00e3o pr\u00e1tica com pensamento arrojado para ajudar nossos leitores a construir neg\u00f3cios mais s\u00f3lidos e trajet\u00f3rias profissionais mais confiantes.<\/p>\n\n\n\n<h2 class=\"wp-block-heading\"><strong>Envolva-se<\/strong><\/h2>\n\n\n\n<p>Sua opini\u00e3o importa. Tem algum tema que gostaria que explor\u00e1ssemos? Quer compartilhar suas ideias, li\u00e7\u00f5es de desempenho ou sua trajet\u00f3ria empresarial? Entre em contato \u2014 estamos sempre abertos a colabora\u00e7\u00f5es e conversas com leitores que se importam em moldar o futuro dos neg\u00f3cios.<\/p>\n\n\n\n<p>Vamos avan\u00e7ar juntos rumo a estrat\u00e9gias mais inteligentes, lideran\u00e7a mais forte, inova\u00e7\u00e3o revolucion\u00e1ria e impacto duradouro.<\/p>","protected":false},"excerpt":{"rendered":"<p>Welcome to FlobQuest \u2013 your trusted hub for fresh insights into business strategy, technology innovation, and marketing trends. Whether you\u2019re an entrepreneur, a professional, a startup founder, or simply curious about the future of business, FlobQuest is here to guide you with clarity and vision. What drives us At FlobQuest, we believe that knowledge is [&hellip;]<\/p>","protected":false},"author":76,"featured_media":0,"parent":0,"menu_order":0,"comment_status":"closed","ping_status":"closed","template":"","meta":{"footnotes":""},"_links":{"self":[{"href":"https:\/\/flobquest.com\/pt\/wp-json\/wp\/v2\/pages\/91"}],"collection":[{"href":"https:\/\/flobquest.com\/pt\/wp-json\/wp\/v2\/pages"}],"about":[{"href":"https:\/\/flobquest.com\/pt\/wp-json\/wp\/v2\/types\/page"}],"author":[{"embeddable":true,"href":"https:\/\/flobquest.com\/pt\/wp-json\/wp\/v2\/users\/76"}],"replies":[{"embeddable":true,"href":"https:\/\/flobquest.com\/pt\/wp-json\/wp\/v2\/comments?post=91"}],"version-history":[{"count":2,"href":"https:\/\/flobquest.com\/pt\/wp-json\/wp\/v2\/pages\/91\/revisions"}],"predecessor-version":[{"id":600,"href":"https:\/\/flobquest.com\/pt\/wp-json\/wp\/v2\/pages\/91\/revisions\/600"}],"wp:attachment":[{"href":"https:\/\/flobquest.com\/pt\/wp-json\/wp\/v2\/media?parent=91"}],"curies":[{"name":"wp","href":"https:\/\/api.w.org\/{rel}","templated":true}]}}