    {"id":93,"date":"2025-08-18T19:54:53","date_gmt":"2025-08-18T19:54:53","guid":{"rendered":"https:\/\/flobquest.com\/?page_id=93"},"modified":"2025-11-24T20:36:21","modified_gmt":"2025-11-24T20:36:21","slug":"contact","status":"publish","type":"page","link":"https:\/\/flobquest.com\/pt\/contact\/","title":{"rendered":"Contato"},"content":{"rendered":"<p>Obrigado pela visita <strong>FlobQuest<\/strong>, seu centro de insights sobre estrat\u00e9gia de neg\u00f3cios, inova\u00e7\u00e3o tecnol\u00f3gica e tend\u00eancias de marketing. Quer voc\u00ea esteja aqui para explorar novas ideias, aprimorar suas estrat\u00e9gias ou se antecipar \u00e0s mudan\u00e7as emergentes nos neg\u00f3cios, ficamos felizes com sua visita e adorar\u00edamos saber sua opini\u00e3o.<\/p>\n\n\n\n<h2 class=\"wp-block-heading\">Consultas Gerais<\/h2>\n\n\n\n<p>Tem alguma d\u00favida sobre o FlobQuest ou simplesmente quer entrar em contato com nossa equipe? Envie-nos uma mensagem para:<br>\ud83d\udce7 <strong>contato@flobquest.com<\/strong><br>Estamos aqui para conectar, esclarecer e apoiar sua jornada rumo a neg\u00f3cios mais inteligentes e inovadores.<\/p>\n\n\n\n<h2 class=\"wp-block-heading\">Conte\u00fado e colabora\u00e7\u00e3o<\/h2>\n\n\n\n<p>Quer sugerir um tema, comentar um artigo ou contribuir com sua expertise em neg\u00f3cios, tecnologia ou marketing? Entre em contato conosco pelo e-mail:<br>\ud83d\udce7 <strong>contato@flobquest.com<\/strong><br>Acolhemos novas perspectivas e adoramos colaborar com profissionais, escritores e inovadores que compartilham nossa vis\u00e3o.<\/p>\n\n\n\n<h2 class=\"wp-block-heading\">Assist\u00eancia T\u00e9cnica<\/h2>\n\n\n\n<p>Caso tenha algum problema ao navegar no FlobQuest ou acessar nosso conte\u00fado, nossa equipe de suporte est\u00e1 pronta para ajudar. Envie um e-mail para:<br>\ud83d\udce7 <strong>contato@flobquest.com<\/strong><br>Faremos o melhor para que tudo corra bem para voc\u00ea.<\/p>\n\n\n\n<h2 class=\"wp-block-heading\">Sempre conectado<\/h2>\n\n\n\n<p>FlobQuest \u00e9 um <strong>plataforma digital em primeiro lugar<\/strong> Criado para empreendedores, profissionais e mentes curiosas do mundo todo. Mesmo sem um escrit\u00f3rio f\u00edsico, estamos sempre online \u2014 ouvindo, aprendendo e crescendo com a nossa comunidade.<\/p>\n\n\n\n<p>Obrigado novamente por fazer parte do <strong>Comunidade FlobQuest<\/strong>. Seu feedback e suas ideias impulsionam tudo o que fazemos.<\/p>\n\n\n\n<p>Atenciosamente,<br><strong>A equipe do FlobQuest<\/strong><\/p>","protected":false},"excerpt":{"rendered":"<p>Obrigado por visitar o FlobQuest, seu centro de insights sobre estrat\u00e9gia de neg\u00f3cios, inova\u00e7\u00e3o tecnol\u00f3gica e tend\u00eancias de marketing. Seja para explorar novas ideias, aprimorar suas estrat\u00e9gias ou se antecipar \u00e0s mudan\u00e7as emergentes nos neg\u00f3cios, ficamos felizes com sua visita e adorar\u00edamos ouvir sua opini\u00e3o. D\u00favidas Gerais Tem alguma d\u00favida sobre o FlobQuest ou simplesmente [\u2026]<\/p>","protected":false},"author":76,"featured_media":0,"parent":0,"menu_order":0,"comment_status":"closed","ping_status":"closed","template":"","meta":{"footnotes":""},"_links":{"self":[{"href":"https:\/\/flobquest.com\/pt\/wp-json\/wp\/v2\/pages\/93"}],"collection":[{"href":"https:\/\/flobquest.com\/pt\/wp-json\/wp\/v2\/pages"}],"about":[{"href":"https:\/\/flobquest.com\/pt\/wp-json\/wp\/v2\/types\/page"}],"author":[{"embeddable":true,"href":"https:\/\/flobquest.com\/pt\/wp-json\/wp\/v2\/users\/76"}],"replies":[{"embeddable":true,"href":"https:\/\/flobquest.com\/pt\/wp-json\/wp\/v2\/comments?post=93"}],"version-history":[{"count":2,"href":"https:\/\/flobquest.com\/pt\/wp-json\/wp\/v2\/pages\/93\/revisions"}],"predecessor-version":[{"id":599,"href":"https:\/\/flobquest.com\/pt\/wp-json\/wp\/v2\/pages\/93\/revisions\/599"}],"wp:attachment":[{"href":"https:\/\/flobquest.com\/pt\/wp-json\/wp\/v2\/media?parent=93"}],"curies":[{"name":"wp","href":"https:\/\/api.w.org\/{rel}","templated":true}]}}