    {"id":91,"date":"2025-08-18T19:54:06","date_gmt":"2025-08-18T19:54:06","guid":{"rendered":"https:\/\/flobquest.com\/?page_id=91"},"modified":"2025-11-24T20:44:10","modified_gmt":"2025-11-24T20:44:10","slug":"about-us","status":"publish","type":"page","link":"https:\/\/flobquest.com\/ro\/about-us\/","title":{"rendered":"Despre noi"},"content":{"rendered":"<h1 class=\"wp-block-heading\"><\/h1>\n\n\n\n<p><strong>Bun venit la FlobQuest<\/strong> \u2013 centrul t\u0103u de \u00eencredere pentru perspective noi despre strategia de afaceri, inova\u021bia tehnologic\u0103 \u0219i tendin\u021bele de marketing. Indiferent dac\u0103 e\u0219ti antreprenor, profesionist, fondator de startup sau pur \u0219i simplu curios despre viitorul afacerilor, FlobQuest este aici pentru a te ghida cu claritate \u0219i viziune.<\/p>\n\n\n\n<h2 class=\"wp-block-heading\"><strong>Ce ne motiveaz\u0103<\/strong><\/h2>\n\n\n\n<p>La FlobQuest, credem c\u0103 informa\u021bia este fundamentul cre\u0219terii \u0219i transform\u0103rii. Misiunea noastr\u0103 este simpl\u0103: s\u0103 oferim indivizi, lideri \u0219i companii con\u021binut accesibil, fiabil \u0219i inovator. Prin articole detaliate, strategii practice, perspective axate pe performan\u021b\u0103 \u0219i analize de tendin\u021be, ne propunem s\u0103 facem lumea complex\u0103 a inova\u021biei \u00een afaceri \u0219i a transform\u0103rii digitale mai u\u0219or de \u00een\u021beles \u0219i aplicat.<\/p>\n\n\n\n<p>Ne angaj\u0103m s\u0103 v\u0103 ajut\u0103m s\u0103 r\u0103m\u00e2ne\u021bi cu un pas \u00eenainte \u2014 fie c\u0103 este vorba de navigarea \u00een tendin\u021bele emergente de marketing, de consolidarea abilit\u0103\u021bilor de leadership, de \u00eembun\u0103t\u0103\u021birea performan\u021bei opera\u021bionale sau de explorarea lumii \u00een continu\u0103 schimbare a startup-urilor \u0219i a noilor afaceri. Scopul nostru este s\u0103 oferim con\u021binut care nu numai c\u0103 informeaz\u0103, ci \u0219i sus\u021bine decizii mai bune, strategii mai inteligente \u0219i impact pe termen lung.<\/p>\n\n\n\n<h2 class=\"wp-block-heading\"><strong>Cine suntem<\/strong><\/h2>\n\n\n\n<p>FlobQuest nu este doar un alt blog de afaceri - este o comunitate \u00een cre\u0219tere de g\u00e2nditori, inovatori, antreprenori, lideri \u0219i persoane care \u00eenva\u021b\u0103 pe tot parcursul vie\u021bii. Con\u021binutul nostru este creat de scriitori \u0219i profesioni\u0219ti care combin\u0103 experien\u021ba din lumea real\u0103 cu pasiunea pentru explorarea modului \u00een care strategia, tehnologia, optimizarea performan\u021bei, marketingul \u0219i cultura startup-urilor modeleaz\u0103 oportunit\u0103\u021bile de m\u00e2ine.<\/p>\n\n\n\n<p>De la cre\u0219tere strategic\u0103 \u0219i dezvoltarea leadershipului la idei inovatoare, noi modele de afaceri \u0219i ecosistemul startup-urilor \u00een continu\u0103 evolu\u021bie, acoperim subiectele esen\u021biale care conteaz\u0103 ast\u0103zi \u0219i tendin\u021bele care vor defini succesul de m\u00e2ine. Credem \u00een \u00eembinarea \u00eendrum\u0103rilor practice cu g\u00e2ndirea \u00eendr\u0103znea\u021b\u0103 pentru a-i ajuta pe cititorii no\u0219tri s\u0103 construiasc\u0103 afaceri mai puternice \u0219i c\u0103i profesionale mai sigure.<\/p>\n\n\n\n<h2 class=\"wp-block-heading\"><strong>Implic\u0103-te<\/strong><\/h2>\n\n\n\n<p>Vocea ta conteaz\u0103. Ai un subiect pe care ai vrea s\u0103-l explor\u0103m? Vrei s\u0103 \u00eemp\u0103rt\u0103\u0219e\u0219ti perspectivele tale, lec\u021biile despre performan\u021b\u0103 sau parcursul t\u0103u \u00een afaceri? Contacteaz\u0103-ne - suntem \u00eentotdeauna deschi\u0219i la colaborare \u0219i conversa\u021bii cu cititorii c\u0103rora le pas\u0103 de modelarea viitorului afacerilor.<\/p>\n\n\n\n<p>Haide\u021bi s\u0103 \u00eenaint\u0103m \u00eempreun\u0103 c\u0103tre strategii mai inteligente, o conducere mai puternic\u0103, inova\u021bii revolu\u021bionare \u0219i un impact de durat\u0103.<\/p>","protected":false},"excerpt":{"rendered":"<p>Welcome to FlobQuest \u2013 your trusted hub for fresh insights into business strategy, technology innovation, and marketing trends. Whether you\u2019re an entrepreneur, a professional, a startup founder, or simply curious about the future of business, FlobQuest is here to guide you with clarity and vision. What drives us At FlobQuest, we believe that knowledge is [&hellip;]<\/p>","protected":false},"author":76,"featured_media":0,"parent":0,"menu_order":0,"comment_status":"closed","ping_status":"closed","template":"","meta":{"footnotes":""},"_links":{"self":[{"href":"https:\/\/flobquest.com\/ro\/wp-json\/wp\/v2\/pages\/91"}],"collection":[{"href":"https:\/\/flobquest.com\/ro\/wp-json\/wp\/v2\/pages"}],"about":[{"href":"https:\/\/flobquest.com\/ro\/wp-json\/wp\/v2\/types\/page"}],"author":[{"embeddable":true,"href":"https:\/\/flobquest.com\/ro\/wp-json\/wp\/v2\/users\/76"}],"replies":[{"embeddable":true,"href":"https:\/\/flobquest.com\/ro\/wp-json\/wp\/v2\/comments?post=91"}],"version-history":[{"count":2,"href":"https:\/\/flobquest.com\/ro\/wp-json\/wp\/v2\/pages\/91\/revisions"}],"predecessor-version":[{"id":600,"href":"https:\/\/flobquest.com\/ro\/wp-json\/wp\/v2\/pages\/91\/revisions\/600"}],"wp:attachment":[{"href":"https:\/\/flobquest.com\/ro\/wp-json\/wp\/v2\/media?parent=91"}],"curies":[{"name":"wp","href":"https:\/\/api.w.org\/{rel}","templated":true}]}}