    {"id":93,"date":"2025-08-18T19:54:53","date_gmt":"2025-08-18T19:54:53","guid":{"rendered":"https:\/\/flobquest.com\/?page_id=93"},"modified":"2025-11-24T20:36:21","modified_gmt":"2025-11-24T20:36:21","slug":"contact","status":"publish","type":"page","link":"https:\/\/flobquest.com\/ro\/contact\/","title":{"rendered":"Contact"},"content":{"rendered":"<p>V\u0103 mul\u021bumim pentru vizit\u0103 <strong>FlobQuest<\/strong>, centrul t\u0103u pentru informa\u021bii despre strategia de afaceri, inova\u021bia tehnologic\u0103 \u0219i tendin\u021bele de marketing. Indiferent dac\u0103 e\u0219ti aici pentru a explora idei noi, a-\u021bi perfec\u021biona strategiile sau a fi cu un pas \u00eenaintea schimb\u0103rilor emergente \u00een afaceri, ne bucur\u0103m c\u0103 ai trecut pe aici \u0219i ne-ar pl\u0103cea s\u0103 auzim de tine.<\/p>\n\n\n\n<h2 class=\"wp-block-heading\">\u00centreb\u0103ri generale<\/h2>\n\n\n\n<p>Ave\u021bi o \u00eentrebare despre FlobQuest sau pur \u0219i simplu dori\u021bi s\u0103 lua\u021bi leg\u0103tura cu echipa noastr\u0103? Trimite\u021bi-ne un mesaj la:<br>\ud83d\udce7 <strong>contact@flobquest.com<\/strong><br>Suntem aici pentru a v\u0103 conecta, a v\u0103 clarifica \u0219i a v\u0103 sprijini \u00een c\u0103l\u0103toria c\u0103tre afaceri mai inteligente \u0219i inova\u021bie.<\/p>\n\n\n\n<h2 class=\"wp-block-heading\">Con\u021binut \u0219i colaborare<\/h2>\n\n\n\n<p>Dori\u021bi s\u0103 sugera\u021bi un subiect, s\u0103 comenta\u021bi un articol sau s\u0103 contribui\u021bi cu expertiza dumneavoastr\u0103 \u00een afaceri, tehnologie sau marketing? Contacta\u021bi-ne la:<br>\ud83d\udce7 <strong>contact@flobquest.com<\/strong><br>Apreciem perspective noi \u0219i ne place s\u0103 colabor\u0103m cu profesioni\u0219ti, scriitori \u0219i inovatori care \u00eemp\u0103rt\u0103\u0219esc viziunea noastr\u0103.<\/p>\n\n\n\n<h2 class=\"wp-block-heading\">Asisten\u021b\u0103 tehnic\u0103<\/h2>\n\n\n\n<p>Dac\u0103 \u00eent\u00e2mpina\u021bi probleme \u00een timp ce naviga\u021bi pe FlobQuest sau accesa\u021bi con\u021binutul nostru, echipa noastr\u0103 de asisten\u021b\u0103 este gata s\u0103 v\u0103 ajute. Trimite\u021bi-ne un e-mail la adresa:<br>\ud83d\udce7 <strong>contact@flobquest.com<\/strong><br>Vom face tot posibilul ca totul s\u0103 mearg\u0103 f\u0103r\u0103 probleme pentru dumneavoastr\u0103.<\/p>\n\n\n\n<h2 class=\"wp-block-heading\">\u00centotdeauna conectat<\/h2>\n\n\n\n<p>FlobQuest este o <strong>platform\u0103 digital-first<\/strong> Construit pentru antreprenori, profesioni\u0219ti \u0219i min\u021bi curioase din \u00eentreaga lume. De\u0219i nu avem un birou fizic, suntem mereu online - ascult\u00e2nd, \u00eenv\u0103\u021b\u00e2nd \u0219i cresc\u00e2nd al\u0103turi de comunitatea noastr\u0103.<\/p>\n\n\n\n<p>V\u0103 mul\u021bumesc \u00eenc\u0103 o dat\u0103 c\u0103 face\u021bi parte din <strong>Comunitatea FlobQuest<\/strong>Feedback-ul \u0219i ideile dumneavoastr\u0103 ne sus\u021bin \u00een tot ceea ce facem.<\/p>\n\n\n\n<p>Salut\u0103ri calde,<br><strong>Echipa FlobQuest<\/strong><\/p>","protected":false},"excerpt":{"rendered":"<p>Thank you for visiting FlobQuest, your hub for insights on business strategy, technology innovation, and marketing trends. Whether you\u2019re here to explore new ideas, sharpen your strategies, or stay ahead of emerging business shifts, we\u2019re glad you stopped by and we\u2019d love to hear from you. General Inquiries Have a question about FlobQuest or simply [&hellip;]<\/p>","protected":false},"author":76,"featured_media":0,"parent":0,"menu_order":0,"comment_status":"closed","ping_status":"closed","template":"","meta":{"footnotes":""},"_links":{"self":[{"href":"https:\/\/flobquest.com\/ro\/wp-json\/wp\/v2\/pages\/93"}],"collection":[{"href":"https:\/\/flobquest.com\/ro\/wp-json\/wp\/v2\/pages"}],"about":[{"href":"https:\/\/flobquest.com\/ro\/wp-json\/wp\/v2\/types\/page"}],"author":[{"embeddable":true,"href":"https:\/\/flobquest.com\/ro\/wp-json\/wp\/v2\/users\/76"}],"replies":[{"embeddable":true,"href":"https:\/\/flobquest.com\/ro\/wp-json\/wp\/v2\/comments?post=93"}],"version-history":[{"count":2,"href":"https:\/\/flobquest.com\/ro\/wp-json\/wp\/v2\/pages\/93\/revisions"}],"predecessor-version":[{"id":599,"href":"https:\/\/flobquest.com\/ro\/wp-json\/wp\/v2\/pages\/93\/revisions\/599"}],"wp:attachment":[{"href":"https:\/\/flobquest.com\/ro\/wp-json\/wp\/v2\/media?parent=93"}],"curies":[{"name":"wp","href":"https:\/\/api.w.org\/{rel}","templated":true}]}}