    {"id":88,"date":"2025-08-18T19:52:58","date_gmt":"2025-08-18T19:52:58","guid":{"rendered":"https:\/\/flobquest.com\/?page_id=88"},"modified":"2025-11-24T20:35:36","modified_gmt":"2025-11-24T20:35:36","slug":"terms-of-use","status":"publish","type":"page","link":"https:\/\/flobquest.com\/tr\/terms-of-use\/","title":{"rendered":"Kullan\u0131m \u015eartlar\u0131"},"content":{"rendered":"<p><strong>Son g\u00fcncelleme: 18 A\u011fustos 2025<\/strong><\/p>\n\n\n\n<p><strong>FlobQuest<\/strong> i\u00e7g\u00f6r\u00fcler, kaynaklar ve e\u011fitim i\u00e7eri\u011fi sa\u011flamaya adanm\u0131\u015f ba\u011f\u0131ms\u0131z bir dijital platformdur. <strong>i\u015f stratejisi, teknoloji inovasyonu ve pazarlama trendleri<\/strong>Bu web sitesine eri\u015ferek veya bu web sitesini kullanarak, a\u015fa\u011f\u0131da a\u00e7\u0131klanan \u015fartlara, ko\u015fullara ve politikalara uymay\u0131 kabul etmi\u015f olursunuz.<\/p>\n\n\n\n<p>Bu Kullan\u0131m Ko\u015fullar\u0131, kullan\u0131c\u0131lar\u0131n FlobQuest web sitesiyle etkile\u015fim kurarken sahip olduklar\u0131 hak ve sorumluluklar\u0131 tan\u0131mlar. Bu sitenin kullan\u0131m\u0131 ayn\u0131 zamanda Gizlilik Politikam\u0131za da tabidir.<\/p>\n\n\n\n<p><strong>L\u00dcTFEN BU \u015eARTLARI D\u0130KKATL\u0130CE OKUYUN. KABUL ETM\u0130YORSANIZ, FLOBQUEST&#039;\u0130 VEYA H\u0130ZMETLER\u0130NDEN H\u0130\u00c7B\u0130R\u0130N\u0130 KULLANMAYIN.<\/strong><\/p>\n\n\n\n<h2 class=\"wp-block-heading\">Madde I \u2013 Kullan\u0131c\u0131 S\u00f6zle\u015fmesi<\/h2>\n\n\n\n<p>1.1 FlobQuest&#039;e eri\u015ferek veya FlobQuest&#039;i kullanarak, bu Kullan\u0131m Ko\u015fullar\u0131n\u0131 ve Gizlilik Politikam\u0131z\u0131 eksiksiz olarak kabul etti\u011finizi onayl\u0131yorsunuz.<br>1.2 En az 18 ya\u015f\u0131nda oldu\u011funuzu veya yarg\u0131 b\u00f6lgenizde bu \u015fartlar\u0131 kabul etme yasal kapasitesine sahip oldu\u011funuzu beyan edersiniz.<br>1.3 Bu kriterleri kar\u015f\u0131lam\u0131yorsan\u0131z veya bu \u015fartlar\u0131n herhangi bir k\u0131sm\u0131n\u0131 kabul etmiyorsan\u0131z, platformumuzu veya hizmetlerimizi kullanamazs\u0131n\u0131z.<\/p>\n\n\n\n<h2 class=\"wp-block-heading\">Madde II \u2013 \u0130leti\u015fim<\/h2>\n\n\n\n<p>2.1 FlobQuest, platformla ilgili soru, geri bildirim ve teknik sorunlar i\u00e7in kanallar sa\u011flar.<br>2.2 Bizimle \u0130leti\u015fim Sayfam\u0131z arac\u0131l\u0131\u011f\u0131yla veya orada listelenen resmi e-posta adresleri arac\u0131l\u0131\u011f\u0131yla ileti\u015fime ge\u00e7ebilirsiniz.<\/p>\n\n\n\n<h2 class=\"wp-block-heading\">Madde III \u2013 Taraflar\u0131n Sorumluluklar\u0131<\/h2>\n\n\n\n<p>3.1 Kullan\u0131c\u0131lar, FlobQuest&#039;teki herhangi bir i\u00e7erikle etkile\u015fime girmeden \u00f6nce bu Kullan\u0131m Ko\u015fullar\u0131 ve Gizlilik Politikas\u0131&#039;n\u0131n t\u00fcm b\u00f6l\u00fcmlerini kabul etmelidir.<br>3.2 Platform, bilgilendirme ama\u00e7l\u0131 olarak harici web sitelerine referanslar veya ba\u011flant\u0131lar i\u00e7erebilir.<br>3.3 Y\u00f6nlendirildikten sonra kullan\u0131c\u0131lar, s\u00f6z konusu \u00fc\u00e7\u00fcnc\u00fc taraf sitelerin h\u00fck\u00fcm ve ko\u015fullar\u0131na ve gizlilik politikalar\u0131na tabidir. FlobQuest, bu sitelerin i\u00e7eriklerinden veya uygulamalar\u0131ndan sorumlu de\u011fildir.<br>3.4 Kullan\u0131c\u0131lar FlobQuest&#039;te gezinirken cihazlar\u0131n\u0131n, hesaplar\u0131n\u0131n ve internet ba\u011flant\u0131s\u0131n\u0131n g\u00fcvenli\u011fini sa\u011flamaktan yaln\u0131zca kendileri sorumludur.<br>3.5 FlobQuest, veri kayb\u0131na veya hizmet kesintisine yol a\u00e7abilecek teknik ar\u0131zalardan, d\u0131\u015f sald\u0131r\u0131lardan veya platformun k\u00f6t\u00fcye kullan\u0131lmas\u0131ndan sorumlu de\u011fildir.<br>3.6 Resmi olmayan kanallar arac\u0131l\u0131\u011f\u0131yla hi\u00e7bir zaman finansal bilgi, \u015fifre veya hassas veri talep etmeyece\u011fiz.<br>3.7 FlobQuest ad\u0131na yap\u0131lan herhangi bir \u015f\u00fcpheli temas veya kimlik av\u0131 giri\u015fimi resmi ileti\u015fim sayfam\u0131z arac\u0131l\u0131\u011f\u0131yla bildirilmelidir.<\/p>\n\n\n\n<h2 class=\"wp-block-heading\">Madde IV \u2013 Yasaklanm\u0131\u015f Davran\u0131\u015flar<\/h2>\n\n\n\n<p>Kullan\u0131c\u0131lar \u015funlar\u0131 yapmamal\u0131d\u0131r:<\/p>\n\n\n\n<ul>\n<li>Yasad\u0131\u015f\u0131 veya hileli faaliyetlerde bulunmak;<\/li>\n\n\n\n<li>Fikri m\u00fclkiyet haklar\u0131n\u0131 ihlal etmek;<\/li>\n\n\n\n<li>Yan\u0131lt\u0131c\u0131, zararl\u0131 veya iftira niteli\u011finde i\u00e7erik yay\u0131nlamak;<\/li>\n\n\n\n<li>Platformu hacklemeye, bozmaya veya zarar vermeye te\u015febb\u00fcs etmek;<\/li>\n\n\n\n<li>Ki\u015fisel verilerin r\u0131za olmaks\u0131z\u0131n toplanmas\u0131;<\/li>\n\n\n\n<li>FlobQuest&#039;i spam, doland\u0131r\u0131c\u0131l\u0131k veya kimli\u011fe b\u00fcr\u00fcnme amac\u0131yla kullanmay\u0131n;<\/li>\n\n\n\n<li>Vir\u00fcs, k\u00f6t\u00fc ama\u00e7l\u0131 kod veya kullan\u0131c\u0131 g\u00fcvenli\u011fini tehlikeye atabilecek herhangi bir \u015feyi y\u00fcklemeyin;<\/li>\n\n\n\n<li>Platformu kullanarak herhangi bir yerel, ulusal veya uluslararas\u0131 yasay\u0131 ihlal etmeyin.<\/li>\n<\/ul>\n\n\n\n<p>Bu kurallar\u0131n ihlali, kullan\u0131c\u0131 eri\u015fiminin \u00f6nceden haber verilmeksizin derhal ask\u0131ya al\u0131nmas\u0131 veya kal\u0131c\u0131 olarak kald\u0131r\u0131lmas\u0131yla sonu\u00e7lanabilir.<\/p>\n\n\n\n<h2 class=\"wp-block-heading\">Madde V \u2013 Sorumlulu\u011fun S\u0131n\u0131rland\u0131r\u0131lmas\u0131 ve Garantiler<\/h2>\n\n\n\n<p>FlobQuest hizmetlerini ve i\u00e7eri\u011fini sa\u011flar <strong>&quot;oldu\u011fu gibi&quot;<\/strong> Ve <strong>&quot;mevcut oldu\u011fu s\u00fcrece&quot;<\/strong> a\u00e7\u0131k veya z\u0131mni hi\u00e7bir garanti verilmemektedir.<br>Kesintisiz eri\u015fim, tam do\u011fruluk veya t\u00fcm i\u00e7eri\u011fin hatas\u0131z veya zaman\u0131nda olaca\u011f\u0131n\u0131 garanti etmiyoruz.<br>Yasan\u0131n izin verdi\u011fi \u00f6l\u00e7\u00fcde, FlobQuest ve ba\u011fl\u0131 kurulu\u015flar\u0131, mali kay\u0131p, i\u015f kesintisi veya ka\u00e7\u0131r\u0131lan f\u0131rsatlar dahil ancak bunlarla s\u0131n\u0131rl\u0131 olmamak \u00fczere, sitenin kullan\u0131m\u0131ndan kaynaklanan do\u011frudan veya dolayl\u0131 zararlardan sorumlu de\u011fildir.<\/p>\n\n\n\n<h2 class=\"wp-block-heading\">Madde VI \u2013 S\u00fcre ve Yasal S\u00fcre<\/h2>\n\n\n\n<p>Bu \u015eartlar s\u00fcresiz olarak ge\u00e7erlili\u011fini korur. FlobQuest kullan\u0131m\u0131ndan kaynaklanan her t\u00fcrl\u00fc yasal talep, bu s\u00fcre i\u00e7inde ba\u015flat\u0131lmal\u0131d\u0131r. <strong>90 (doksan) g\u00fcn<\/strong> anla\u015fmazl\u0131\u011fa neden olan olay\u0131n.<\/p>\n\n\n\n<h2 class=\"wp-block-heading\">Madde VII \u2013 Ge\u00e7erli Hukuk ve Yarg\u0131 Yetkisi<\/h2>\n\n\n\n<p>Bu Kullan\u0131m Ko\u015fullar\u0131 a\u015fa\u011f\u0131dakilere g\u00f6re y\u00f6netilecek ve yorumlanacakt\u0131r: <strong>Estonya Cumhuriyeti yasalar\u0131<\/strong>Bu \u015eartlar veya bu web sitesinin kullan\u0131m\u0131yla ilgili veya bunlardan kaynaklanan herhangi bir anla\u015fmazl\u0131k, ihtilaf veya talep, Estonya yasalar\u0131na uygun olarak \u00e7\u00f6z\u00fclecektir. <strong>Estonya&#039;n\u0131n Tallinn kentinde bulunan mahkemelerin m\u00fcnhas\u0131r yarg\u0131 yetkisi<\/strong>.<br>Bu madde, Estonya&#039;n\u0131n sa\u011flad\u0131\u011f\u0131 gibi yasal \u015feffafl\u0131\u011f\u0131 ve uluslararas\u0131 uyumluluk en iyi uygulamalar\u0131yla uyumu garanti eder. <em>Bor\u00e7lar Hukuku Kanunu<\/em> Ve <em>Uluslararas\u0131 \u00d6zel Hukuk Kanunu<\/em>.<\/p>\n\n\n\n<h2 class=\"wp-block-heading\">Madde VIII \u2013 Fikri M\u00fclkiyet<\/h2>\n\n\n\n<p>8.1 FlobQuest&#039;teki t\u00fcm \u00f6zg\u00fcn i\u00e7erik (makaleler, grafikler ve markalama dahil) telif hakk\u0131 ve fikri m\u00fclkiyet yasalar\u0131yla korunmaktad\u0131r.<br>8.2 \u0130\u00e7eri\u011fin yaz\u0131l\u0131 izin olmaks\u0131z\u0131n \u00e7o\u011falt\u0131lmas\u0131, de\u011fi\u015ftirilmesi veya yeniden da\u011f\u0131t\u0131lmas\u0131 kesinlikle yasakt\u0131r.<br>8.3 FlobQuest, kullan\u0131c\u0131 taraf\u0131ndan g\u00f6nderilen i\u00e7eriklerden veya \u00fc\u00e7\u00fcnc\u00fc taraf katk\u0131lar\u0131ndan sorumlu de\u011fildir. Ancak, yasal standartlar\u0131 veya Kullan\u0131m Ko\u015fullar\u0131m\u0131z\u0131 ihlal eden herhangi bir materyali kald\u0131rma hakk\u0131m\u0131z\u0131 sakl\u0131 tutar\u0131z.<\/p>\n\n\n\n<h2 class=\"wp-block-heading\">Madde IX \u2013 \u015eartlarda De\u011fi\u015fiklikler<\/h2>\n\n\n\n<p>FlobQuest, bu Kullan\u0131m Ko\u015fullar\u0131n\u0131 herhangi bir zamanda, \u00f6nceden haber vermeksizin, tamamen veya k\u0131smen de\u011fi\u015ftirme hakk\u0131n\u0131 sakl\u0131 tutar.<br>Kullan\u0131c\u0131lar\u0131n bu sayfay\u0131 d\u00fczenli olarak incelemeleri \u00f6nerilir. De\u011fi\u015fikliklerden sonra platformun kullan\u0131lmaya devam edilmesi, g\u00fcncellenen \u015fartlar\u0131n kabul edildi\u011fi anlam\u0131na gelir.<\/p>\n\n\n\n<h2 class=\"wp-block-heading\">Madde X \u2013 \u0130leti\u015fim<\/h2>\n\n\n\n<p>Bu Kullan\u0131m Ko\u015fullar\u0131 ile ilgili herhangi bir soru, endi\u015fe veya yorumunuz varsa l\u00fctfen bizimle \u015fu adresten ileti\u015fime ge\u00e7in:<br>\ud83d\udce7 E-posta: contact@flobquest.com<\/p>","protected":false},"excerpt":{"rendered":"<p>Last updated: August 18, 2025 FlobQuest is an independent digital platform dedicated to providing insights, resources, and educational content on business strategy, technology innovation, and marketing trends. By accessing or using this website, you agree to comply with the terms, conditions, and policies described below. These Terms of Use define the rights and responsibilities of [&hellip;]<\/p>","protected":false},"author":76,"featured_media":0,"parent":0,"menu_order":0,"comment_status":"closed","ping_status":"closed","template":"","meta":{"footnotes":""},"_links":{"self":[{"href":"https:\/\/flobquest.com\/tr\/wp-json\/wp\/v2\/pages\/88"}],"collection":[{"href":"https:\/\/flobquest.com\/tr\/wp-json\/wp\/v2\/pages"}],"about":[{"href":"https:\/\/flobquest.com\/tr\/wp-json\/wp\/v2\/types\/page"}],"author":[{"embeddable":true,"href":"https:\/\/flobquest.com\/tr\/wp-json\/wp\/v2\/users\/76"}],"replies":[{"embeddable":true,"href":"https:\/\/flobquest.com\/tr\/wp-json\/wp\/v2\/comments?post=88"}],"version-history":[{"count":3,"href":"https:\/\/flobquest.com\/tr\/wp-json\/wp\/v2\/pages\/88\/revisions"}],"predecessor-version":[{"id":598,"href":"https:\/\/flobquest.com\/tr\/wp-json\/wp\/v2\/pages\/88\/revisions\/598"}],"wp:attachment":[{"href":"https:\/\/flobquest.com\/tr\/wp-json\/wp\/v2\/media?parent=88"}],"curies":[{"name":"wp","href":"https:\/\/api.w.org\/{rel}","templated":true}]}}