    {"id":91,"date":"2025-08-18T19:54:06","date_gmt":"2025-08-18T19:54:06","guid":{"rendered":"https:\/\/flobquest.com\/?page_id=91"},"modified":"2025-11-24T20:44:10","modified_gmt":"2025-11-24T20:44:10","slug":"about-us","status":"publish","type":"page","link":"https:\/\/flobquest.com\/tr\/about-us\/","title":{"rendered":"Hakk\u0131m\u0131zda"},"content":{"rendered":"<h1 class=\"wp-block-heading\"><\/h1>\n\n\n\n<p><strong>FlobQuest&#039;e ho\u015f geldiniz<\/strong> \u2013 i\u015f stratejisi, teknoloji inovasyonu ve pazarlama trendleri hakk\u0131nda yeni fikirler i\u00e7in g\u00fcvenilir merkeziniz. \u0130ster giri\u015fimci, ister profesyonel, ister bir giri\u015fim kurucusu olun, ister sadece i\u015f d\u00fcnyas\u0131n\u0131n gelece\u011fi hakk\u0131nda merakl\u0131 olun, FlobQuest size netlik ve vizyonla rehberlik etmek i\u00e7in burada.<\/p>\n\n\n\n<h2 class=\"wp-block-heading\"><strong>Bizi ne motive ediyor?<\/strong><\/h2>\n\n\n\n<p>FlobQuest olarak, bilginin b\u00fcy\u00fcme ve d\u00f6n\u00fc\u015f\u00fcm\u00fcn temeli oldu\u011funa inan\u0131yoruz. Misyonumuz basit: Bireyleri, liderleri ve i\u015fletmeleri eri\u015filebilir, g\u00fcvenilir ve ileri g\u00f6r\u00fc\u015fl\u00fc i\u00e7eriklerle g\u00fc\u00e7lendirmek. Derinlemesine makaleler, uygulanabilir stratejiler, performans odakl\u0131 i\u00e7g\u00f6r\u00fcler ve trend analizleri arac\u0131l\u0131\u011f\u0131yla, i\u015f inovasyonu ve dijital d\u00f6n\u00fc\u015f\u00fcm\u00fcn karma\u015f\u0131k d\u00fcnyas\u0131n\u0131 daha kolay anla\u015f\u0131l\u0131r ve uygulanabilir hale getirmeyi hedefliyoruz.<\/p>\n\n\n\n<p>\u0130ster yeni ortaya \u00e7\u0131kan pazarlama trendlerinde yolunuzu bulmak, ister liderlik becerilerinizi g\u00fc\u00e7lendirmek, ister operasyonel performans\u0131n\u0131z\u0131 iyile\u015ftirmek veya h\u0131zla geli\u015fen startup ve yeni giri\u015fim d\u00fcnyas\u0131n\u0131 ke\u015ffetmek olsun, bir ad\u0131m \u00f6nde olman\u0131za yard\u0131mc\u0131 olmaya kararl\u0131y\u0131z. Amac\u0131m\u0131z, yaln\u0131zca bilgilendirmekle kalmay\u0131p ayn\u0131 zamanda daha iyi kararlar, daha ak\u0131ll\u0131 stratejiler ve uzun vadeli etkiyi destekleyen i\u00e7erikler sunmakt\u0131r.<\/p>\n\n\n\n<h2 class=\"wp-block-heading\"><strong>Biz kimiz<\/strong><\/h2>\n\n\n\n<p>FlobQuest s\u0131radan bir i\u015f blogu de\u011fil; d\u00fc\u015f\u00fcn\u00fcrler, yenilik\u00e7iler, giri\u015fimciler, liderler ve ya\u015fam boyu \u00f6\u011frenenlerden olu\u015fan b\u00fcy\u00fcyen bir topluluktur. \u0130\u00e7eri\u011fimiz, ger\u00e7ek d\u00fcnya deneyimlerini strateji, teknoloji, performans optimizasyonu, pazarlama ve giri\u015fimcilik k\u00fclt\u00fcr\u00fcn\u00fcn yar\u0131n\u0131n f\u0131rsatlar\u0131n\u0131 nas\u0131l \u015fekillendirdi\u011fini ke\u015ffetme tutkusuyla birle\u015ftiren yazarlar ve profesyoneller taraf\u0131ndan haz\u0131rlanm\u0131\u015ft\u0131r.<\/p>\n\n\n\n<p>Stratejik b\u00fcy\u00fcme ve liderlik geli\u015fiminden \u00e7\u0131\u011f\u0131r a\u00e7an fikirlere, yeni i\u015f modellerine ve geli\u015fen giri\u015fimcilik ekosistemine kadar, bug\u00fcn\u00fcn \u00f6nemli konular\u0131n\u0131 ve yar\u0131n\u0131n ba\u015far\u0131s\u0131n\u0131 belirleyecek trendleri ele al\u0131yoruz. Okuyucular\u0131m\u0131z\u0131n daha g\u00fc\u00e7l\u00fc i\u015fletmeler ve daha g\u00fcvenli profesyonel yollar in\u015fa etmelerine yard\u0131mc\u0131 olmak i\u00e7in pratik rehberli\u011fi cesur d\u00fc\u015f\u00fcncelerle harmanlamaya inan\u0131yoruz.<\/p>\n\n\n\n<h2 class=\"wp-block-heading\"><strong>Kat\u0131l\u0131n<\/strong><\/h2>\n\n\n\n<p>Sesiniz \u00f6nemli. \u0130ncelememizi istedi\u011finiz bir konu mu var? G\u00f6r\u00fc\u015flerinizi, performans derslerinizi veya i\u015f deneyiminizi payla\u015fmak ister misiniz? Bize ula\u015f\u0131n; i\u015f d\u00fcnyas\u0131n\u0131n gelece\u011fini \u015fekillendirmeyi \u00f6nemseyen okuyucular\u0131m\u0131zla i\u015f birli\u011fi ve sohbetlere her zaman a\u00e7\u0131\u011f\u0131z.<\/p>\n\n\n\n<p>Daha ak\u0131ll\u0131 stratejilere, daha g\u00fc\u00e7l\u00fc liderli\u011fe, \u00e7\u0131\u011f\u0131r a\u00e7an yeniliklere ve kal\u0131c\u0131 etkiye do\u011fru birlikte ilerleyelim.<\/p>","protected":false},"excerpt":{"rendered":"<p>FlobQuest&#039;e ho\u015f geldiniz \u2013 i\u015f stratejisi, teknoloji inovasyonu ve pazarlama trendlerine dair yeni bilgiler i\u00e7in g\u00fcvenilir merkeziniz. \u0130ster giri\u015fimci, ister profesyonel, ister startup kurucusu olun, isterse de i\u015f d\u00fcnyas\u0131n\u0131n gelece\u011fi hakk\u0131nda merakl\u0131 olun, FlobQuest size netlik ve vizyonla rehberlik etmek i\u00e7in burada. Bizi harekete ge\u00e7iren \u015fey: FlobQuest&#039;te, bilginin [\u2026]<\/p>","protected":false},"author":76,"featured_media":0,"parent":0,"menu_order":0,"comment_status":"closed","ping_status":"closed","template":"","meta":{"footnotes":""},"_links":{"self":[{"href":"https:\/\/flobquest.com\/tr\/wp-json\/wp\/v2\/pages\/91"}],"collection":[{"href":"https:\/\/flobquest.com\/tr\/wp-json\/wp\/v2\/pages"}],"about":[{"href":"https:\/\/flobquest.com\/tr\/wp-json\/wp\/v2\/types\/page"}],"author":[{"embeddable":true,"href":"https:\/\/flobquest.com\/tr\/wp-json\/wp\/v2\/users\/76"}],"replies":[{"embeddable":true,"href":"https:\/\/flobquest.com\/tr\/wp-json\/wp\/v2\/comments?post=91"}],"version-history":[{"count":2,"href":"https:\/\/flobquest.com\/tr\/wp-json\/wp\/v2\/pages\/91\/revisions"}],"predecessor-version":[{"id":600,"href":"https:\/\/flobquest.com\/tr\/wp-json\/wp\/v2\/pages\/91\/revisions\/600"}],"wp:attachment":[{"href":"https:\/\/flobquest.com\/tr\/wp-json\/wp\/v2\/media?parent=91"}],"curies":[{"name":"wp","href":"https:\/\/api.w.org\/{rel}","templated":true}]}}