    {"id":93,"date":"2025-08-18T19:54:53","date_gmt":"2025-08-18T19:54:53","guid":{"rendered":"https:\/\/flobquest.com\/?page_id=93"},"modified":"2025-11-24T20:36:21","modified_gmt":"2025-11-24T20:36:21","slug":"contact","status":"publish","type":"page","link":"https:\/\/flobquest.com\/tr\/contact\/","title":{"rendered":"Temas etmek"},"content":{"rendered":"<p>Ziyaretiniz i\u00e7in te\u015fekk\u00fcr ederiz <strong>FlobQuest<\/strong>\u0130\u015f stratejisi, teknoloji inovasyonu ve pazarlama trendleri hakk\u0131nda fikir edinebilece\u011finiz bir merkez. \u0130ster yeni fikirler ke\u015ffetmek, ister stratejilerinizi geli\u015ftirmek, ister ortaya \u00e7\u0131kan i\u015f de\u011fi\u015fimlerinin bir ad\u0131m \u00f6n\u00fcnde olmak i\u00e7in burada olun, u\u011frad\u0131\u011f\u0131n\u0131z i\u00e7in mutluyuz ve sizden haber almak isteriz.<\/p>\n\n\n\n<h2 class=\"wp-block-heading\">Genel Sorular<\/h2>\n\n\n\n<p>FlobQuest hakk\u0131nda bir sorunuz mu var veya ekibimizle ileti\u015fime ge\u00e7mek mi istiyorsunuz? Bize \u015fu adresten mesaj b\u0131rak\u0131n:<br>\ud83d\udce7 <strong>ileti\u015fim@flobquest.com<\/strong><br>Daha ak\u0131ll\u0131 i\u015f ve inovasyon yolculu\u011funuzda sizi ba\u011flamak, ayd\u0131nlatmak ve desteklemek i\u00e7in buraday\u0131z.<\/p>\n\n\n\n<h2 class=\"wp-block-heading\">\u0130\u00e7erik ve \u0130\u015fbirli\u011fi<\/h2>\n\n\n\n<p>Bir konu \u00f6nermek, bir makaleye yorum yapmak veya i\u015f, teknoloji ya da pazarlama alan\u0131ndaki uzmanl\u0131\u011f\u0131n\u0131z\u0131 payla\u015fmak m\u0131 istiyorsunuz? Bize \u015fu adresten ula\u015f\u0131n:<br>\ud83d\udce7 <strong>ileti\u015fim@flobquest.com<\/strong><br>Yeni bak\u0131\u015f a\u00e7\u0131lar\u0131na a\u00e7\u0131\u011f\u0131z ve vizyonumuzu payla\u015fan profesyoneller, yazarlar ve yenilik\u00e7ilerle i\u015f birli\u011fi yapmaktan ho\u015flan\u0131yoruz.<\/p>\n\n\n\n<h2 class=\"wp-block-heading\">Teknik Yard\u0131m<\/h2>\n\n\n\n<p>FlobQuest&#039;te gezinirken veya i\u00e7eriklerimize eri\u015firken herhangi bir sorunla kar\u015f\u0131la\u015f\u0131rsan\u0131z, destek ekibimiz size yard\u0131mc\u0131 olmaya haz\u0131r. Bize \u015fu adresten e-posta g\u00f6nderin:<br>\ud83d\udce7 <strong>ileti\u015fim@flobquest.com<\/strong><br>Her \u015feyin sizin i\u00e7in sorunsuz bir \u015fekilde y\u00fcr\u00fcmesi i\u00e7in elimizden geleni yapaca\u011f\u0131z.<\/p>\n\n\n\n<h2 class=\"wp-block-heading\">Her Zaman Ba\u011flant\u0131l\u0131<\/h2>\n\n\n\n<p>FlobQuest bir <strong>dijital \u00f6ncelikli platform<\/strong> D\u00fcnya \u00e7ap\u0131ndaki giri\u015fimciler, profesyoneller ve merakl\u0131 zihinler i\u00e7in tasarland\u0131. Fiziksel bir ofisimiz olmasa da, her zaman \u00e7evrimi\u00e7iyiz; toplulu\u011fumuzu dinliyor, \u00f6\u011freniyor ve b\u00fcy\u00fcyoruz.<\/p>\n\n\n\n<p>Bir kez daha kat\u0131l\u0131m\u0131n\u0131z i\u00e7in te\u015fekk\u00fcr ederiz. <strong>FlobQuest toplulu\u011fu<\/strong>Geri bildirimleriniz ve fikirleriniz yapt\u0131\u011f\u0131m\u0131z her \u015feyin temelini olu\u015fturuyor.<\/p>\n\n\n\n<p>Sevgilerimle,<br><strong>FlobQuest Ekibi<\/strong><\/p>","protected":false},"excerpt":{"rendered":"<p>Thank you for visiting FlobQuest, your hub for insights on business strategy, technology innovation, and marketing trends. Whether you\u2019re here to explore new ideas, sharpen your strategies, or stay ahead of emerging business shifts, we\u2019re glad you stopped by and we\u2019d love to hear from you. General Inquiries Have a question about FlobQuest or simply [&hellip;]<\/p>","protected":false},"author":76,"featured_media":0,"parent":0,"menu_order":0,"comment_status":"closed","ping_status":"closed","template":"","meta":{"footnotes":""},"_links":{"self":[{"href":"https:\/\/flobquest.com\/tr\/wp-json\/wp\/v2\/pages\/93"}],"collection":[{"href":"https:\/\/flobquest.com\/tr\/wp-json\/wp\/v2\/pages"}],"about":[{"href":"https:\/\/flobquest.com\/tr\/wp-json\/wp\/v2\/types\/page"}],"author":[{"embeddable":true,"href":"https:\/\/flobquest.com\/tr\/wp-json\/wp\/v2\/users\/76"}],"replies":[{"embeddable":true,"href":"https:\/\/flobquest.com\/tr\/wp-json\/wp\/v2\/comments?post=93"}],"version-history":[{"count":2,"href":"https:\/\/flobquest.com\/tr\/wp-json\/wp\/v2\/pages\/93\/revisions"}],"predecessor-version":[{"id":599,"href":"https:\/\/flobquest.com\/tr\/wp-json\/wp\/v2\/pages\/93\/revisions\/599"}],"wp:attachment":[{"href":"https:\/\/flobquest.com\/tr\/wp-json\/wp\/v2\/media?parent=93"}],"curies":[{"name":"wp","href":"https:\/\/api.w.org\/{rel}","templated":true}]}}